{"id":117,"date":"2023-04-24T06:09:23","date_gmt":"2023-04-24T06:09:23","guid":{"rendered":"https:\/\/moasele.ro\/?page_id=117"},"modified":"2025-07-25T15:54:41","modified_gmt":"2025-07-25T13:54:41","slug":"despre","status":"publish","type":"page","link":"http:\/\/moasele.ro\/en\/despre\/","title":{"rendered":"About us"},"content":{"rendered":"<section class=\"bde-section-117-100 bde-section\">\n  \n\t\n\n\n\n<div class=\"section-container\"><div class=\"bde-columns-117-101 bde-columns\"><div class=\"bde-column-117-102 bde-column\">\n  \n\t\n\n\n\n<div class=\"bde-image-117-103 bde-image\">\n  \n\n\n\n\n\n<figure class=\"breakdance-image breakdance-image--20\">\n\t<div class=\"breakdance-image-container\">\n\t\t<div class=\"breakdance-image-clip\">\n\t\t\t\n\t\t\t\t\n\t\t\t\t\t      \n  \n  \n  \n  \n      \n      <img loading=\"lazy\" decoding=\"async\"\n      class=\"breakdance-image-object\"\n      src=\"https:\/\/moasele.ro\/wp-content\/uploads\/2023\/04\/1.webp\"\n      width=\"1024\"\n      height=\"768\"\n      \n      \n                                    srcset=\"https:\/\/moasele.ro\/wp-content\/uploads\/2023\/04\/1.webp 1024w, https:\/\/moasele.ro\/wp-content\/uploads\/2023\/04\/1-300x225.webp 300w, https:\/\/moasele.ro\/wp-content\/uploads\/2023\/04\/1-768x576.webp 768w\"\n                                                                      >\n  \n\n\t\t\t\t\t\n\t\t\t\t\t\t<\/div>\n\t<\/div>\n\n\t<\/figure>\n\n<\/div>\n<\/div><div class=\"bde-column-117-104 bde-column\">\n  \n\t\n\n\n\n<h1 class=\"bde-heading-117-106 bde-heading\">\nAbout us\n<\/h1><div class=\"bde-text-117-107 bde-text\">\nAsocia\u021bia Moa\u0219elor Independente (cunoscut\u0103 drept AMI) este o organiza\u021bie non-profit care, de peste 12 ani, se dedic\u0103 sprijinirii femeilor, mamelor, copiilor \u0219i familiilor din Rom\u00e2nia. Misiunea noastr\u0103 este de a consolida \u0219i promova profesia de moa\u0219\u0103, contribuind activ la \u00eembun\u0103t\u0103\u021birea s\u0103n\u0103t\u0103\u021bii \u0219i bun\u0103st\u0103rii comunit\u0103\u021bii.<br><br>Cu profesionalism, empatie \u0219i perseveren\u021b\u0103, construim o re\u021bea de \u00eencredere \u0219i sprijin pentru fiecare femeie aflat\u0103 \u00eentr-un moment-cheie al vie\u021bii sale.\n<\/div>\n<\/div><\/div><\/div>\n<\/section><section class=\"bde-section-117-115 bde-section\">\n  \n\t\n\n\n\n<div class=\"section-container\"><div class=\"bde-columns-117-116 bde-columns\"><div class=\"bde-column-117-119 bde-column\">\n  \n\t\n\n\n\n<div class=\"bde-text-117-121 bde-text\">\n\u00cen prezent, Asocia\u021bia Moa\u0219elor Independente desf\u0103\u0219oar\u0103 o serie de cursuri practice \u0219i informative de educa\u021bie prenatal\u0103 \u0219i postnatal\u0103, cursuri de prim ajutor \u0219i educa\u021bie pentru s\u0103n\u0103tate, precum \u0219i suport dedicat femeilor: acces la servicii medicale de baz\u0103 \u0219i consiliere specializat\u0103, navigare \u00een sistemul de s\u0103n\u0103tate, traducere pentru persoane refugiate.\n<\/div>\n<\/div><div class=\"bde-column-117-117 bde-column\">\n  \n\t\n\n\n\n<div class=\"bde-image-117-118 bde-image\">\n  \n\n\n\n\n\n<figure class=\"breakdance-image breakdance-image--96\">\n\t<div class=\"breakdance-image-container\">\n\t\t<div class=\"breakdance-image-clip\">\n\t\t\t\n\t\t\t\t\n\t\t\t\t\t      \n  \n  \n  \n  \n      \n      <img loading=\"lazy\" decoding=\"async\"\n      class=\"breakdance-image-object\"\n      src=\"https:\/\/moasele.ro\/wp-content\/uploads\/2023\/04\/4.webp\"\n      width=\"1024\"\n      height=\"768\"\n      \n      \n                                    srcset=\"https:\/\/moasele.ro\/wp-content\/uploads\/2023\/04\/4.webp 1024w, https:\/\/moasele.ro\/wp-content\/uploads\/2023\/04\/4-300x225.webp 300w, https:\/\/moasele.ro\/wp-content\/uploads\/2023\/04\/4-768x576.webp 768w\"\n                                                                      >\n  \n\n\t\t\t\t\t\n\t\t\t\t\t\t<\/div>\n\t<\/div>\n\n\t<\/figure>\n\n<\/div>\n<\/div><\/div><\/div>\n<\/section><section class=\"bde-section-117-124 bde-section\">\n  \n\t\n\n\n\n<div class=\"section-container\"><div class=\"bde-columns-117-125 bde-columns\"><div class=\"bde-column-117-126 bde-column\">\n  \n\t\n\n\n\n<div class=\"bde-image-117-127 bde-image\">\n  \n\n\n\n\n\n<figure class=\"breakdance-image breakdance-image--94\">\n\t<div class=\"breakdance-image-container\">\n\t\t<div class=\"breakdance-image-clip\">\n\t\t\t\n\t\t\t\t\n\t\t\t\t\t      \n  \n  \n  \n  \n      \n      <img loading=\"lazy\" decoding=\"async\"\n      class=\"breakdance-image-object\"\n      src=\"https:\/\/moasele.ro\/wp-content\/uploads\/2023\/04\/2.webp\"\n      width=\"1024\"\n      height=\"768\"\n      \n      \n                                    srcset=\"https:\/\/moasele.ro\/wp-content\/uploads\/2023\/04\/2.webp 1024w, https:\/\/moasele.ro\/wp-content\/uploads\/2023\/04\/2-300x225.webp 300w, https:\/\/moasele.ro\/wp-content\/uploads\/2023\/04\/2-768x576.webp 768w\"\n                                                                      >\n  \n\n\t\t\t\t\t\n\t\t\t\t\t\t<\/div>\n\t<\/div>\n\n\t<\/figure>\n\n<\/div>\n<\/div><div class=\"bde-column-117-128 bde-column\">\n  \n\t\n\n\n\n<div class=\"bde-text-117-131 bde-text\">\nTotodat\u0103, echipa AMI gestioneaz\u0103 proiecte diverse, de la servicii de s\u0103n\u0103tate pentru gravide, mame \u0219i nou-n\u0103scu\u021bi, servicii medicale \u0219i navigare \u00een sistemul medical pentru persoane vulnerabile \u0219i refugiate, doua linii de suport dedicate mamelor si persoanelor refugiate, servicii de consiliere in alaptare (IBCLC), precum \u0219i proiecte de advocacy pentru protejarea drepturilor femeilor la s\u0103n\u0103tate sexual\u0103, reproductiv\u0103 \u0219i prevenirea violen\u021bei sexuale \u0219i de gen pentru adolescen\u021bi \u0219i femei.\n<\/div><div class=\"bde-text-117-130 bde-text\">\nAs part of the international organizations European Midwives Association (EMA) and International Confederation of Midwives (ICM), we have a mission to reform and strengthen the midwifery profession in Romania.\n<\/div><div class=\"bde-rich-text-117-140 bde-rich-text breakdance-rich-text-styles\">\n<p><a target=\"_self\" href=\"http:\/\/moasele.ro\/en\/conducere-ami\/\">Read more about AMI Management.<\/a><\/p>\n<\/div>\n<\/div><\/div><\/div>\n<\/section><section class=\"bde-section-117-133 bde-section\">\n  \n\t\n\n\n\n<div class=\"section-container\"><div class=\"bde-columns-117-134 bde-columns\"><div class=\"bde-column-117-137 bde-column\">\n  \n\t\n\n\n\n<div class=\"bde-text-117-138 bde-text\">\nOur help, everyone\u2019s help, in whatever form, makes a real difference to the lives of vulnerable women and children and wonderful moments of solidarity and compassion. It is important that we continue to join forces because this is how we succeed in improving the lives of many people and giving them a chance for a better future.<br><br>Every gesture and help counts. Donate or redirect your income tax.\n<\/div><div class=\"bde-button-117-139 bde-button\">\n    \n                                    \n    \n    \n    \n    \n            \n                    \n            \n            \n\n    \n    \n    \n    \n    <a class=\"breakdance-link button-atom button-atom--primary bde-button__button\" href=\"http:\/\/moasele.ro\/en\/doneaza\/\" target=\"_self\" data-type=\"url\"  >\n\n    \n        <span class=\"button-atom__text\">Donate<\/span>\n\n        \n        \n                <\/a>\n\n    \n\n\n<\/div><div class=\"bde-button-117-141 bde-button\">\n    \n                                    \n    \n    \n    \n    \n            \n                    \n            \n            \n\n    \n    \n    \n    \n    <a class=\"breakdance-link button-atom button-atom--primary bde-button__button\" href=\"http:\/\/moasele.ro\/en\/rapoarte\/\" target=\"_self\" data-type=\"url\"  >\n\n    \n        <span class=\"button-atom__text\">Vezi Rapoarte<\/span>\n\n        \n        \n                <\/a>\n\n    \n\n\n<\/div>\n<\/div><div class=\"bde-column-117-135 bde-column\">\n  \n\t\n\n\n\n<div class=\"bde-image-117-136 bde-image\">\n  \n\n\n\n\n\n<figure class=\"breakdance-image breakdance-image--95\">\n\t<div class=\"breakdance-image-container\">\n\t\t<div class=\"breakdance-image-clip\">\n\t\t\t\n\t\t\t\t\n\t\t\t\t\t      \n  \n  \n  \n  \n      \n      <img loading=\"lazy\" decoding=\"async\"\n      class=\"breakdance-image-object\"\n      src=\"https:\/\/moasele.ro\/wp-content\/uploads\/2023\/04\/3.webp\"\n      width=\"1024\"\n      height=\"768\"\n      \n      \n                                    srcset=\"https:\/\/moasele.ro\/wp-content\/uploads\/2023\/04\/3.webp 1024w, https:\/\/moasele.ro\/wp-content\/uploads\/2023\/04\/3-300x225.webp 300w, https:\/\/moasele.ro\/wp-content\/uploads\/2023\/04\/3-768x576.webp 768w\"\n                                                                      >\n  \n\n\t\t\t\t\t\n\t\t\t\t\t\t<\/div>\n\t<\/div>\n\n\t<\/figure>\n\n<\/div>\n<\/div><\/div><\/div>\n<\/section>","protected":false},"excerpt":{"rendered":"<p>Despre noi Asocia\u021bia Moa\u0219elor Independente (cunoscut\u0103 drept AMI) este o organiza\u021bie non-profit care, de peste 12 ani, se dedic\u0103 sprijinirii femeilor, mamelor, copiilor \u0219i familiilor din Rom\u00e2nia. Misiunea noastr\u0103 este de a consolida \u0219i promova profesia de moa\u0219\u0103, contribuind activ la \u00eembun\u0103t\u0103\u021birea s\u0103n\u0103t\u0103\u021bii \u0219i bun\u0103st\u0103rii comunit\u0103\u021bii.Cu profesionalism, empatie \u0219i perseveren\u021b\u0103, construim o re\u021bea de \u00eencredere [&hellip;]<\/p>","protected":false},"author":148,"featured_media":0,"parent":0,"menu_order":0,"comment_status":"closed","ping_status":"closed","template":"","meta":{"_breakdance_hide_in_design_set":false,"_breakdance_tags":"","footnotes":""},"class_list":["post-117","page","type-page","status-publish","hentry"],"acf":[],"_links":{"self":[{"href":"http:\/\/moasele.ro\/en\/wp-json\/wp\/v2\/pages\/117","targetHints":{"allow":["GET"]}}],"collection":[{"href":"http:\/\/moasele.ro\/en\/wp-json\/wp\/v2\/pages"}],"about":[{"href":"http:\/\/moasele.ro\/en\/wp-json\/wp\/v2\/types\/page"}],"author":[{"embeddable":true,"href":"http:\/\/moasele.ro\/en\/wp-json\/wp\/v2\/users\/148"}],"replies":[{"embeddable":true,"href":"http:\/\/moasele.ro\/en\/wp-json\/wp\/v2\/comments?post=117"}],"version-history":[{"count":26,"href":"http:\/\/moasele.ro\/en\/wp-json\/wp\/v2\/pages\/117\/revisions"}],"predecessor-version":[{"id":3277,"href":"http:\/\/moasele.ro\/en\/wp-json\/wp\/v2\/pages\/117\/revisions\/3277"}],"wp:attachment":[{"href":"http:\/\/moasele.ro\/en\/wp-json\/wp\/v2\/media?parent=117"}],"curies":[{"name":"wp","href":"https:\/\/api.w.org\/{rel}","templated":true}]}}