{"id":123,"date":"2023-04-24T06:24:00","date_gmt":"2023-04-24T06:24:00","guid":{"rendered":"https:\/\/moasele.ro\/?page_id=123"},"modified":"2025-11-18T17:04:44","modified_gmt":"2025-11-18T15:04:44","slug":"doneaza","status":"publish","type":"page","link":"http:\/\/moasele.ro\/en\/doneaza\/","title":{"rendered":"Doneaza"},"content":{"rendered":"<section class=\"bde-section-123-100 bde-section\">\n  \n\t\n\n\n\n<div class=\"section-container\"><div class=\"bde-columns-123-101 bde-columns\"><div class=\"bde-column-123-102 bde-column\">\n  \n\t\n\n\n\n<h1 class=\"bde-heading-123-104 bde-heading\">\nDonate\n<\/h1><div class=\"bde-text-123-105 bde-text\">\nEvery donation, no matter the size, is truly valuable because it helps us to continue our support to the most vulnerable among us and to reach more people who need our help.\n<\/div><div class=\"bde-rich-text-123-178 bde-rich-text breakdance-rich-text-styles\">\n<p>Donate or redirect <a href=\"https:\/\/redirectioneaza.ro\/asociatia-moaselor-independente\" target=\"_self\">HERE<\/a> 3,5% of income.<\/p>\n<\/div><div class=\"bde-div-123-107 bde-div\">\n  \n\t\n\n\n\n<div class=\"bde-simple-counter-123-109 bde-simple-counter\">\n<div class=\"bde-simple-counter__wrapper\">\n  <h6 class=\"bde-simple-counter__number\">\n    <span class=\"bde-simple-counter__prefix\"><\/span>\n    <span class=\"bde-simple-counter__digit js-digit\"><\/span>\n    <span class=\"bde-simple-counter__suffix\">k<\/span>\n  <\/h6>\n    \t<div class=\"bde-simple-counter__title\" >Cazuri sprijinite <\/div>\n  <\/div>\n\n<\/div>\n<\/div>\n<\/div><div class=\"bde-column-123-111 bde-column\">\n  \n\t\n\n\n\n<div class=\"bde-image-123-120 bde-image\">\n  \n\n\n\n\n\n<figure class=\"breakdance-image breakdance-image--125\">\n\t<div class=\"breakdance-image-container\">\n\t\t<div class=\"breakdance-image-clip\">\n\t\t\t\n\t\t\t\t\n\t\t\t\t\t      \n  \n  \n  \n  \n      \n      <img loading=\"lazy\" decoding=\"async\"\n      class=\"breakdance-image-object\"\n      src=\"https:\/\/moasele.ro\/wp-content\/uploads\/2023\/04\/10.webp\"\n      width=\"1024\"\n      height=\"768\"\n      \n      \n                                    srcset=\"https:\/\/moasele.ro\/wp-content\/uploads\/2023\/04\/10.webp 1024w, https:\/\/moasele.ro\/wp-content\/uploads\/2023\/04\/10-300x225.webp 300w, https:\/\/moasele.ro\/wp-content\/uploads\/2023\/04\/10-768x576.webp 768w\"\n                                                                      >\n  \n\n\t\t\t\t\t\n\t\t\t\t\t\t<\/div>\n\t<\/div>\n\n\t<\/figure>\n\n<\/div>\n<\/div><\/div><div class=\"bde-shortcode-123-152 bde-shortcode\">\n<ul class=\"woocommerce-error wcdp-error-message\" id=\"wcdp-ajax-error\" role=\"alert\"><li>In the current view, the donation form is not available.<\/li><\/ul>\n<\/div><div class=\"bde-code-block-123-153 bde-code-block\">\n\n\n\n<\/div><\/div>\n<\/section><section class=\"bde-section-123-157 bde-section\">\n  \n\t\n\n\n\n<div class=\"section-container\"><div class=\"bde-div-123-164 bde-div\">\n  \n\t\n\n\n\n<div class=\"bde-button-123-165 bde-button\">\n    \n                                    \n    \n    \n    \n    \n            \n                    \n            \n            \n\n    \n    \n    \n    \n    <a class=\"breakdance-link button-atom button-atom--primary bde-button__button\" href=\"https:\/\/redirectioneaza.ro\/asociatia-moaselor-independente\" target=\"_self\" data-type=\"url\"  >\n\n    \n        <span class=\"button-atom__text\">Redirect 3,5% of income<\/span>\n\n        \n        \n                <\/a>\n\n    \n\n\n<\/div>\n<\/div><div class=\"bde-div-123-168 bde-div\">\n  \n\t\n\n\n\n<div class=\"bde-button-123-169 bde-button\">\n    \n                                    \n    \n    \n    \n    \n            \n                    \n            \n            \n\n    \n    \n    \n    \n    <a class=\"breakdance-link button-atom button-atom--primary bde-button__button\" href=\"https:\/\/moasele.ro\/wp-content\/uploads\/2025\/07\/AMI_Contract-de-sponsorizari_15.07.2025_Final.pdf\" target=\"_blank\" data-type=\"url\"  >\n\n    \n        <span class=\"button-atom__text\">Descarca documentul pentru sponsorizare<\/span>\n\n        \n        \n                <\/a>\n\n    \n\n\n<\/div><div class=\"bde-button-123-181 bde-button\">\n    \n                                    \n    \n    \n    \n    \n            \n                    \n            \n            \n\n    \n    \n    \n    \n    <a class=\"breakdance-link button-atom button-atom--primary bde-button__button\" href=\"http:\/\/moasele.ro\/en\/doneaza\/\" target=\"_self\" data-type=\"url\"  >\n\n    \n        <span class=\"button-atom__text\">Doneaz\u0103 \u0219i sus\u021bine o cauz\u0103 nobil\u0103<\/span>\n\n        \n        \n                <\/a>\n\n    \n\n\n<\/div><div class=\"bde-div-123-171 bde-div\">\n  \n\t\n\n\n\n<div class=\"bde-rich-text-123-179 bde-rich-text breakdance-rich-text-styles\">\n\n<\/div><div class=\"bde-rich-text-123-180 bde-rich-text breakdance-rich-text-styles\">\n<p><strong>Donate<\/strong> prin transfer bancar<br \/>RO13BACX0000000865385001<\/p>\n<\/div>\n<\/div>\n<\/div><\/div>\n<\/section>","protected":false},"excerpt":{"rendered":"<p>Doneaz\u0103 Fiecare dona\u021bie, indiferent de m\u0103rimea ei, este cu adev\u0103rat valoroas\u0103 pentru c\u0103 ne ajut\u0103 s\u0103 ne continu\u0103m sprijinul pe care \u00eel oferim celor mai vulnerabili dintre noi \u0219i s\u0103 ajungem la mai multe persoane care au nevoie de ajutorul nostru. Doneaz\u0103 \u0219i tu sau redirec\u021bioneaz\u0103 AICI 3,5% din impozitul pe venit. k Cazuri sprijinite [&hellip;]<\/p>","protected":false},"author":148,"featured_media":0,"parent":0,"menu_order":0,"comment_status":"closed","ping_status":"closed","template":"","meta":{"_breakdance_hide_in_design_set":false,"_breakdance_tags":"","footnotes":""},"class_list":["post-123","page","type-page","status-publish","hentry"],"acf":[],"_links":{"self":[{"href":"http:\/\/moasele.ro\/en\/wp-json\/wp\/v2\/pages\/123","targetHints":{"allow":["GET"]}}],"collection":[{"href":"http:\/\/moasele.ro\/en\/wp-json\/wp\/v2\/pages"}],"about":[{"href":"http:\/\/moasele.ro\/en\/wp-json\/wp\/v2\/types\/page"}],"author":[{"embeddable":true,"href":"http:\/\/moasele.ro\/en\/wp-json\/wp\/v2\/users\/148"}],"replies":[{"embeddable":true,"href":"http:\/\/moasele.ro\/en\/wp-json\/wp\/v2\/comments?post=123"}],"version-history":[{"count":73,"href":"http:\/\/moasele.ro\/en\/wp-json\/wp\/v2\/pages\/123\/revisions"}],"predecessor-version":[{"id":3847,"href":"http:\/\/moasele.ro\/en\/wp-json\/wp\/v2\/pages\/123\/revisions\/3847"}],"wp:attachment":[{"href":"http:\/\/moasele.ro\/en\/wp-json\/wp\/v2\/media?parent=123"}],"curies":[{"name":"wp","href":"https:\/\/api.w.org\/{rel}","templated":true}]}}