{"id":1438,"date":"2024-03-26T14:46:51","date_gmt":"2024-03-26T14:46:51","guid":{"rendered":"https:\/\/moasele.ro\/?page_id=1438"},"modified":"2025-07-28T12:40:43","modified_gmt":"2025-07-28T10:40:43","slug":"experienta-nasterii-chestionar","status":"publish","type":"page","link":"http:\/\/moasele.ro\/en\/experienta-nasterii-chestionar\/","title":{"rendered":"Experien\u021ba Na\u0219terii &#8211; CHESTIONAR"},"content":{"rendered":"<section class=\"bde-section-1438-100 bde-section\">\n  \n\t\n\n\n\n<div class=\"section-container\"><div class=\"bde-rich-text-1438-101 bde-rich-text breakdance-rich-text-styles\">\n<h3>Chestionar despre experien\u021ba na\u0219terii<\/h3><p><\/p>\n<\/div><div class=\"bde-rich-text-1438-102 bde-rich-text breakdance-rich-text-styles\">\n<p>Acest chestionar face parte dintr-o cercetare ini\u021biat\u0103 de <a href=\"http:\/\/moasele.ro\/en\/\">Independent Midwives Association<\/a> din Rom\u00e2nia care \u0219i-a propus, \u00een principal, identificarea percep\u021biei femeilor despre experien\u021ba legat\u0103 de \u00eengrijirea din perioada de sarcin\u0103 \u0219i na\u0219tere \u00een clinicile \u0219i spitalele din Rom\u00e2nia.<\/p><p>Chestionarul s-a adresat <strong>femeilor care au n\u0103scut cel pu\u021bin o dat\u0103 pe o perioad\u0103 de 5 ani, \u00eentre 2018 - 2023.<\/strong> Chestionarul este anonim, informa\u021biile culese \u0219i prelucrate fiind folosite exclusiv \u00een scopuri de cercetare. Pe baza rezultatelor ob\u021binute, au fost formulate o serie de sugestii pentru \u00eembun\u0103t\u0103\u021birea accesului \u0219i serviciilor de s\u0103n\u0103tate \u00een sarcin\u0103 \u0219i la na\u0219tere \u00een Rom\u00e2nia. Raportul de cercetare a fost publicat pe site-ul Asocia\u021biei Moa\u0219elor Independente, <a href=\"http:\/\/moasele.ro\/en\/rapoarte\/\">HERE<\/a>.<\/p>\n<\/div><div class=\"bde-button-1438-105 bde-button\">\n    \n                                    \n    \n    \n    \n    \n            \n                    \n            \n            \n\n    \n    \n    \n    \n    <a class=\"breakdance-link button-atom button-atom--primary bde-button__button\" href=\"http:\/\/moasele.ro\/en\/rapoarte\/\" target=\"_blank\" data-type=\"url\"  >\n\n    \n        <span class=\"button-atom__text\">Cite\u0219te Raportul<\/span>\n\n        \n        \n                <\/a>\n\n    \n\n\n<\/div><div class=\"bde-rich-text-1438-109 bde-rich-text breakdance-rich-text-styles\">\n<p><em>Dac\u0103 a\u021bi n\u0103scut cu mai mult de 5 ani \u00een urm\u0103 \u0219i dori\u021bi s\u0103 relata\u021bi experien\u021ba pozitiv\u0103 sau negativ\u0103 din timpul sarcinii \u0219i de la na\u0219tere sau s\u0103 ne transmite\u021bi o informa\u021bie relevant\u0103 pentru acest subiect, o pute\u021bi face \u00een sec\u021biunea de comentarii de mai jos, chiar dac\u0103 perioada de validitate a studiului s-a \u00eencheiat \u0219i raportul a fost generat deja. R\u0103m\u00e2ne de importan\u021b\u0103 major\u0103 pentru AMI ca violen\u021ba obstetric\u0103 s\u0103 fie comb\u0103tut\u0103.<\/em><\/p><p>\u00a0<\/p><p>\u00a0<\/p>\n<\/div><div class=\"bde-image-1438-104 bde-image\">\n  \n\n\n\n\n\n<figure class=\"breakdance-image breakdance-image--1446\">\n\t<div class=\"breakdance-image-container\">\n\t\t<div class=\"breakdance-image-clip\">\n\t\t\t\n\t\t\t\t\n\t\t\t\t\t      \n  \n  \n  \n  \n      \n      <img loading=\"lazy\" decoding=\"async\"\n      class=\"breakdance-image-object\"\n      src=\"https:\/\/moasele.ro\/wp-content\/uploads\/2024\/03\/Afis-Catalyst-of-Change-1-768x545.png\"\n      width=\"768\"\n      height=\"545\"\n      \n      \n                                    srcset=\"https:\/\/moasele.ro\/wp-content\/uploads\/2024\/03\/Afis-Catalyst-of-Change-1-768x545.png 768w, https:\/\/moasele.ro\/wp-content\/uploads\/2024\/03\/Afis-Catalyst-of-Change-1-300x213.png 300w, https:\/\/moasele.ro\/wp-content\/uploads\/2024\/03\/Afis-Catalyst-of-Change-1-1024x727.png 1024w, https:\/\/moasele.ro\/wp-content\/uploads\/2024\/03\/Afis-Catalyst-of-Change-1-18x12.png 18w, https:\/\/moasele.ro\/wp-content\/uploads\/2024\/03\/Afis-Catalyst-of-Change-1-600x426.png 600w, https:\/\/moasele.ro\/wp-content\/uploads\/2024\/03\/Afis-Catalyst-of-Change-1.png 1322w\"\n                                                                      >\n  \n\n\t\t\t\t\t\n\t\t\t\t\t\t<\/div>\n\t<\/div>\n\n\t<\/figure>\n\n<\/div><div class=\"bde-rich-text-1438-110 bde-rich-text breakdance-rich-text-styles\">\n<p><em>Editori chestionar: Melania Tudose<\/em><\/p><p><a href=\"http:\/\/moasele.ro\/en\/maternitate-in-siguranta\/\" target=\"_blank\" rel=\"noopener\"><em>Proiectul \u201eMaternitate \u00een Siguran\u021b\u0103 - Servicii de \u00eengrijire sigure, universale, gratuite, accesibile, nediscriminatorii, furnizate cu respect pentru toate femeile care \u00ee\u0219i doresc s\u0103 devin\u0103 mame\u201d<\/em><\/a><em> (Safe Motherhood - Safe, universal, free, accessible, accessible, non-discriminatory care provided with respect for all women who want to become mothers) este implementat de Asocia\u021bia Moa\u0219elor Independente, cu sprijinul Netherlands Helsinki Committee (#NHC) \u00een cadrul Programului Catalyst of Change: Protejarea valorilor Uniunii prin sprijinirea unei societ\u0103\u021bi civile reziliente, implicate \u0219i vocale pentru promovarea drepturilor femeilor, a justi\u021biei de mediu \u0219i a luptei \u00eempotriva corup\u021biei \u00een Europa de Est \u0219i de Sud.<\/em><\/p>\n<\/div><div class=\"bde-div-1438-108 bde-div\">\n  \n\t\n\n\n\n<div class=\"bde-comments-list-1438-107 bde-comments-list\">\n<ol class=\"comments-list\"><\/ol>\n\n<\/div><div class=\"bde-comment-form-1438-106 bde-comment-form\">\n\t<div id=\"respond\" class=\"comment-respond\">\n\t\t<h5 id=\"reply-title\" class=\"comment-reply-title\">Leave a Reply <small><a rel=\"nofollow\" id=\"cancel-comment-reply-link\" href=\"\/en\/wp-json\/wp\/v2\/pages\/1438#respond\" style=\"display:none;\">Cancel reply<\/a><\/small><\/h5><form action=\"http:\/\/moasele.ro\/wp-comments-post.php\" method=\"post\" id=\"commentform\" class=\"breakdance-form breakdance-form--comments\" data-trp-original-action=\"http:\/\/moasele.ro\/wp-comments-post.php\"><p class=\"comment-notes\"><span id=\"email-notes\">Your email address will not be published.<\/span> <span class=\"required-field-message\">Required fields are marked <span class=\"required\">*<\/span><\/span><\/p><div class=\"breakdance-form-field breakdance-form-field--textarea\"><label class=\"breakdance-form-field__label\" for=\"comment\">Comment<\/label><textarea class=\"breakdance-form-field__input\" id=\"comment\" name=\"comment\" aria-required=\"true\"><\/textarea><\/div><div class=\"breakdance-form-field\"><label class=\"breakdance-form-field__label\" for=\"author\">Name<span class=\"breakdance-form-field__required\">*<\/span><\/label> <input id=\"author\" class=\"breakdance-form-field__input\" name=\"author\" type=\"text\" value=\"\" size=\"30\" aria-required='true' \/><\/div>\n<div class=\"breakdance-form-field\"><label class=\"breakdance-form-field__label\"for=\"email\">Email<span class=\"breakdance-form-field__required\">*<\/span><\/label> <input id=\"email\" class=\"breakdance-form-field__input\" name=\"email\" type=\"text\" value=\"\" size=\"30\" aria-required='true' \/><\/div>\n<div class=\"breakdance-form-field\"><label class=\"breakdance-form-field__label\" for=\"url\">Website<\/label><input id=\"url\" class=\"breakdance-form-field__input\" name=\"url\" type=\"text\" value=\"\" size=\"30\" \/><\/div>\n<div class=\"breakdance-form-field\"><div class=\"breakdance-form-checkbox\"><input id=\"wp-comment-cookies-consent\" name=\"wp-comment-cookies-consent\" type=\"checkbox\" value=\"yes\" \/><label class=\"breakdance-form-checkbox__text\" for=\"wp-comment-cookies-consent\">Save my name, email, and website in this browser for the next time I comment.<\/label><\/div><\/div>\n<div class=\"breakdance-form-field breakdance-form-footer\"><input name=\"submit\" type=\"submit\" id=\"submit\" class=\"comment-form__submit button-atom button-atom--primary breakdance-form-button\" value=\"Post Comment\" \/> <input type='hidden' name='comment_post_ID' value='1438' id='comment_post_ID' \/>\n<input type='hidden' name='comment_parent' id='comment_parent' value='0' \/>\n<\/div><input type=\"hidden\" name=\"trp-form-language\" value=\"en\"\/><\/form>\t<\/div><!-- #respond -->\n\t\n\n<\/div>\n<\/div><\/div>\n<\/section>","protected":false},"excerpt":{"rendered":"<p>Chestionar despre experien\u021ba na\u0219terii Acest chestionar face parte dintr-o cercetare ini\u021biat\u0103 de Asocia\u021bia Moa\u0219elor Independente din Rom\u00e2nia care \u0219i-a propus, \u00een principal, identificarea percep\u021biei femeilor despre experien\u021ba legat\u0103 de \u00eengrijirea din perioada de sarcin\u0103 \u0219i na\u0219tere \u00een clinicile \u0219i spitalele din Rom\u00e2nia.Chestionarul s-a adresat femeilor care au n\u0103scut cel pu\u021bin o dat\u0103 pe o perioad\u0103 [&hellip;]<\/p>","protected":false},"author":148,"featured_media":1450,"parent":0,"menu_order":0,"comment_status":"open","ping_status":"closed","template":"","meta":{"_breakdance_hide_in_design_set":false,"_breakdance_tags":"","footnotes":""},"class_list":["post-1438","page","type-page","status-publish","has-post-thumbnail","hentry"],"acf":[],"_links":{"self":[{"href":"http:\/\/moasele.ro\/en\/wp-json\/wp\/v2\/pages\/1438","targetHints":{"allow":["GET"]}}],"collection":[{"href":"http:\/\/moasele.ro\/en\/wp-json\/wp\/v2\/pages"}],"about":[{"href":"http:\/\/moasele.ro\/en\/wp-json\/wp\/v2\/types\/page"}],"author":[{"embeddable":true,"href":"http:\/\/moasele.ro\/en\/wp-json\/wp\/v2\/users\/148"}],"replies":[{"embeddable":true,"href":"http:\/\/moasele.ro\/en\/wp-json\/wp\/v2\/comments?post=1438"}],"version-history":[{"count":22,"href":"http:\/\/moasele.ro\/en\/wp-json\/wp\/v2\/pages\/1438\/revisions"}],"predecessor-version":[{"id":3379,"href":"http:\/\/moasele.ro\/en\/wp-json\/wp\/v2\/pages\/1438\/revisions\/3379"}],"wp:featuredmedia":[{"embeddable":true,"href":"http:\/\/moasele.ro\/en\/wp-json\/wp\/v2\/media\/1450"}],"wp:attachment":[{"href":"http:\/\/moasele.ro\/en\/wp-json\/wp\/v2\/media?parent=1438"}],"curies":[{"name":"wp","href":"https:\/\/api.w.org\/{rel}","templated":true}]}}