{"id":197,"date":"2023-04-24T13:39:50","date_gmt":"2023-04-24T13:39:50","guid":{"rendered":"https:\/\/moasele.ro\/?page_id=197"},"modified":"2025-05-17T16:00:07","modified_gmt":"2025-05-17T14:00:07","slug":"servicii","status":"publish","type":"page","link":"http:\/\/moasele.ro\/en\/servicii\/","title":{"rendered":"Services"},"content":{"rendered":"<section class=\"bde-section-197-108 bde-section\">\n  \n\t\n\n\n\n<div class=\"section-container\"><div class=\"bde-columns-197-255 bde-columns\"><div class=\"bde-column-197-266 bde-column\">\n  \n\t\n\n\n\n<div class=\"bde-image-197-267 bde-image\">\n  \n\n\n\n\n\n<figure class=\"breakdance-image breakdance-image--2174\">\n\t<div class=\"breakdance-image-container\">\n\t\t<div class=\"breakdance-image-clip\">\n\t\t\t\n\t\t\t\t\n\t\t\t\t\t      \n  \n  \n  \n  \n      \n      <img loading=\"lazy\" decoding=\"async\"\n      class=\"breakdance-image-object\"\n      src=\"https:\/\/moasele.ro\/wp-content\/uploads\/2024\/10\/KV-Alaptare-300x300.png\"\n      width=\"300\"\n      height=\"300\"\n      \n      \n                                    srcset=\"https:\/\/moasele.ro\/wp-content\/uploads\/2024\/10\/KV-Alaptare.png 1080w, https:\/\/moasele.ro\/wp-content\/uploads\/2024\/10\/KV-Alaptare-300x300.png 300w, https:\/\/moasele.ro\/wp-content\/uploads\/2024\/10\/KV-Alaptare-1024x1024.png 1024w, https:\/\/moasele.ro\/wp-content\/uploads\/2024\/10\/KV-Alaptare-150x150.png 150w, https:\/\/moasele.ro\/wp-content\/uploads\/2024\/10\/KV-Alaptare-768x768.png 768w, https:\/\/moasele.ro\/wp-content\/uploads\/2024\/10\/KV-Alaptare-12x12.png 12w, https:\/\/moasele.ro\/wp-content\/uploads\/2024\/10\/KV-Alaptare-600x600.png 600w, https:\/\/moasele.ro\/wp-content\/uploads\/2024\/10\/KV-Alaptare-100x100.png 100w\"\n                                                                      >\n  \n\n\t\t\t\t\t\n\t\t\t\t\t\t<\/div>\n\t<\/div>\n\n\t<\/figure>\n\n<\/div><h4 class=\"bde-heading-197-268 bde-heading\">\nConsultan\u021b\u0103 \u00een Al\u0103ptare<br>(GRATUIT)\n<\/h4><div class=\"bde-text-197-269 bde-text\">\nTe preg\u0103te\u0219ti pentru venirea pe lume a bebelu\u0219ului, ai \u00eent\u00e2mpinat provoc\u0103ri dup\u0103 na\u0219tere sau pur \u0219i simplu ai \u00eentreb\u0103ri despre al\u0103ptare?<br><br>Moa\u0219ele noastre licen\u021biate, consultante \u00een al\u0103ptare IBCLC (International Board Certified Lactation Consultant) sunt gata s\u0103 \u00ee\u021bi ofere GRATUIT suportul de care ai nevoie, pentru ca tu s\u0103 te bucuri din plin de aceast\u0103 experien\u021b\u0103 provocatoare.\n<\/div><div class=\"bde-button-197-303 bde-button\">\n    \n                                    \n    \n    \n    \n    \n            \n                    \n            \n            \n\n    \n    \n    \n    \n    <a class=\"breakdance-link button-atom button-atom--primary bde-button__button\" href=\"http:\/\/moasele.ro\/en\/consultanta-in-alaptare\/\" target=\"_blank\" data-type=\"url\"  >\n\n    \n        <span class=\"button-atom__text\">Read more<\/span>\n\n        \n        \n                <\/a>\n\n    \n\n\n<\/div>\n<\/div><div class=\"bde-column-197-272 bde-column\">\n  \n\t\n\n\n\n<div class=\"bde-image-197-273 bde-image\">\n  \n\n\n\n\n\n<figure class=\"breakdance-image breakdance-image--554\">\n\t<div class=\"breakdance-image-container\">\n\t\t<div class=\"breakdance-image-clip\">\n\t\t\t\n\t\t\t\t\n\t\t\t\t\t      \n  \n  \n  \n  \n      \n      <img loading=\"lazy\" decoding=\"async\"\n      class=\"breakdance-image-object\"\n      src=\"https:\/\/moasele.ro\/wp-content\/uploads\/2023\/05\/WhatsApp-Image-2023-05-05-at-9.41.43-PM-1.jpeg\"\n      width=\"800\"\n      height=\"600\"\n      \n      \n                                    srcset=\"https:\/\/moasele.ro\/wp-content\/uploads\/2023\/05\/WhatsApp-Image-2023-05-05-at-9.41.43-PM-1.jpeg 800w, https:\/\/moasele.ro\/wp-content\/uploads\/2023\/05\/WhatsApp-Image-2023-05-05-at-9.41.43-PM-1-300x225.jpeg 300w, https:\/\/moasele.ro\/wp-content\/uploads\/2023\/05\/WhatsApp-Image-2023-05-05-at-9.41.43-PM-1-768x576.jpeg 768w, https:\/\/moasele.ro\/wp-content\/uploads\/2023\/05\/WhatsApp-Image-2023-05-05-at-9.41.43-PM-1-600x450.jpeg 600w\"\n                                                                      >\n  \n\n\t\t\t\t\t\n\t\t\t\t\t\t<\/div>\n\t<\/div>\n\n\t<\/figure>\n\n<\/div><h4 class=\"bde-heading-197-274 bde-heading\">\nCase management\n<\/h4><div class=\"bde-text-197-275 bde-text\">\n<br><br><br>Medical case management is a collaborative process that facilitates patients\u2019 access to medical care. It involves connecting patients with healthcare providers, developing treatment and care plans and ensuring compliance. \n<\/div><div class=\"bde-button-197-276 bde-button\">\n    \n                                    \n    \n    \n    \n    \n            \n                    \n            \n            \n\n    \n    \n    \n    \n    <a class=\"breakdance-link button-atom button-atom--primary bde-button__button\" href=\"http:\/\/moasele.ro\/en\/management-de-caz\/\" target=\"_self\" data-type=\"url\"  >\n\n    \n        <span class=\"button-atom__text\">Read more<\/span>\n\n        \n        \n                <\/a>\n\n    \n\n\n<\/div>\n<\/div><div class=\"bde-column-197-261 bde-column\">\n  \n\t\n\n\n\n<div class=\"bde-image-197-262 bde-image\">\n  \n\n\n\n\n\n<figure class=\"breakdance-image breakdance-image--425\">\n\t<div class=\"breakdance-image-container\">\n\t\t<div class=\"breakdance-image-clip\">\n\t\t\t\n\t\t\t\t\n\t\t\t\t\t      \n  \n  \n  \n  \n      \n      <img loading=\"lazy\" decoding=\"async\"\n      class=\"breakdance-image-object\"\n      src=\"https:\/\/moasele.ro\/wp-content\/uploads\/2023\/05\/Foto-Grup-de-sprijin-informare-mame-si-gravide.jpg\"\n      width=\"1440\"\n      height=\"862\"\n      \n      \n                                    srcset=\"https:\/\/moasele.ro\/wp-content\/uploads\/2023\/05\/Foto-Grup-de-sprijin-informare-mame-si-gravide.jpg 1440w, https:\/\/moasele.ro\/wp-content\/uploads\/2023\/05\/Foto-Grup-de-sprijin-informare-mame-si-gravide-300x180.jpg 300w, https:\/\/moasele.ro\/wp-content\/uploads\/2023\/05\/Foto-Grup-de-sprijin-informare-mame-si-gravide-1024x613.jpg 1024w, https:\/\/moasele.ro\/wp-content\/uploads\/2023\/05\/Foto-Grup-de-sprijin-informare-mame-si-gravide-768x460.jpg 768w, https:\/\/moasele.ro\/wp-content\/uploads\/2023\/05\/Foto-Grup-de-sprijin-informare-mame-si-gravide-600x359.jpg 600w\"\n                                                                      >\n  \n\n\t\t\t\t\t\n\t\t\t\t\t\t<\/div>\n\t<\/div>\n\n\t<\/figure>\n\n<\/div><h4 class=\"bde-heading-197-263 bde-heading\">\nSupport and information group for mothers and pregnant women\n<\/h4><div class=\"bde-text-197-264 bde-text\">\nA safe and friendly place for new and expectant mothers to share their experiences and receive support and useful information to help them face the challenges of pregnancy and postnatal period with more confidence.<br><br><br>Join now and find out evidence-based information and best practice on breastfeeding, caring for and carrying your baby, and the needs and recovery of mothers after birth.\n<\/div><div class=\"bde-button-197-265 bde-button\">\n    \n                                    \n    \n    \n    \n    \n            \n                    \n            \n            \n\n    \n    \n    \n    \n    <a class=\"breakdance-link button-atom button-atom--primary bde-button__button\" href=\"http:\/\/moasele.ro\/en\/grup-de-sprijin-si-informare\/\" target=\"_self\" data-type=\"url\"  >\n\n    \n        <span class=\"button-atom__text\">Read more<\/span>\n\n        \n        \n                <\/a>\n\n    \n\n\n<\/div>\n<\/div><\/div><div class=\"bde-columns-197-271 bde-columns\"><div class=\"bde-column-197-299 bde-column\">\n  \n\t\n\n\n\n<h4 class=\"bde-heading-197-301 bde-heading\">\nMidwifery services\n<\/h4><div class=\"bde-text-197-302 bde-text\">\nMidwifery services may include adolescent counselling for relationship health and prevention of abuse and gender-based violence, family planning counselling (women, couples), pregnancy monitoring, newborn and maternal monitoring, breastfeeding counselling, antenatal and postnatal education, sexual and reproductive health education for young people and advocacy for girls and women on sexual and reproductive rights and prevention of gender-based violence.\n<\/div>\n<\/div><\/div><\/div>\n<\/section>","protected":false},"excerpt":{"rendered":"<p>Consultan\u021b\u0103 \u00een Al\u0103ptare(GRATUIT) Te preg\u0103te\u0219ti pentru venirea pe lume a bebelu\u0219ului, ai \u00eent\u00e2mpinat provoc\u0103ri dup\u0103 na\u0219tere sau pur \u0219i simplu ai \u00eentreb\u0103ri despre al\u0103ptare?Moa\u0219ele noastre licen\u021biate, consultante \u00een al\u0103ptare IBCLC (International Board Certified Lactation Consultant) sunt gata s\u0103 \u00ee\u021bi ofere GRATUIT suportul de care ai nevoie, pentru ca tu s\u0103 te bucuri din plin de [&hellip;]<\/p>","protected":false},"author":148,"featured_media":0,"parent":0,"menu_order":0,"comment_status":"closed","ping_status":"closed","template":"","meta":{"_breakdance_hide_in_design_set":false,"_breakdance_tags":"","footnotes":""},"class_list":["post-197","page","type-page","status-publish","hentry"],"acf":[],"_links":{"self":[{"href":"http:\/\/moasele.ro\/en\/wp-json\/wp\/v2\/pages\/197","targetHints":{"allow":["GET"]}}],"collection":[{"href":"http:\/\/moasele.ro\/en\/wp-json\/wp\/v2\/pages"}],"about":[{"href":"http:\/\/moasele.ro\/en\/wp-json\/wp\/v2\/types\/page"}],"author":[{"embeddable":true,"href":"http:\/\/moasele.ro\/en\/wp-json\/wp\/v2\/users\/148"}],"replies":[{"embeddable":true,"href":"http:\/\/moasele.ro\/en\/wp-json\/wp\/v2\/comments?post=197"}],"version-history":[{"count":55,"href":"http:\/\/moasele.ro\/en\/wp-json\/wp\/v2\/pages\/197\/revisions"}],"predecessor-version":[{"id":3080,"href":"http:\/\/moasele.ro\/en\/wp-json\/wp\/v2\/pages\/197\/revisions\/3080"}],"wp:attachment":[{"href":"http:\/\/moasele.ro\/en\/wp-json\/wp\/v2\/media?parent=197"}],"curies":[{"name":"wp","href":"https:\/\/api.w.org\/{rel}","templated":true}]}}