{"id":1168,"date":"2023-12-18T11:51:57","date_gmt":"2023-12-18T11:51:57","guid":{"rendered":"https:\/\/moasele.ro\/?page_id=1168"},"modified":"2024-11-06T14:29:10","modified_gmt":"2024-11-06T12:29:10","slug":"cursuri-grija-de-mama","status":"publish","type":"page","link":"https:\/\/moasele.ro\/en\/cursuri-grija-de-mama\/","title":{"rendered":"Cursuri &#8211; Re\u021beaua \u201eGrij\u0103 de Mam\u0103\u201d"},"content":{"rendered":"<section class=\"bde-section-1168-100 bde-section\">\n  \n\t\n\n\n\n<div class=\"section-container\"><div class=\"bde-columns-1168-101 bde-columns\"><div class=\"bde-column-1168-102 bde-column\">\n  \n\t\n\n\n\n<div class=\"bde-image-1168-104 bde-image\">\n  \n\n\n\n\n\n<figure class=\"breakdance-image breakdance-image--317\">\n\t<div class=\"breakdance-image-container\">\n\t\t<div class=\"breakdance-image-clip\">\n\t\t\t\n\t\t\t\t\n\t\t\t\t\t      \n  \n  \n  \n  \n      \n      <img loading=\"lazy\" decoding=\"async\"\n      class=\"breakdance-image-object\"\n      src=\"https:\/\/moasele.ro\/wp-content\/uploads\/2023\/04\/cropped-AMI-logo-test.png\"\n      width=\"450\"\n      height=\"319\"\n      \n      \n                                    srcset=\"https:\/\/moasele.ro\/wp-content\/uploads\/2023\/04\/cropped-AMI-logo-test.png 450w, https:\/\/moasele.ro\/wp-content\/uploads\/2023\/04\/cropped-AMI-logo-test-300x213.png 300w\"\n                                                                      >\n  \n\n\t\t\t\t\t\n\t\t\t\t\t\t<\/div>\n\t<\/div>\n\n\t<\/figure>\n\n<\/div>\n<\/div><div class=\"bde-column-1168-103 bde-column\">\n  \n\t\n\n\n\n<div class=\"bde-image-1168-105 bde-image\">\n  \n\n\n\n\n\n<figure class=\"breakdance-image breakdance-image--318\">\n\t<div class=\"breakdance-image-container\">\n\t\t<div class=\"breakdance-image-clip\">\n\t\t\t\n\t\t\t\t\n\t\t\t\t\t      \n  \n  \n  \n  \n      \n      <img loading=\"lazy\" decoding=\"async\"\n      class=\"breakdance-image-object\"\n      src=\"https:\/\/moasele.ro\/wp-content\/uploads\/2023\/04\/Logo_Signature_Container_Circle_RO_CMYK.png\"\n      width=\"1782\"\n      height=\"1782\"\n      \n      \n                                    srcset=\"https:\/\/moasele.ro\/wp-content\/uploads\/2023\/04\/Logo_Signature_Container_Circle_RO_CMYK.png 1782w, https:\/\/moasele.ro\/wp-content\/uploads\/2023\/04\/Logo_Signature_Container_Circle_RO_CMYK-300x300.png 300w, https:\/\/moasele.ro\/wp-content\/uploads\/2023\/04\/Logo_Signature_Container_Circle_RO_CMYK-1024x1024.png 1024w, https:\/\/moasele.ro\/wp-content\/uploads\/2023\/04\/Logo_Signature_Container_Circle_RO_CMYK-150x150.png 150w, https:\/\/moasele.ro\/wp-content\/uploads\/2023\/04\/Logo_Signature_Container_Circle_RO_CMYK-768x768.png 768w, https:\/\/moasele.ro\/wp-content\/uploads\/2023\/04\/Logo_Signature_Container_Circle_RO_CMYK-1536x1536.png 1536w\"\n                                                                      >\n  \n\n\t\t\t\t\t\n\t\t\t\t\t\t<\/div>\n\t<\/div>\n\n\t<\/figure>\n\n<\/div>\n<\/div><\/div><h1 class=\"bde-heading-1168-106 bde-heading\">\nCursuri Re\u021beaua \u201eGrij\u0103 de Mam\u0103\u201d - Servicii sigure \u0219i accesibile pentru mame \u0219i copii\n<\/h1><div class=\"bde-rich-text-1168-148 bde-rich-text breakdance-rich-text-styles\">\n<p><strong>Read <\/strong><a target=\"_blank\" href=\"https:\/\/moasele.ro\/wp-content\/uploads\/2024\/11\/Raport-Grija-de-mama_Cursuri_septembrie_2022_iunie_2024.pdf.pdf\"><strong>HERE<\/strong><\/a><strong> Raportul despre Cursurile<em> pentru \u00eembun\u0103t\u0103\u021birea accesului la asisten\u021b\u0103 medical\u0103 \u0219i a sprijinului pentru mame \u0219i copii<\/em>, desf\u0103\u0219urate \u00een perioada septembrie 2022 - iunie 2024<\/strong><\/p><p><\/p>\n<\/div><div class=\"bde-rich-text-1168-107 bde-rich-text breakdance-rich-text-styles\">\n<p>Asocia\u021bia Moa\u0219elor Independente (AMI) organizeaz\u0103, cu sprijinul UNICEF \u00een Rom\u00e2nia, \u00een cadrul Re\u021belei \u201eGrij\u0103 de Mam\u0103\u201d, o nou\u0103 sesiune de cursuri de preg\u0103tire pentru medici ginecologi, neonatologi, medici de medicin\u0103 de familie, moa\u0219e, asistente medicale din maternit\u0103\u021bi, asistente medicale din cabinete de medicin\u0103 de familie \u0219i asisten\u021bi medicali comunitari, \u00een vederea cre\u0219terii accesului la \u00eengrijire antenatal\u0103, la sprijin pentru al\u0103ptare, \u00eengrijirea sugarului, a l\u0103uzei \u0219i pentru prevenirea \u0219i gestionarea violen\u021bei de gen \u00een sistemul medical. De asemenea, cursul nostru este primul care reune\u0219te toate aceste niveluri de \u00eengrijire \u0219i are ca obiectiv cre\u0219terea colabor\u0103rii \u00een echipa medical\u0103 de \u00eengrijire materno-infantil\u0103.<\/p><p><strong>Cursurile sunt creditate cu 12 credite EMC pentru medici \u0219i 8 credite EMC pentru moa\u0219e \u0219i asisten\u021bi medicali<\/strong>. Sunt sus\u021binute de c\u0103tre \u0219ase speciali\u0219ti - medici, moa\u0219e licen\u021biate, exper\u021bi \u00een egalitate de gen \u0219i combaterea violen\u021bei sexuale, consultan\u021bi \u00een al\u0103ptare (IBCLC) - \u0219i sunt organizate \u00een perioada 19 ianuarie - 30 martie 2024 (Sesiunea I) \u0219i 5 aprilie - 15 iunie 2024 (Sesiunea II) \u00een opt ora\u0219e din Rom\u00e2nia (Boto\u0219ani, Bucure\u0219ti, Bra\u0219ov, Craiova, Oradea, T\u00e2rgu Mure\u0219, Cluj-Napoca, Ia\u0219i).<\/p><p>Metodele de predare sunt inclusiv non-formale, con\u021bin jocuri de rol, brainstorming, situa\u021bii predefinite, tehnici eficiente de colaborare \u00een echip\u0103, de dezvoltare a empatiei \u0219i de \u00eengrijire centrat\u0103 pe pacient.<\/p><p>Grupele au 10 - maximum 12 participan\u021bi pentru a asigura o interac\u021biune optim\u0103 \u0219i pentru asimilarea c\u00e2t mai eficient\u0103 a cuno\u0219tin\u021belor. Frecven\u021ba form\u0103rii este una care permite asimilarea \u0219i integrarea cuno\u0219tin\u021belor noi \u00een practica de la cabinet\/spital, precum \u0219i \u00een oferirea de feedback valoros prin Re\u021beaua de profesioni\u0219ti \u201eGrij\u0103 de Mam\u0103\u201d.&nbsp;<\/p><p>Suportul de curs va oferi participan\u021bilor diverse handout-uri pe care moa\u0219ele, medicii, asistentele \u0219i asisten\u021bii medicali comunitari le vor putea folosi pentru \u00eembun\u0103t\u0103\u021birea \u00eengrijirii pacien\u021bilor lor.<\/p><p><strong>CUI SE ADRESEAZ\u0102<\/strong><\/p><p>Cursurile sunt dedicate urm\u0103toarelor categorii: <\/p><ul><li><p>Moa\u0219e;<\/p><\/li><li><p>Asistente medicale din maternit\u0103\u021bi;<\/p><\/li><li><p>Medici de familie;<\/p><\/li><li><p>Asistente medicale din cabinete de medicin\u0103 de familie;<\/p><\/li><li><p>Medici ginecologi;<\/p><\/li><li><p>Medici neonatologi;<\/p><\/li><li><p>Asisten\u021bi medicali comunitari.<\/p><\/li><\/ul><p>Locurile vor fi rezervate \u00een ordinea \u00eenscrierilor pentru fiecare categorie.<\/p><h1>TEMELE \u0218I STRUCTURA CURSURILOR<\/h1><p>Cursurile se bazeaz\u0103 pe cele mai noi \u0219i eficiente practici privind cre\u0219terea accesului la \u00eengrijire antenatal\u0103, sprijin pentru al\u0103ptare, \u00eengrijirea sugarului, a l\u0103uzei \u0219i prevenirea \u0219i gestionarea violen\u021bei de gen \u0219i promovarea vaccin\u0103rii pentru popula\u021bia pediatric\u0103 din Rom\u00e2nia, inclusiv cea refugiat\u0103. Cursurile sunt structurate \u00een dou\u0103 sesiuni, a c\u00e2te 3 module\/sesiune, fiecare sesiune dur\u00e2nd 1 zi:<\/p><p><strong>SESIUNEA I (1 zi)<\/strong><\/p><ul><li><p>\u00cengrijirea antenatal\u0103 \u0219i accesul universal la monitorizarea sarcinii (dr. Daciana Toma, medic primar medicin\u0103 de familie \/ dr. Alexandra Butean, medic specialist obstetric\u0103-ginecologie)<\/p><\/li><li><p>Violen\u021ba de gen \u0219i preven\u021bia abuzului \u0219i exploat\u0103rii sexuale (dr. Irina Ilisei, expert\u0103 \u00een egalitate de gen)<\/p><\/li><li><p>\u00cengrijirea nou-n\u0103scutului, promovarea vaccin\u0103rii pediatrice (dr. M\u0103d\u0103lina B\u0103lu\u021b\u0103, medic specialist pediatru, consultant \u00een lacta\u021bie IBCLC \/ dr. Mihaela Ni\u021b\u0103, medic specialist pediatru, consultant \u00een lacta\u021bie IBCLC)<\/p><\/li><\/ul><p><strong>SESIUNEA A II-A (1 zi)<\/strong><\/p><ul><li><p>Startul al\u0103pt\u0103rii \u0219i gestionarea complica\u021biilor \u00een al\u0103ptare (Livia Tobo\u0219aru, moa\u0219\u0103 licen\u021biat\u0103, consultant lacta\u021bie IBCLC, educator prenatal Lamaze)<\/p><\/li><li><p>Na\u0219terea, o experien\u021b\u0103 memorabil\u0103 (Melania Tudose, PhD, moa\u0219\u0103 licen\u021biat\u0103)<\/p><\/li><li><p>\u00cengrijirea post-natal\u0103 - l\u0103uzia (drd. Andreea Ola, psiholog clinician, consultant \u00een lacta\u021bie IBCLC)<\/p><\/li><\/ul><p>\u00censcrierile la curs se realizeaz\u0103 \u00eencep\u00e2nd cu data de <strong>20 decembrie 2023 <\/strong>- p\u00e2n\u0103 la epuizarea locurilor. <br><strong>UPDATE: Locuri epuizate.<\/strong><\/p><p><strong>Program: 1 zi\/sesiune, \u00een intervalul 8:30 - 18:00. Pe durata zilei de training vom avea pauz\u0103 de pr\u00e2nz \u0219i pauze de cafea &amp; gust\u0103ri.&nbsp;<\/strong><\/p><p><strong>Not\u0103: Cursurile sunt GRATUITE \u0219i sunt organizate cu prezen\u021b\u0103 fizic\u0103 (selecta\u021bi \u00een formularul de \u00eenscriere participarea \u00een prima sau a doua zi din fiecare sesiune). Efectuarea cursului necesit\u0103 prezen\u021b\u0103 la ambele sesiuni din ora\u0219ul ales (\u00eenscrierea se face de la \u00eenceput pentru ambele sesiuni).<\/strong><\/p><h1>CALENDAR CURSURI 2024<\/h1><p><\/p>\n<\/div><div class=\"bde-columns-1168-109 bde-columns\"><div class=\"bde-column-1168-110 bde-column\">\n  \n\t\n\n\n\n<div class=\"bde-rich-text-1168-139 bde-rich-text breakdance-rich-text-styles\">\n<p><strong>BOTO\u0218ANI<\/strong><br>S I: 19 sau 20 ianuarie<br>S II: 5 sau 6 aprilie<br><a target=\"_blank\" href=\"https:\/\/www.hotelrapsodia.ro\">Hotel Rapsodia<\/a><br><\/p>\n<\/div>\n<\/div><div class=\"bde-column-1168-111 bde-column\">\n  \n\t\n\n\n\n<div class=\"bde-rich-text-1168-140 bde-rich-text breakdance-rich-text-styles\">\n<p><strong>BUCURE\u0218TI<\/strong><br>SI: 26 sau 27 ianuarie <br>S II: 12 sau 13 aprilie<br>Sediul <a target=\"_blank\" href=\"https:\/\/maps.app.goo.gl\/u8gsYbLaocQVxsSx6\">Asocia\u021bia Medicilor de Familie Bucure\u0219ti-Ilfov <\/a><\/p>\n<\/div>\n<\/div><div class=\"bde-column-1168-112 bde-column\">\n  \n\t\n\n\n\n<div class=\"bde-rich-text-1168-141 bde-rich-text breakdance-rich-text-styles\">\n<p><strong>BRA\u0218OV<\/strong><br>S I: 9 sau 10 februarie<br>S II: 19 sau 20 aprilie<br><a target=\"_blank\" href=\"https:\/\/www.hotelambient.ro\/ro\/\">Hotel Ambient<\/a><\/p>\n<\/div>\n<\/div><div class=\"bde-column-1168-125 bde-column\">\n  \n\t\n\n\n\n<div class=\"bde-rich-text-1168-142 bde-rich-text breakdance-rich-text-styles\">\n<p><strong>CRAIOVA<\/strong><br>S I: 16 sau 17 februarie<br>S II: 10 sau 11 mai<br><a target=\"_blank\" href=\"https:\/\/www.hotelprestigecraiova.ro\">Hotel Prestige <\/a><\/p>\n<\/div>\n<\/div><\/div><div class=\"bde-columns-1168-116 bde-columns\"><div class=\"bde-column-1168-117 bde-column\">\n  \n\t\n\n\n\n<div class=\"bde-rich-text-1168-143 bde-rich-text breakdance-rich-text-styles\">\n<p><strong>ORADEA<\/strong><br>S I: 23 sau&nbsp;24 februarie<br>20 sau&nbsp;21 martie<br>S II: 17 sau&nbsp;18 mai<br>19 sau&nbsp;20 mai<br><a target=\"_self\" href=\"https:\/\/continental-forum-oradea.continentalhotels.ro\">Hotel Continental Forum<\/a><\/p>\n<\/div>\n<\/div><div class=\"bde-column-1168-119 bde-column\">\n  \n\t\n\n\n\n<div class=\"bde-rich-text-1168-144 bde-rich-text breakdance-rich-text-styles\">\n<p><strong>T\u00c2RGU MURE\u0218<\/strong><br>S I: 15 sau 16 martie<br>S II: 24 sau 25 mai<br><a target=\"_blank\" href=\"https:\/\/continental-forum-tirgu-mures.continentalhotels.ro\/?utm_source=google&amp;utm_medium=cpc&amp;gad_source=1&amp;gclid=CjwKCAiA_aGuBhACEiwAly57MXTV8f7Ll2BQ3kTABSlahVWfBD48BsUIr6iZMr5Nelju9WZCgCZXHxoCG9wQAvD_BwE\">Hotel Continental Forum<\/a><\/p>\n<\/div>\n<\/div><div class=\"bde-column-1168-121 bde-column\">\n  \n\t\n\n\n\n<div class=\"bde-rich-text-1168-145 bde-rich-text breakdance-rich-text-styles\">\n<p><strong>CLUJ-NAPOCA<\/strong><br>S I: 22 sau 23 martie<br>S II: 7 sau 8 iunie<br><a target=\"_blank\" href=\"https:\/\/ana-dome.goldentulip.com\/ro\/\">Golden Tulip Ana Dome<\/a><br><\/p>\n<\/div>\n<\/div><div class=\"bde-column-1168-127 bde-column\">\n  \n\t\n\n\n\n<div class=\"bde-rich-text-1168-146 bde-rich-text breakdance-rich-text-styles\">\n<p><strong>IA\u0218I<\/strong><br>S I: 29 sau 30 martie<br>S II: 14 sau 15 iunie<br><a target=\"_self\" href=\"http:\/\/www.ramadaiasi.ro\">Hotel Ramada<\/a><\/p>\n<\/div>\n<\/div><\/div><div class=\"bde-rich-text-1168-108 bde-rich-text breakdance-rich-text-styles\">\n<p><\/p><p><em>Cursurile \u0219i activit\u0103\u021bile se desf\u0103\u0219oar\u0103 \u00een cadrul Proiectului \u201eServicii sigure \u0219i accesibile pentru mame \u0219i copii - Cre\u0219terea accesului la \u00eengrijire antenatal\u0103, sprijin pentru al\u0103ptare, \u00eengrijirea sugarului, a l\u0103uzei \u0219i prevenirea \u0219i gestionarea violen\u021bei de gen \u00een sistemul medical\u201d, derulat de Asocia\u021bia Moa\u0219elor Independente cu sprijinul UNICEF \u00een Rom\u00e2nia, \u00een perioada decembrie 2023 - septembrie 2024<\/em>. <em>Opiniile exprimate \u00een cadrul cursurilor apar\u021bin autorilor \u0219i nu reflect\u0103 neap\u0103rat pozi\u021bia UNICEF.<\/em><\/p><p><strong>Contact:<\/strong><\/p><p>Email: <a href=\"mailto:contact.moasele@gmail.com\">secretariat@moasele.ro<\/a><br>Telefon: <a target=\"_self\" href=\"tel:  40722658054\">+40 722 658 054<\/a> (Irina Mateescu)<\/p>\n<\/div><div class=\"bde-rich-text-1168-147 bde-rich-text breakdance-rich-text-styles\">\n<p><\/p><p><a href=\"https:\/\/redirectioneaza.ro\/asociatia-moaselor-independente\"><strong><u>Redirec\u021bioneaz\u0103 c\u0103tre AMI 3,5% din impozitul pe venit<\/u><\/strong><u>&nbsp;<\/u><\/a>\u0219i ajut\u0103-ne s\u0103 protej\u0103m via\u021ba, s\u0103n\u0103tatea \u0219i drepturile mai multor fete, femei, copii \u0219i tineri din categorii vulnerabile \u0219i s\u0103 le oferim servicii vitale.<\/p><p>Ne po\u021bi sus\u021bine oric\u00e2nd \u0219i cu o&nbsp;<a href=\"https:\/\/moasele.ro\/en\/doneaza\/\"><u>dona\u021bie.<\/u><\/a><\/p>\n<\/div><\/div>\n<\/section><section class=\"bde-section-1168-130 bde-section\">\n  \n\t\n\n\n\n<div class=\"section-container\"><div class=\"bde-text-1168-138 bde-text\">\nImagini de la formarea \u201eGrij\u0103 de Mam\u0103\u201d 2022 - 2023\n<\/div><div class=\"bde-columns-1168-131 bde-columns\"><div class=\"bde-column-1168-132 bde-column\">\n  \n\t\n\n\n\n<div class=\"bde-image-1168-135 bde-image\">\n  \n\n\n\n\n\n<figure class=\"breakdance-image breakdance-image--1196\">\n\t<div class=\"breakdance-image-container\">\n\t\t<div class=\"breakdance-image-clip\">\n\t\t\t\n\t\t\t\t\n\t\t\t\t\t      \n  \n  \n  \n  \n      \n      <img loading=\"lazy\" decoding=\"async\"\n      class=\"breakdance-image-object\"\n      src=\"https:\/\/moasele.ro\/wp-content\/uploads\/2024\/01\/3-1.webp\"\n      width=\"1024\"\n      height=\"683\"\n      \n      \n                                    srcset=\"https:\/\/moasele.ro\/wp-content\/uploads\/2024\/01\/3-1.webp 1024w, https:\/\/moasele.ro\/wp-content\/uploads\/2024\/01\/3-1-300x200.webp 300w, https:\/\/moasele.ro\/wp-content\/uploads\/2024\/01\/3-1-768x512.webp 768w, https:\/\/moasele.ro\/wp-content\/uploads\/2024\/01\/3-1-18x12.webp 18w, https:\/\/moasele.ro\/wp-content\/uploads\/2024\/01\/3-1-600x400.webp 600w\"\n                                                                      >\n  \n\n\t\t\t\t\t\n\t\t\t\t\t\t<\/div>\n\t<\/div>\n\n\t<\/figure>\n\n<\/div>\n<\/div><div class=\"bde-column-1168-133 bde-column\">\n  \n\t\n\n\n\n<div class=\"bde-image-1168-136 bde-image\">\n  \n\n\n\n\n\n<figure class=\"breakdance-image breakdance-image--1197\">\n\t<div class=\"breakdance-image-container\">\n\t\t<div class=\"breakdance-image-clip\">\n\t\t\t\n\t\t\t\t\n\t\t\t\t\t      \n  \n  \n  \n  \n      \n      <img loading=\"lazy\" decoding=\"async\"\n      class=\"breakdance-image-object\"\n      src=\"https:\/\/moasele.ro\/wp-content\/uploads\/2024\/01\/9.jpg\"\n      width=\"1440\"\n      height=\"970\"\n      \n      \n                                    srcset=\"https:\/\/moasele.ro\/wp-content\/uploads\/2024\/01\/9.jpg 1440w, https:\/\/moasele.ro\/wp-content\/uploads\/2024\/01\/9-300x202.jpg 300w, https:\/\/moasele.ro\/wp-content\/uploads\/2024\/01\/9-1024x690.jpg 1024w, https:\/\/moasele.ro\/wp-content\/uploads\/2024\/01\/9-768x517.jpg 768w, https:\/\/moasele.ro\/wp-content\/uploads\/2024\/01\/9-18x12.jpg 18w, https:\/\/moasele.ro\/wp-content\/uploads\/2024\/01\/9-600x404.jpg 600w\"\n                                                                      >\n  \n\n\t\t\t\t\t\n\t\t\t\t\t\t<\/div>\n\t<\/div>\n\n\t<\/figure>\n\n<\/div>\n<\/div><div class=\"bde-column-1168-134 bde-column\">\n  \n\t\n\n\n\n<div class=\"bde-image-1168-137 bde-image\">\n  \n\n\n\n\n\n<figure class=\"breakdance-image breakdance-image--1195\">\n\t<div class=\"breakdance-image-container\">\n\t\t<div class=\"breakdance-image-clip\">\n\t\t\t\n\t\t\t\t\n\t\t\t\t\t      \n  \n  \n  \n  \n      \n      <img loading=\"lazy\" decoding=\"async\"\n      class=\"breakdance-image-object\"\n      src=\"https:\/\/moasele.ro\/wp-content\/uploads\/2024\/01\/2-2-1024x683.jpg\"\n      width=\"1024\"\n      height=\"683\"\n      \n      \n                                    srcset=\"https:\/\/moasele.ro\/wp-content\/uploads\/2024\/01\/2-2-1024x683.jpg 1024w, https:\/\/moasele.ro\/wp-content\/uploads\/2024\/01\/2-2-300x200.jpg 300w, https:\/\/moasele.ro\/wp-content\/uploads\/2024\/01\/2-2-768x512.jpg 768w, https:\/\/moasele.ro\/wp-content\/uploads\/2024\/01\/2-2-1536x1024.jpg 1536w, https:\/\/moasele.ro\/wp-content\/uploads\/2024\/01\/2-2-18x12.jpg 18w, https:\/\/moasele.ro\/wp-content\/uploads\/2024\/01\/2-2-600x400.jpg 600w, https:\/\/moasele.ro\/wp-content\/uploads\/2024\/01\/2-2.jpg 2048w\"\n                                                                      >\n  \n\n\t\t\t\t\t\n\t\t\t\t\t\t<\/div>\n\t<\/div>\n\n\t<\/figure>\n\n<\/div>\n<\/div><\/div><\/div>\n<\/section>","protected":false},"excerpt":{"rendered":"<p>Cursuri Re\u021beaua \u201eGrij\u0103 de Mam\u0103\u201d &#8211; Servicii sigure \u0219i accesibile pentru mame \u0219i copii Cite\u0219te AICI Raportul despre Cursurile pentru \u00eembun\u0103t\u0103\u021birea accesului la asisten\u021b\u0103 medical\u0103 \u0219i a sprijinului pentru mame \u0219i copii, desf\u0103\u0219urate \u00een perioada septembrie 2022 &#8211; iunie 2024 Asocia\u021bia Moa\u0219elor Independente (AMI) organizeaz\u0103, cu sprijinul UNICEF \u00een Rom\u00e2nia, \u00een cadrul Re\u021belei \u201eGrij\u0103 de [&hellip;]<\/p>","protected":false},"author":148,"featured_media":0,"parent":0,"menu_order":0,"comment_status":"closed","ping_status":"closed","template":"","meta":{"_breakdance_hide_in_design_set":false,"_breakdance_tags":"","footnotes":""},"class_list":["post-1168","page","type-page","status-publish","hentry"],"acf":[],"_links":{"self":[{"href":"https:\/\/moasele.ro\/en\/wp-json\/wp\/v2\/pages\/1168","targetHints":{"allow":["GET"]}}],"collection":[{"href":"https:\/\/moasele.ro\/en\/wp-json\/wp\/v2\/pages"}],"about":[{"href":"https:\/\/moasele.ro\/en\/wp-json\/wp\/v2\/types\/page"}],"author":[{"embeddable":true,"href":"https:\/\/moasele.ro\/en\/wp-json\/wp\/v2\/users\/148"}],"replies":[{"embeddable":true,"href":"https:\/\/moasele.ro\/en\/wp-json\/wp\/v2\/comments?post=1168"}],"version-history":[{"count":64,"href":"https:\/\/moasele.ro\/en\/wp-json\/wp\/v2\/pages\/1168\/revisions"}],"predecessor-version":[{"id":2260,"href":"https:\/\/moasele.ro\/en\/wp-json\/wp\/v2\/pages\/1168\/revisions\/2260"}],"wp:attachment":[{"href":"https:\/\/moasele.ro\/en\/wp-json\/wp\/v2\/media?parent=1168"}],"curies":[{"name":"wp","href":"https:\/\/api.w.org\/{rel}","templated":true}]}}