{"id":146,"date":"2023-04-24T07:23:13","date_gmt":"2023-04-24T07:23:13","guid":{"rendered":"https:\/\/moasele.ro\/?page_id=146"},"modified":"2025-05-08T12:44:02","modified_gmt":"2025-05-08T10:44:02","slug":"cresterea-accesului-femeilor-la-servicii-de-sanatate-reproductiva-accesibile-si-sigure","status":"publish","type":"page","link":"https:\/\/moasele.ro\/en\/cresterea-accesului-femeilor-la-servicii-de-sanatate-reproductiva-accesibile-si-sigure\/","title":{"rendered":"Increasing women\u2019s access to accessible and safe reproductive health services"},"content":{"rendered":"<section class=\"bde-section-146-100 bde-section\">\n  \n\t\n\n\n\n<div class=\"section-container\"><div class=\"bde-columns-146-101 bde-columns\"><div class=\"bde-column-146-102 bde-column\">\n  \n\t\n\n\n\n<h1 class=\"bde-heading-146-103 bde-heading\">\nIncreasing women\u2019s access to accessible and safe reproductive health services\n<\/h1><div class=\"bde-fancy-divider-146-104 bde-fancy-divider\">\n\n\n<div class=\"bde-fancy-divider__wrapper\">\n  <div class=\"bde-fancy-divider__separator\">\n  \t  <\/div>\n<\/div>\n\n<\/div><div class=\"bde-text-146-112 bde-text\">\nConsistent and up-to-date policies on access to family planning, contraception, sexual and reproductive health education and free access to abortion on demand are some of the main solutions to increase women\u2019s access to accessible and safe reproductive health services.\n<\/div>\n<\/div><div class=\"bde-column-146-105 bde-column\">\n  \n\t\n\n\n\n<div class=\"bde-image-146-106 bde-image\">\n  \n\n\n\n\n\n<figure class=\"breakdance-image breakdance-image--3059\">\n\t<div class=\"breakdance-image-container\">\n\t\t<div class=\"breakdance-image-clip\">\n\t\t\t\n\t\t\t\t\n\t\t\t\t\t      \n  \n  \n  \n  \n      \n      <img loading=\"lazy\" decoding=\"async\"\n      class=\"breakdance-image-object\"\n      src=\"https:\/\/moasele.ro\/wp-content\/uploads\/2025\/05\/WhatsApp-Image-2025-05-07-at-18.37.28-e1746700890130.jpeg\"\n      width=\"1200\"\n      height=\"803\"\n      \n      \n                                    srcset=\"https:\/\/moasele.ro\/wp-content\/uploads\/2025\/05\/WhatsApp-Image-2025-05-07-at-18.37.28-e1746700890130.jpeg 1200w, https:\/\/moasele.ro\/wp-content\/uploads\/2025\/05\/WhatsApp-Image-2025-05-07-at-18.37.28-e1746700890130-300x201.jpeg 300w, https:\/\/moasele.ro\/wp-content\/uploads\/2025\/05\/WhatsApp-Image-2025-05-07-at-18.37.28-e1746700890130-1024x685.jpeg 1024w, https:\/\/moasele.ro\/wp-content\/uploads\/2025\/05\/WhatsApp-Image-2025-05-07-at-18.37.28-e1746700890130-768x514.jpeg 768w, https:\/\/moasele.ro\/wp-content\/uploads\/2025\/05\/WhatsApp-Image-2025-05-07-at-18.37.28-e1746700890130-18x12.jpeg 18w, https:\/\/moasele.ro\/wp-content\/uploads\/2025\/05\/WhatsApp-Image-2025-05-07-at-18.37.28-e1746700890130-600x402.jpeg 600w\"\n                                                                      >\n  \n\n\t\t\t\t\t\n\t\t\t\t\t\t<\/div>\n\t<\/div>\n\n\t<\/figure>\n\n<\/div>\n<\/div><\/div><\/div>\n<\/section><section class=\"bde-section-146-113 bde-section\">\n  \n\t\n\n\n\n<div class=\"section-container\"><div class=\"bde-rich-text-146-123 bde-rich-text breakdance-rich-text-styles\">\n<p>Consistent and up-to-date policies on access to family planning, contraception, sexual and reproductive health education and free access to abortion on demand are some of the main solutions to increase women\u2019s access to accessible and safe reproductive health services.<\/p><p>Consistent and up-to-date policies on access to family planning, contraception, sexual and reproductive health education and free access to abortion on demand are some of the main solutions to increase women\u2019s access to accessible and safe reproductive health services.<\/p><p>This is why, together with more than 250 Romanian and international civil society organizations <a target=\"_self\" href=\"https:\/\/moasele.ro\/en\/comunicat-de-presa-peste-250-de-organizatii-ale-societatii-civile-scrisoare-deschisa-ministrul-sanatatii-cnas\/\">, we call on the Minister of Health and the National Health Insurance House (CNAS)<\/a> to pay for abortion on demand from the budget of the Single National Health Insurance Fund (FNUASS).<\/p><p>The payment from the state budget of abortion on demand would bring Romania into the ranks of European countries where abortion is already covered by state health insurance: Belgium, Denmark, Finland, France, Greece, Iceland, Ireland, Italy, Luxembourg, the Netherlands, Norway, Portugal, Spain, Sweden, Switzerland and the United Kingdom.&nbsp;<\/p><p>We are fighting for sexual and reproductive rights in Romania and to ensure that women have universal and safe access to this health service, regardless of their vulnerabilities and identities.&nbsp;<\/p><p>At the same time, in support of this approach, we organized in Bucharest, from November 18 to  December 10, 2022, with the support of the international organizations VOICE, M\u00e9decins du Monde and Center for Reproductive Rights, the event \u201cWhat to do when there is no choice - An immersive experience about access to abortion in Romania\u201d, in which we showed in practice the obstacles women in Romania face when accessing abortion on demand.<\/p><p><br><\/p>\n<\/div><div class=\"bde-columns-146-126 bde-columns\"><div class=\"bde-column-146-127 bde-column\">\n  \n\t\n\n\n\n<div class=\"bde-image-146-128 bde-image\">\n  \n\n\n\n\n\n<figure class=\"breakdance-image breakdance-image--148\">\n\t<div class=\"breakdance-image-container\">\n\t\t<div class=\"breakdance-image-clip\">\n\t\t\t\n\t\t\t\t\n\t\t\t\t\t      \n  \n  \n  \n  \n      \n      <img loading=\"lazy\" decoding=\"async\"\n      class=\"breakdance-image-object\"\n      src=\"https:\/\/moasele.ro\/wp-content\/uploads\/2023\/04\/2-1.webp\"\n      width=\"1024\"\n      height=\"1024\"\n      \n      \n                                    srcset=\"https:\/\/moasele.ro\/wp-content\/uploads\/2023\/04\/2-1.webp 1024w, https:\/\/moasele.ro\/wp-content\/uploads\/2023\/04\/2-1-300x300.webp 300w, https:\/\/moasele.ro\/wp-content\/uploads\/2023\/04\/2-1-150x150.webp 150w, https:\/\/moasele.ro\/wp-content\/uploads\/2023\/04\/2-1-768x768.webp 768w\"\n                                                                      >\n  \n\n\t\t\t\t\t\n\t\t\t\t\t\t<\/div>\n\t<\/div>\n\n\t<\/figure>\n\n<\/div>\n<\/div><div class=\"bde-column-146-129 bde-column\">\n  \n\t\n\n\n\n<div class=\"bde-rich-text-146-131 bde-rich-text breakdance-rich-text-styles\">\n<p>The immersive experience we organized was attended by 82 people, including ambassadors and representatives of foreign embassies in Romania, the country representative of the World Health Organization, representatives of the Ministry of Family, Youth and Equal Opportunities, the Prime Minister's Office and the National Health Quality Management Authority, representatives of the Romanian Society of Obstetrics and Gynecology, of the National Coalition Life without Violence of the Republic of Moldova, MEPs, MPs, senators, presidents of political parties and representatives of the international organizations M\u00e9decins du Monde and VOICE, OXFAM, as well as numerous representatives of civil society and activists.<\/p>\n<\/div>\n<\/div><\/div><div class=\"bde-columns-146-133 bde-columns\"><div class=\"bde-column-146-134 bde-column\">\n  \n\t\n\n\n\n<div class=\"bde-video-146-139 bde-video\">\n<div class=\"ee-video-container\">\n                                                                        \n                <lite-youtube\n                        videoid=\"Vqtr2xpl9Kg\"\n                                                style=\"background-image: url(https:\/\/i.ytimg.com\/vi\/Vqtr2xpl9Kg\/maxresdefault.jpg); \"\n                        class=\"ee-video\"\n                        title=\"\"\n                        params=\"&playsinline=0&rel=0&enablejsapi=1\"\n                >\n                <\/lite-youtube>\n                    \n        \n            \n    <\/div>\n\n<\/div>\n<\/div><div class=\"bde-column-146-136 bde-column\">\n  \n\t\n\n\n\n<h1 class=\"bde-heading-146-138 bde-heading\">\n\u201cWhat to do when there is no choice - An immersive experience about access to abortion in Romania\u201d\n<\/h1><div class=\"bde-rich-text-146-141 bde-rich-text breakdance-rich-text-styles\">\n<p>The video includes filmed excerpts from the immersive experience about unsafe abortion. The experience consisted of physical interaction with the actors and the space, and the footage captures the actors\u2019 interaction with the participants along the route of the performative installation.<\/p><p><a target=\"_self\" href=\"https:\/\/moasele.ro\/en\/comunicat-de-presa\/comunicat-de-presa-solutii-pentru-cresterea-accesului-femeilor-la-servicii-de-sanatate-reproductiva-accesibile-si-sigure\/\">Solutions for increasing women's access to accessible and safe reproductive health services.<\/a><br><\/p>\n<\/div>\n<\/div><\/div><\/div>\n<\/section>","protected":false},"excerpt":{"rendered":"<p>Cre\u0219terea accesului femeilor la servicii de s\u0103n\u0103tate reproductiv\u0103 accesibile \u0219i sigure Politicile de acces la planificare familial\u0103, contracep\u021bie, educa\u021bie sexual\u0103 \u0219i de s\u0103n\u0103tate a reproducerii, coerente \u0219i actualizate, al\u0103turi de acces gratuit la \u00eentreruperi de sarcin\u0103 la cerere reprezint\u0103 unele dintre principalele solu\u021bii pentru cre\u0219terea accesului femeilor la servicii de s\u0103n\u0103tate reproductiv\u0103 accesibile \u0219i sigure. [&hellip;]<\/p>","protected":false},"author":148,"featured_media":0,"parent":0,"menu_order":0,"comment_status":"closed","ping_status":"closed","template":"","meta":{"_breakdance_hide_in_design_set":false,"_breakdance_tags":"","footnotes":""},"class_list":["post-146","page","type-page","status-publish","hentry"],"acf":[],"_links":{"self":[{"href":"https:\/\/moasele.ro\/en\/wp-json\/wp\/v2\/pages\/146","targetHints":{"allow":["GET"]}}],"collection":[{"href":"https:\/\/moasele.ro\/en\/wp-json\/wp\/v2\/pages"}],"about":[{"href":"https:\/\/moasele.ro\/en\/wp-json\/wp\/v2\/types\/page"}],"author":[{"embeddable":true,"href":"https:\/\/moasele.ro\/en\/wp-json\/wp\/v2\/users\/148"}],"replies":[{"embeddable":true,"href":"https:\/\/moasele.ro\/en\/wp-json\/wp\/v2\/comments?post=146"}],"version-history":[{"count":11,"href":"https:\/\/moasele.ro\/en\/wp-json\/wp\/v2\/pages\/146\/revisions"}],"predecessor-version":[{"id":3061,"href":"https:\/\/moasele.ro\/en\/wp-json\/wp\/v2\/pages\/146\/revisions\/3061"}],"wp:attachment":[{"href":"https:\/\/moasele.ro\/en\/wp-json\/wp\/v2\/media?parent=146"}],"curies":[{"name":"wp","href":"https:\/\/api.w.org\/{rel}","templated":true}]}}