{"id":1477,"date":"2024-04-03T13:02:42","date_gmt":"2024-04-03T13:02:42","guid":{"rendered":"https:\/\/moasele.ro\/?page_id=1477"},"modified":"2025-07-28T12:35:19","modified_gmt":"2025-07-28T10:35:19","slug":"maternitate-in-siguranta","status":"publish","type":"page","link":"https:\/\/moasele.ro\/en\/maternitate-in-siguranta\/","title":{"rendered":"Safe Motherhood"},"content":{"rendered":"<section class=\"bde-section-1477-100 bde-section\">\n  \n\t\n\n\n\n<div class=\"section-container\"><div class=\"bde-rich-text-1477-101 bde-rich-text breakdance-rich-text-styles\">\n<h3><strong>Safe Motherhood - Safe, universal, free, accessible, accessible, non-discriminatory care provided with respect for all women who want to become mothers<\/strong><\/h3>\n<\/div><div class=\"bde-rich-text-1477-110 bde-rich-text breakdance-rich-text-styles\">\n<p>\u00a0<\/p><p>Obstetric violence is on the rise in Romania, is under-reported and not tackled. Women's health is not a priority for the authorities, and health professionals are not aware of and are not properly trained on the specific needs of women.<\/p><p>Women's voices are not heard. The media, women, the general public and medical professionals are not aware that this is a type of violence. We believe that this is the first step in addressing obstetric violence - awareness.<\/p><p>\u00a0<\/p><p><strong>Prin acest proiect, ne-am propus s\u0103 cre\u0219tem gradul de con\u0219tientizare asupra calit\u0103\u021bii \u00eengrijirii materne, pentru c\u0103 exist\u0103 o lips\u0103 sistemic\u0103 de evaluare care \u00eempiedic\u0103 g\u0103sirea de solu\u021bii pentru \u00eembun\u0103t\u0103\u021birea serviciilor medicale oferite femeilor.<\/strong><\/p><p>A fost pentru prima dat\u0103 c\u00e2nd violen\u021ba obstetric\u0103 a fost cercetat\u0103 \u0219i comunicat\u0103 diferitelor p\u0103r\u021bi interesate.<\/p><p>\u00a0<\/p><p>Given the lack of information and knowledge about obstetric violence and women's difficult access to the health care system, we set out to conduct a research using a <a href=\"https:\/\/moasele.ro\/en\/experienta-nasterii-chestionar\/\" target=\"_blank\" rel=\"noopener\"><strong>survey<\/strong><\/a> relevant to collect data from mothers who have given birth in the last 5 years in Romania and prepare a report with representative data, including expert recommendations to improve access to universal antenatal care, evidence-based birth practices and baby-friendly measures in hospitals.<\/p><p>\u00a0<\/p><p><em>Raportul integral a fost elaborat cu succes \u0219i este disponibil <\/em><a href=\"https:\/\/moasele.ro\/en\/rapoarte\/\" target=\"_blank\" rel=\"noopener\"><em>HERE<\/em><\/a><em>.<\/em><\/p><p>\u00a0<\/p><p>Totodat\u0103, ne-am propus s\u0103 colabor\u0103m cu diferite p\u0103r\u021bi interesate, cum ar fi organiza\u021bii ale societ\u0103\u021bii civile partenere \u00een domeniul drepturilor femeilor, institu\u021biile de s\u0103n\u0103tate, organismele guvernamentale, mass-media \u0219i publicul larg pentru dezvoltarea capacit\u0103\u021bii de a include problemele de s\u0103n\u0103tate ale femeilor \u00een agenda mai larg\u0103 de advocacy pentru egalitatea de gen din Rom\u00e2nia.<\/p><p>The objectives are to raise awareness of obstetric violence and to start the process of amending Law 202\/2002 on equality between women and men and to include obstetric violence as a form of gender-based violence.<\/p>\n<\/div><div class=\"bde-rich-text-1477-109 bde-rich-text breakdance-rich-text-styles\">\n<p>_____________________________<\/p><p><em>The Safe Motherhood - Safe, universal, free, accessible, non-discriminatory care provided with respect for all women who want to become mothers project is implemented by the Independent Midwives Association with the support of the Netherlands Helsinki Committee (#NHC) under the Catalyst of Change Programme: Supporting a Vibrant Civil Society in Europe\nCatalyst of Change: Protecting the Union values by supporting a resilient engaged and vocal civil society for the promotion of women\u2019s rights, environmental justice and anti-corruption in Eastern and Southern Europe.<\/em><\/p><p><em>Funded by the European Union. Views and opinions expressed are however those of the author(s) only and do not necessarily reflect those of the European Union or The Netherlands Helsinki Committee. Neither the European Union nor the NHC can be held responsible for them.<\/em><\/p>\n<\/div><\/div>\n<\/section><section class=\"bde-section-1477-114 bde-section\">\n  \n\t\n\n\n\n<div class=\"section-container\"><div class=\"bde-button-1477-115 bde-button\">\n    \n                                    \n    \n    \n    \n    \n            \n                    \n            \n            \n\n    \n    \n    \n    \n    <a class=\"breakdance-link button-atom button-atom--primary bde-button__button\" href=\"https:\/\/moasele.ro\/en\/rapoarte\/\" target=\"_blank\" data-type=\"url\"  >\n\n    \n        <span class=\"button-atom__text\">Report on Obstetric Violence<\/span>\n\n        \n        \n                <\/a>\n\n    \n\n\n<\/div><\/div>\n<\/section><section class=\"bde-section-1477-111 bde-section\">\n  \n\t\n\n\n\n<div class=\"section-container\"><div class=\"bde-image-1477-112 bde-image\">\n  \n\n\n\n\n\n<figure class=\"breakdance-image breakdance-image--1446\">\n\t<div class=\"breakdance-image-container\">\n\t\t<div class=\"breakdance-image-clip\">\n\t\t\t\n\t\t\t\t\n\t\t\t\t\t      \n  \n  \n  \n  \n      \n      <img loading=\"lazy\" decoding=\"async\"\n      class=\"breakdance-image-object\"\n      src=\"https:\/\/moasele.ro\/wp-content\/uploads\/2024\/03\/Afis-Catalyst-of-Change-1.png\"\n      width=\"1322\"\n      height=\"938\"\n      \n      \n                                    srcset=\"https:\/\/moasele.ro\/wp-content\/uploads\/2024\/03\/Afis-Catalyst-of-Change-1.png 1322w, https:\/\/moasele.ro\/wp-content\/uploads\/2024\/03\/Afis-Catalyst-of-Change-1-300x213.png 300w, https:\/\/moasele.ro\/wp-content\/uploads\/2024\/03\/Afis-Catalyst-of-Change-1-1024x727.png 1024w, https:\/\/moasele.ro\/wp-content\/uploads\/2024\/03\/Afis-Catalyst-of-Change-1-768x545.png 768w, https:\/\/moasele.ro\/wp-content\/uploads\/2024\/03\/Afis-Catalyst-of-Change-1-18x12.png 18w, https:\/\/moasele.ro\/wp-content\/uploads\/2024\/03\/Afis-Catalyst-of-Change-1-600x426.png 600w\"\n                                                                      >\n  \n\n\t\t\t\t\t\n\t\t\t\t\t\t<\/div>\n\t<\/div>\n\n\t<\/figure>\n\n<\/div><\/div>\n<\/section>","protected":false},"excerpt":{"rendered":"<p>Maternitate \u00een Siguran\u021b\u0103 &#8211; Servicii de \u00eengrijire sigure, universale, gratuite, accesibile, nediscriminatorii, furnizate cu respect pentru toate femeile care \u00ee\u0219i doresc s\u0103 devin\u0103 mame \u00a0Violen\u021ba obstetric\u0103 este \u00een cre\u0219tere \u00een Rom\u00e2nia, este insuficient raportat\u0103 \u0219i nu este comb\u0103tut\u0103. S\u0103n\u0103tatea femeilor nu este o prioritate pentru autorit\u0103\u021bi, iar profesioni\u0219tii din domeniul s\u0103n\u0103t\u0103\u021bii nu sunt con\u0219tien\u021bi \u0219i [&hellip;]<\/p>","protected":false},"author":148,"featured_media":1481,"parent":0,"menu_order":0,"comment_status":"open","ping_status":"closed","template":"","meta":{"_breakdance_hide_in_design_set":false,"_breakdance_tags":"","footnotes":""},"class_list":["post-1477","page","type-page","status-publish","has-post-thumbnail","hentry"],"acf":[],"_links":{"self":[{"href":"https:\/\/moasele.ro\/en\/wp-json\/wp\/v2\/pages\/1477","targetHints":{"allow":["GET"]}}],"collection":[{"href":"https:\/\/moasele.ro\/en\/wp-json\/wp\/v2\/pages"}],"about":[{"href":"https:\/\/moasele.ro\/en\/wp-json\/wp\/v2\/types\/page"}],"author":[{"embeddable":true,"href":"https:\/\/moasele.ro\/en\/wp-json\/wp\/v2\/users\/148"}],"replies":[{"embeddable":true,"href":"https:\/\/moasele.ro\/en\/wp-json\/wp\/v2\/comments?post=1477"}],"version-history":[{"count":17,"href":"https:\/\/moasele.ro\/en\/wp-json\/wp\/v2\/pages\/1477\/revisions"}],"predecessor-version":[{"id":3378,"href":"https:\/\/moasele.ro\/en\/wp-json\/wp\/v2\/pages\/1477\/revisions\/3378"}],"wp:featuredmedia":[{"embeddable":true,"href":"https:\/\/moasele.ro\/en\/wp-json\/wp\/v2\/media\/1481"}],"wp:attachment":[{"href":"https:\/\/moasele.ro\/en\/wp-json\/wp\/v2\/media?parent=1477"}],"curies":[{"name":"wp","href":"https:\/\/api.w.org\/{rel}","templated":true}]}}