{"id":157,"date":"2023-04-24T07:25:42","date_gmt":"2023-04-24T07:25:42","guid":{"rendered":"https:\/\/moasele.ro\/?page_id=157"},"modified":"2024-02-26T08:21:05","modified_gmt":"2024-02-26T08:21:05","slug":"servicii-medicale-pentru-femei-si-copii","status":"publish","type":"page","link":"https:\/\/moasele.ro\/en\/servicii-medicale-pentru-femei-si-copii\/","title":{"rendered":"Servicii medicale pentru femei \u0219i copii"},"content":{"rendered":"<section class=\"bde-section-157-100 bde-section\">\n  \n\t\n\n\n\n<div class=\"section-container\"><div class=\"bde-columns-157-101 bde-columns\"><div class=\"bde-column-157-102 bde-column\">\n  \n\t\n\n\n\n<h1 class=\"bde-heading-157-103 bde-heading\">\nAccess to health services for women and children\n<\/h1><div class=\"bde-fancy-divider-157-104 bde-fancy-divider\">\n\n\n<div class=\"bde-fancy-divider__wrapper\">\n  <div class=\"bde-fancy-divider__separator\">\n  \t  <\/div>\n<\/div>\n\n<\/div><div class=\"bde-rich-text-157-134 bde-rich-text breakdance-rich-text-styles\">\n<p>The year 2022 was atypical for everyone in the context of the war in Ukraine. At the Independent Midwives Association, we have mobilized most of our resources to provide support and safety to people who have taken refuge in our country.<\/p><p><br><\/p>\n<\/div>\n<\/div><div class=\"bde-column-157-105 bde-column\">\n  \n\t\n\n\n\n<div class=\"bde-image-157-106 bde-image\">\n  \n\n\n\n\n\n<figure class=\"breakdance-image breakdance-image--159\">\n\t<div class=\"breakdance-image-container\">\n\t\t<div class=\"breakdance-image-clip\">\n\t\t\t\n\t\t\t\t\n\t\t\t\t\t      \n  \n  \n  \n  \n      \n      <img loading=\"lazy\" decoding=\"async\"\n      class=\"breakdance-image-object\"\n      src=\"https:\/\/moasele.ro\/wp-content\/uploads\/2023\/04\/Flyer-pag-1_EN.webp\"\n      width=\"705\"\n      height=\"1000\"\n      \n      \n                                    srcset=\"https:\/\/moasele.ro\/wp-content\/uploads\/2023\/04\/Flyer-pag-1_EN.webp 705w, https:\/\/moasele.ro\/wp-content\/uploads\/2023\/04\/Flyer-pag-1_EN-212x300.webp 212w\"\n                                                                      >\n  \n\n\t\t\t\t\t\n\t\t\t\t\t\t<\/div>\n\t<\/div>\n\n\t<\/figure>\n\n<\/div>\n<\/div><\/div><\/div>\n<\/section><section class=\"bde-section-157-113 bde-section\">\n  \n\t\n\n\n\n<div class=\"section-container\"><div class=\"bde-rich-text-157-123 bde-rich-text breakdance-rich-text-styles\">\n<p>From the beginning of the war (February 24, 2022) until March 2023, more than 120,000 people, mostly women and children, took refuge in Romania (1).<br><\/p><p>Most of them needed assistance, either urgent medical help, medical services, shelter, food, clothing and basic necessities, or access to maternal and child health services, sexual and reproductive health, Romanian and English language classes, education and recreational activities for children, legal, psychological and social support, along with translation services, registration with the family doctor, or integration activities for adolescents, information and prevention of gender-based violence. From March 2022, we have provided a dedicated call center for people in Ukraine.<br><\/p><p>During all this time, at the Independent Midwives Association we have provided support in all these areas in over 45,000 cases, mainly for women and children<\/p><p><\/p>\n<\/div><div class=\"bde-columns-157-126 bde-columns\"><div class=\"bde-column-157-127 bde-column\">\n  \n\t\n\n\n\n<div class=\"bde-image-157-128 bde-image\">\n  \n\n\n\n\n\n<figure class=\"breakdance-image breakdance-image--161\">\n\t<div class=\"breakdance-image-container\">\n\t\t<div class=\"breakdance-image-clip\">\n\t\t\t\n\t\t\t\t\n\t\t\t\t\t      \n  \n  \n  \n  \n      \n      <img loading=\"lazy\" decoding=\"async\"\n      class=\"breakdance-image-object\"\n      src=\"https:\/\/moasele.ro\/wp-content\/uploads\/2023\/04\/Flyer-pag-2_EN.webp\"\n      width=\"705\"\n      height=\"1000\"\n      \n      \n                                    srcset=\"https:\/\/moasele.ro\/wp-content\/uploads\/2023\/04\/Flyer-pag-2_EN.webp 705w, https:\/\/moasele.ro\/wp-content\/uploads\/2023\/04\/Flyer-pag-2_EN-212x300.webp 212w\"\n                                                                      >\n  \n\n\t\t\t\t\t\n\t\t\t\t\t\t<\/div>\n\t<\/div>\n\n\t<\/figure>\n\n<\/div>\n<\/div><div class=\"bde-column-157-129 bde-column\">\n  \n\t\n\n\n\n<div class=\"bde-rich-text-157-131 bde-rich-text breakdance-rich-text-styles\">\n<p><strong>Call Center: +40 724 772 211<\/strong><\/p><p><strong>Medical services for refugee women and children<\/strong><\/p><p>-Gynecological consultations and investigations<br>-Access to abortion and contraception<br>-Consultations with doctors and midwives for pregnant women<br>-Morphofetal ultrasound and prenatal screening<br>-Lactation consultations and midwife-assisted breastfeeding<br>-Consultations for new mothers and newborns<br>-Recommendations for baby care with midwife home visits&nbsp;<br>-Prenatal and postnatal education for pregnant women and new mothers<br>-Pediatric consultations<br>-Facilitating access to vaccination for children&nbsp;<br>-Facilitating access to family doctors<br>-Support in case of sexual and gender-based violence&nbsp;<br>-Legal support for employment<br>-Legal assistance for housing contracts&nbsp;<br>-Health literacy for women, adolescents and children<br>-Reproductive health counselling and information for adolescents<\/p>\n<\/div>\n<\/div><\/div><div class=\"bde-columns-157-135 bde-columns\"><div class=\"bde-column-157-136 bde-column\">\n  \n\t\n\n\n\n<div class=\"bde-button-157-139 bde-button\">\n    \n                                    \n    \n    \n    \n    \n            \n                    \n            \n            \n\n    \n    \n    \n    \n    <a class=\"breakdance-link button-atom button-atom--primary bde-button__button\" href=\"https:\/\/moasele.ro\/en\/doneaza\/\" target=\"_self\" data-type=\"url\"  >\n\n    \n        <span class=\"button-atom__text\">Donate<\/span>\n\n        \n        \n                <\/a>\n\n    \n\n\n<\/div>\n<\/div><div class=\"bde-column-157-137 bde-column\">\n  \n\t\n\n\n\n<div class=\"bde-button-157-140 bde-button\">\n    \n                                    \n    \n    \n    \n    \n            \n                    \n            \n            \n\n    \n    \n    \n    \n    <a class=\"breakdance-link button-atom button-atom--primary bde-button__button\" href=\"https:\/\/redirectioneaza.ro\/asociatia-moaselor-independente\" target=\"_self\" data-type=\"url\"  >\n\n    \n        <span class=\"button-atom__text\">Redirect 3,5% of income<\/span>\n\n        \n        \n                <\/a>\n\n    \n\n\n<\/div>\n<\/div><\/div><div class=\"bde-image-157-141 bde-image\">\n  \n\n\n\n\n\n<figure class=\"breakdance-image breakdance-image--539\">\n\t<div class=\"breakdance-image-container\">\n\t\t<div class=\"breakdance-image-clip\">\n\t\t\t\n\t\t\t\t\n\t\t\t\t\t      \n  \n  \n  \n  \n      \n      <img loading=\"lazy\" decoding=\"async\"\n      class=\"breakdance-image-object\"\n      src=\"https:\/\/moasele.ro\/wp-content\/uploads\/2023\/05\/Credit-UNICEF-Ioana-Moldovan.jpg\"\n      width=\"1920\"\n      height=\"1280\"\n      \n      \n                                    srcset=\"https:\/\/moasele.ro\/wp-content\/uploads\/2023\/05\/Credit-UNICEF-Ioana-Moldovan.jpg 1920w, https:\/\/moasele.ro\/wp-content\/uploads\/2023\/05\/Credit-UNICEF-Ioana-Moldovan-300x200.jpg 300w, https:\/\/moasele.ro\/wp-content\/uploads\/2023\/05\/Credit-UNICEF-Ioana-Moldovan-1024x683.jpg 1024w, https:\/\/moasele.ro\/wp-content\/uploads\/2023\/05\/Credit-UNICEF-Ioana-Moldovan-768x512.jpg 768w, https:\/\/moasele.ro\/wp-content\/uploads\/2023\/05\/Credit-UNICEF-Ioana-Moldovan-1536x1024.jpg 1536w, https:\/\/moasele.ro\/wp-content\/uploads\/2023\/05\/Credit-UNICEF-Ioana-Moldovan-600x400.jpg 600w\"\n                                                                      >\n  \n\n\t\t\t\t\t\n\t\t\t\t\t\t<\/div>\n\t<\/div>\n\n\t\t\t<figcaption class=\"breakdance-image__caption\">\n\t\t\tCredit @ UNICEF\/Ioana Moldovan\n\t\t<\/figcaption>\n\t<\/figure>\n\n<\/div><\/div>\n<\/section>","protected":false},"excerpt":{"rendered":"<p>Acces la Servicii medicale pentru femei \u0219i copii Anul 2022 a fost unul atipic pentru toat\u0103 lumea \u00een contextul r\u0103zboiului din Ucraina. La Asocia\u021bia Moa\u0219elor Independente, ne-am mobilizat majoritatea resurselor s\u0103 oferim sprijin \u0219i siguran\u021b\u0103 persoanelor care s-au refugiat \u00een \u021bara noastr\u0103. De la \u00eenceputul r\u0103zboiului (24 februarie 2022), p\u00e2n\u0103 \u00een martie 2023, peste 120.000 [&hellip;]<\/p>","protected":false},"author":148,"featured_media":0,"parent":0,"menu_order":0,"comment_status":"closed","ping_status":"closed","template":"","meta":{"_breakdance_hide_in_design_set":false,"_breakdance_tags":"","footnotes":""},"class_list":["post-157","page","type-page","status-publish","hentry"],"acf":[],"_links":{"self":[{"href":"https:\/\/moasele.ro\/en\/wp-json\/wp\/v2\/pages\/157","targetHints":{"allow":["GET"]}}],"collection":[{"href":"https:\/\/moasele.ro\/en\/wp-json\/wp\/v2\/pages"}],"about":[{"href":"https:\/\/moasele.ro\/en\/wp-json\/wp\/v2\/types\/page"}],"author":[{"embeddable":true,"href":"https:\/\/moasele.ro\/en\/wp-json\/wp\/v2\/users\/148"}],"replies":[{"embeddable":true,"href":"https:\/\/moasele.ro\/en\/wp-json\/wp\/v2\/comments?post=157"}],"version-history":[{"count":11,"href":"https:\/\/moasele.ro\/en\/wp-json\/wp\/v2\/pages\/157\/revisions"}],"predecessor-version":[{"id":1308,"href":"https:\/\/moasele.ro\/en\/wp-json\/wp\/v2\/pages\/157\/revisions\/1308"}],"wp:attachment":[{"href":"https:\/\/moasele.ro\/en\/wp-json\/wp\/v2\/media?parent=157"}],"curies":[{"name":"wp","href":"https:\/\/api.w.org\/{rel}","templated":true}]}}