{"id":165,"date":"2023-04-24T07:37:26","date_gmt":"2023-04-24T07:37:26","guid":{"rendered":"https:\/\/moasele.ro\/?page_id=165"},"modified":"2023-04-24T07:40:06","modified_gmt":"2023-04-24T07:40:06","slug":"cuddlecot-mame-fara-flori","status":"publish","type":"page","link":"https:\/\/moasele.ro\/en\/cuddlecot-mame-fara-flori\/","title":{"rendered":"CuddleCot &#8211; \u201eMame f\u0103r\u0103 flori\u201d"},"content":{"rendered":"<section class=\"bde-section-165-100 bde-section\">\n  \n\t\n\n\n\n<div class=\"section-container\"><div class=\"bde-columns-165-101 bde-columns\"><div class=\"bde-column-165-102 bde-column\">\n  \n\t\n\n\n\n<h1 class=\"bde-heading-165-103 bde-heading\">\nCuddleCot \u2013 \u201cMothers without Flowers\u201d\n<\/h1><div class=\"bde-fancy-divider-165-104 bde-fancy-divider\">\n\n\n<div class=\"bde-fancy-divider__wrapper\">\n  <div class=\"bde-fancy-divider__separator\">\n  \t  <\/div>\n<\/div>\n\n<\/div><div class=\"bde-rich-text-165-134 bde-rich-text breakdance-rich-text-styles\">\n<p>Mourning spaces and support for mothers who have given birth to a child who did not survive. We brought the first CuddleCot\u2122 units to Romania so that parents who have lost a child in birth can say goodbye as they feel, as they need to.<\/p>\n<\/div>\n<\/div><div class=\"bde-column-165-105 bde-column\">\n  \n\t\n\n\n\n<div class=\"bde-image-165-106 bde-image\">\n  \n\n\n\n\n\n<figure class=\"breakdance-image breakdance-image--167\">\n\t<div class=\"breakdance-image-container\">\n\t\t<div class=\"breakdance-image-clip\">\n\t\t\t\n\t\t\t\t\n\t\t\t\t\t      \n  \n  \n  \n  \n      \n      <img loading=\"lazy\" decoding=\"async\"\n      class=\"breakdance-image-object\"\n      src=\"https:\/\/moasele.ro\/wp-content\/uploads\/2023\/04\/1-3.webp\"\n      width=\"1024\"\n      height=\"762\"\n      \n      \n                                    srcset=\"https:\/\/moasele.ro\/wp-content\/uploads\/2023\/04\/1-3.webp 1024w, https:\/\/moasele.ro\/wp-content\/uploads\/2023\/04\/1-3-300x223.webp 300w, https:\/\/moasele.ro\/wp-content\/uploads\/2023\/04\/1-3-768x572.webp 768w\"\n                                                                      >\n  \n\n\t\t\t\t\t\n\t\t\t\t\t\t<\/div>\n\t<\/div>\n\n\t<\/figure>\n\n<\/div>\n<\/div><\/div><\/div>\n<\/section><section class=\"bde-section-165-113 bde-section\">\n  \n\t\n\n\n\n<div class=\"section-container\"><div class=\"bde-rich-text-165-123 bde-rich-text breakdance-rich-text-styles\">\n<p>There are no words that can ease the pain of mothers who have lost their babies in childbirth, but we can provide a space where they can be heard and supported.<br><\/p><p>Together with  Asocia\u021bia Zi de Bine, we have set up mourning and support spaces at the maternity wards of Spitalul Clinic de Obstetric\u0103 \u0219i Ginecologie Filantropia and Spitalul Clinic \u201eDr. I. Cantacuzino\u201d in Bucharest for mothers who lost their babies during pregnancy or at birth.  At the same time, we brought the first CuddleCot\u2122 units in Romania to the two hospitals, so that parents who have lost a child during birth can say goodbye as they feel, as they need.<br><\/p><p>We need to know how to be there for mothers who have lost their baby and give them the support and care they need at such a devastating time.&nbsp;<\/p><p><br><\/p>\n<\/div><div class=\"bde-columns-165-126 bde-columns\"><div class=\"bde-column-165-127 bde-column\">\n  \n\t\n\n\n\n<div class=\"bde-image-165-128 bde-image\">\n  \n\n\n\n\n\n<figure class=\"breakdance-image breakdance-image--169\">\n\t<div class=\"breakdance-image-container\">\n\t\t<div class=\"breakdance-image-clip\">\n\t\t\t\n\t\t\t\t\n\t\t\t\t\t      \n  \n  \n  \n  \n      \n      <img loading=\"lazy\" decoding=\"async\"\n      class=\"breakdance-image-object\"\n      src=\"https:\/\/moasele.ro\/wp-content\/uploads\/2023\/04\/4-1.webp\"\n      width=\"1024\"\n      height=\"768\"\n      \n      \n                                    srcset=\"https:\/\/moasele.ro\/wp-content\/uploads\/2023\/04\/4-1.webp 1024w, https:\/\/moasele.ro\/wp-content\/uploads\/2023\/04\/4-1-300x225.webp 300w, https:\/\/moasele.ro\/wp-content\/uploads\/2023\/04\/4-1-768x576.webp 768w\"\n                                                                      >\n  \n\n\t\t\t\t\t\n\t\t\t\t\t\t<\/div>\n\t<\/div>\n\n\t<\/figure>\n\n<\/div>\n<\/div><div class=\"bde-column-165-129 bde-column\">\n  \n\t\n\n\n\n<div class=\"bde-rich-text-165-131 bde-rich-text breakdance-rich-text-styles\">\n<p>The CuddleCot is a carrycot with a cooling device so that the lifeless baby can be kept in the right conditions for such situations. The device is used in most hospitals in the UK, countries in Europe, Australia and the USA.<\/p><p><\/p>\n<\/div>\n<\/div><\/div><\/div>\n<\/section>","protected":false},"excerpt":{"rendered":"<p>CuddleCot &#8211; \u201eMame f\u0103r\u0103 flori\u201d Spa\u021bii de doliu \u0219i suport pentru mamele care au n\u0103scut un copil care nu a supravie\u021buit. Am adus primele unit\u0103\u021bi CuddleCot\u2122 \u00een Rom\u00e2nia pentru ca p\u0103rin\u021bii care au pierdut un copil la na\u0219tere s\u0103 \u00ee\u0219i poat\u0103 lua r\u0103mas bun a\u0219a cum simt, cum au nevoie. Nu exist\u0103 cuvinte care s\u0103 [&hellip;]<\/p>","protected":false},"author":148,"featured_media":0,"parent":0,"menu_order":0,"comment_status":"closed","ping_status":"closed","template":"","meta":{"_breakdance_hide_in_design_set":false,"_breakdance_tags":"","footnotes":""},"class_list":["post-165","page","type-page","status-publish","hentry"],"acf":[],"_links":{"self":[{"href":"https:\/\/moasele.ro\/en\/wp-json\/wp\/v2\/pages\/165","targetHints":{"allow":["GET"]}}],"collection":[{"href":"https:\/\/moasele.ro\/en\/wp-json\/wp\/v2\/pages"}],"about":[{"href":"https:\/\/moasele.ro\/en\/wp-json\/wp\/v2\/types\/page"}],"author":[{"embeddable":true,"href":"https:\/\/moasele.ro\/en\/wp-json\/wp\/v2\/users\/148"}],"replies":[{"embeddable":true,"href":"https:\/\/moasele.ro\/en\/wp-json\/wp\/v2\/comments?post=165"}],"version-history":[{"count":3,"href":"https:\/\/moasele.ro\/en\/wp-json\/wp\/v2\/pages\/165\/revisions"}],"predecessor-version":[{"id":170,"href":"https:\/\/moasele.ro\/en\/wp-json\/wp\/v2\/pages\/165\/revisions\/170"}],"wp:attachment":[{"href":"https:\/\/moasele.ro\/en\/wp-json\/wp\/v2\/media?parent=165"}],"curies":[{"name":"wp","href":"https:\/\/api.w.org\/{rel}","templated":true}]}}