{"id":1765,"date":"2024-07-02T13:13:37","date_gmt":"2024-07-02T13:13:37","guid":{"rendered":"https:\/\/moasele.ro\/?page_id=1765"},"modified":"2024-07-29T10:51:14","modified_gmt":"2024-07-29T10:51:14","slug":"materiale-reteaua-grija-de-mama","status":"publish","type":"page","link":"https:\/\/moasele.ro\/en\/materiale-reteaua-grija-de-mama\/","title":{"rendered":"\u201cCaring for Mothers\u201d Network"},"content":{"rendered":"<section class=\"bde-section-1765-100 bde-section\">\n  \n\t\n\n\n\n<div class=\"section-container\"><div class=\"bde-rich-text-1765-103 bde-rich-text breakdance-rich-text-styles\">\n<h2>\u201cCaring for Mothers\u201d Network&nbsp;<\/h2>\n<\/div><div class=\"bde-rich-text-1765-104 bde-rich-text breakdance-rich-text-styles\">\n<h4>Servicii sigure \u0219i accesibile pentru mame \u0219i copii<\/h4><p><strong>Suporturi de curs pentru moa\u0219e, asistente medicale din maternit\u0103\u021bi, medici de familie, asistente medicale din cabinete de medicin\u0103 de familie, medici ginecologi, neonatologi, asisten\u021bi medicali comunitari<\/strong><\/p><p><\/p>\n<\/div><div class=\"bde-columns-1765-123 bde-columns\"><div class=\"bde-column-1765-124 bde-column\">\n  \n\t\n\n\n\n<div class=\"bde-image-1765-127 bde-image\">\n  \n\n\n\n\n\n<figure class=\"breakdance-image breakdance-image--1770\">\n\t<div class=\"breakdance-image-container\">\n\t\t<div class=\"breakdance-image-clip\">\n\t\t\t\n\t\t\t\t\n\t\t\t\t\t      \n  \n  \n  \n  \n      \n      <img loading=\"lazy\" decoding=\"async\"\n      class=\"breakdance-image-object\"\n      src=\"https:\/\/moasele.ro\/wp-content\/uploads\/2024\/07\/Screenshot-2024-07-02-at-16.10.11.png\"\n      width=\"856\"\n      height=\"607\"\n      \n      \n                                    srcset=\"https:\/\/moasele.ro\/wp-content\/uploads\/2024\/07\/Screenshot-2024-07-02-at-16.10.11.png 856w, https:\/\/moasele.ro\/wp-content\/uploads\/2024\/07\/Screenshot-2024-07-02-at-16.10.11-300x213.png 300w, https:\/\/moasele.ro\/wp-content\/uploads\/2024\/07\/Screenshot-2024-07-02-at-16.10.11-768x545.png 768w, https:\/\/moasele.ro\/wp-content\/uploads\/2024\/07\/Screenshot-2024-07-02-at-16.10.11-18x12.png 18w, https:\/\/moasele.ro\/wp-content\/uploads\/2024\/07\/Screenshot-2024-07-02-at-16.10.11-600x425.png 600w\"\n                                                                      >\n  \n\n\t\t\t\t\t\n\t\t\t\t\t\t<\/div>\n\t<\/div>\n\n\t<\/figure>\n\n<\/div><div class=\"bde-rich-text-1765-133 bde-rich-text breakdance-rich-text-styles\">\n<h4>Prevenirea violen\u021bei de gen<\/h4>\n<\/div><div class=\"bde-button-1765-132 bde-button\">\n    \n                                    \n    \n    \n    \n    \n            \n                    \n            \n            \n\n    \n    \n    \n    \n    <a class=\"breakdance-link button-atom button-atom--primary bde-button__button\" href=\"https:\/\/moasele.ro\/wp-content\/uploads\/2024\/07\/Prevenirea-violentei-de-gen.pdf\" target=\"_blank\" data-type=\"url\"  >\n\n    \n        <span class=\"button-atom__text\">Acceseaz\u0103<\/span>\n\n        \n        \n                <\/a>\n\n    \n\n\n<\/div>\n<\/div><div class=\"bde-column-1765-125 bde-column\">\n  \n\t\n\n\n\n<div class=\"bde-image-1765-128 bde-image\">\n  \n\n\n\n\n\n<figure class=\"breakdance-image breakdance-image--1778\">\n\t<div class=\"breakdance-image-container\">\n\t\t<div class=\"breakdance-image-clip\">\n\t\t\t\n\t\t\t\t\n\t\t\t\t\t      \n  \n  \n  \n  \n      \n      <img loading=\"lazy\" decoding=\"async\"\n      class=\"breakdance-image-object\"\n      src=\"https:\/\/moasele.ro\/wp-content\/uploads\/2024\/07\/Screenshot-2024-07-02-at-16.45.33.png\"\n      width=\"857\"\n      height=\"605\"\n      \n      \n                                    srcset=\"https:\/\/moasele.ro\/wp-content\/uploads\/2024\/07\/Screenshot-2024-07-02-at-16.45.33.png 857w, https:\/\/moasele.ro\/wp-content\/uploads\/2024\/07\/Screenshot-2024-07-02-at-16.45.33-300x212.png 300w, https:\/\/moasele.ro\/wp-content\/uploads\/2024\/07\/Screenshot-2024-07-02-at-16.45.33-768x542.png 768w, https:\/\/moasele.ro\/wp-content\/uploads\/2024\/07\/Screenshot-2024-07-02-at-16.45.33-18x12.png 18w, https:\/\/moasele.ro\/wp-content\/uploads\/2024\/07\/Screenshot-2024-07-02-at-16.45.33-600x424.png 600w\"\n                                                                      >\n  \n\n\t\t\t\t\t\n\t\t\t\t\t\t<\/div>\n\t<\/div>\n\n\t<\/figure>\n\n<\/div><div class=\"bde-rich-text-1765-134 bde-rich-text breakdance-rich-text-styles\">\n<h4>Na\u0219terea ca o experien\u021b\u0103 memorabil\u0103<\/h4>\n<\/div><div class=\"bde-button-1765-131 bde-button\">\n    \n                                    \n    \n    \n    \n    \n            \n                    \n            \n            \n\n    \n    \n    \n    \n    <a class=\"breakdance-link button-atom button-atom--primary bde-button__button\" href=\"https:\/\/moasele.ro\/wp-content\/uploads\/2024\/07\/Nasterea-ca-o-experienta-memorabila.pdf\" target=\"_blank\" data-type=\"url\"  >\n\n    \n        <span class=\"button-atom__text\">Acceseaz\u0103<\/span>\n\n        \n        \n                <\/a>\n\n    \n\n\n<\/div>\n<\/div><div class=\"bde-column-1765-126 bde-column\">\n  \n\t\n\n\n\n<div class=\"bde-image-1765-129 bde-image\">\n  \n\n\n\n\n\n<figure class=\"breakdance-image breakdance-image--1899\">\n\t<div class=\"breakdance-image-container\">\n\t\t<div class=\"breakdance-image-clip\">\n\t\t\t\n\t\t\t\t\n\t\t\t\t\t      \n  \n  \n  \n  \n      \n      <img loading=\"lazy\" decoding=\"async\"\n      class=\"breakdance-image-object\"\n      src=\"https:\/\/moasele.ro\/wp-content\/uploads\/2024\/07\/Screenshot-2024-07-29-at-13.48.52.png\"\n      width=\"855\"\n      height=\"605\"\n      \n      \n                                    srcset=\"https:\/\/moasele.ro\/wp-content\/uploads\/2024\/07\/Screenshot-2024-07-29-at-13.48.52.png 855w, https:\/\/moasele.ro\/wp-content\/uploads\/2024\/07\/Screenshot-2024-07-29-at-13.48.52-300x212.png 300w, https:\/\/moasele.ro\/wp-content\/uploads\/2024\/07\/Screenshot-2024-07-29-at-13.48.52-768x543.png 768w, https:\/\/moasele.ro\/wp-content\/uploads\/2024\/07\/Screenshot-2024-07-29-at-13.48.52-18x12.png 18w, https:\/\/moasele.ro\/wp-content\/uploads\/2024\/07\/Screenshot-2024-07-29-at-13.48.52-600x425.png 600w\"\n                                                                      >\n  \n\n\t\t\t\t\t\n\t\t\t\t\t\t<\/div>\n\t<\/div>\n\n\t<\/figure>\n\n<\/div><div class=\"bde-rich-text-1765-135 bde-rich-text breakdance-rich-text-styles\">\n<h4>\u00cengrijirea nou-n\u0103scutului <br>Promovarea vaccin\u0103rii pediatrice<\/h4>\n<\/div><div class=\"bde-button-1765-130 bde-button\">\n    \n                                    \n    \n    \n    \n    \n            \n                    \n            \n            \n\n    \n    \n    \n    \n    <a class=\"breakdance-link button-atom button-atom--primary bde-button__button\" href=\"https:\/\/moasele.ro\/wp-content\/uploads\/2024\/07\/20240705_Edit_Modul-5.pdf\" target=\"_blank\" data-type=\"url\"  >\n\n    \n        <span class=\"button-atom__text\">Acceseaz\u0103<\/span>\n\n        \n        \n                <\/a>\n\n    \n\n\n<\/div>\n<\/div><\/div><div class=\"bde-columns-1765-149 bde-columns\"><div class=\"bde-column-1765-150 bde-column\">\n  \n\t\n\n\n\n<div class=\"bde-image-1765-151 bde-image\">\n  \n\n\n\n\n\n<figure class=\"breakdance-image breakdance-image--1792\">\n\t<div class=\"breakdance-image-container\">\n\t\t<div class=\"breakdance-image-clip\">\n\t\t\t\n\t\t\t\t\n\t\t\t\t\t      \n  \n  \n  \n  \n      \n      <img loading=\"lazy\" decoding=\"async\"\n      class=\"breakdance-image-object\"\n      src=\"https:\/\/moasele.ro\/wp-content\/uploads\/2024\/07\/Screenshot-2024-07-03-at-07.41.48.png\"\n      width=\"856\"\n      height=\"604\"\n      \n      \n                                    srcset=\"https:\/\/moasele.ro\/wp-content\/uploads\/2024\/07\/Screenshot-2024-07-03-at-07.41.48.png 856w, https:\/\/moasele.ro\/wp-content\/uploads\/2024\/07\/Screenshot-2024-07-03-at-07.41.48-300x212.png 300w, https:\/\/moasele.ro\/wp-content\/uploads\/2024\/07\/Screenshot-2024-07-03-at-07.41.48-768x542.png 768w, https:\/\/moasele.ro\/wp-content\/uploads\/2024\/07\/Screenshot-2024-07-03-at-07.41.48-18x12.png 18w, https:\/\/moasele.ro\/wp-content\/uploads\/2024\/07\/Screenshot-2024-07-03-at-07.41.48-600x423.png 600w\"\n                                                                      >\n  \n\n\t\t\t\t\t\n\t\t\t\t\t\t<\/div>\n\t<\/div>\n\n\t<\/figure>\n\n<\/div><div class=\"bde-rich-text-1765-152 bde-rich-text breakdance-rich-text-styles\">\n<h4>S\u0103n\u0103tate public\u0103<\/h4>\n<\/div><div class=\"bde-button-1765-153 bde-button\">\n    \n                                    \n    \n    \n    \n    \n            \n                    \n            \n            \n\n    \n    \n    \n    \n    <a class=\"breakdance-link button-atom button-atom--primary bde-button__button\" href=\"https:\/\/moasele.ro\/wp-content\/uploads\/2024\/07\/Modul-0.pdf\" target=\"_blank\" data-type=\"url\"  >\n\n    \n        <span class=\"button-atom__text\">Acceseaz\u0103<\/span>\n\n        \n        \n                <\/a>\n\n    \n\n\n<\/div>\n<\/div><div class=\"bde-column-1765-154 bde-column\">\n  \n\t\n\n\n\n<div class=\"bde-image-1765-155 bde-image\">\n  \n\n\n\n\n\n<figure class=\"breakdance-image breakdance-image--1815\">\n\t<div class=\"breakdance-image-container\">\n\t\t<div class=\"breakdance-image-clip\">\n\t\t\t\n\t\t\t\t\n\t\t\t\t\t      \n  \n  \n  \n  \n      \n      <img loading=\"lazy\" decoding=\"async\"\n      class=\"breakdance-image-object\"\n      src=\"https:\/\/moasele.ro\/wp-content\/uploads\/2024\/07\/Screenshot-2024-07-03-at-08.39.30.png\"\n      width=\"856\"\n      height=\"608\"\n      \n      \n                                    srcset=\"https:\/\/moasele.ro\/wp-content\/uploads\/2024\/07\/Screenshot-2024-07-03-at-08.39.30.png 856w, https:\/\/moasele.ro\/wp-content\/uploads\/2024\/07\/Screenshot-2024-07-03-at-08.39.30-300x213.png 300w, https:\/\/moasele.ro\/wp-content\/uploads\/2024\/07\/Screenshot-2024-07-03-at-08.39.30-768x545.png 768w, https:\/\/moasele.ro\/wp-content\/uploads\/2024\/07\/Screenshot-2024-07-03-at-08.39.30-18x12.png 18w, https:\/\/moasele.ro\/wp-content\/uploads\/2024\/07\/Screenshot-2024-07-03-at-08.39.30-600x426.png 600w\"\n                                                                      >\n  \n\n\t\t\t\t\t\n\t\t\t\t\t\t<\/div>\n\t<\/div>\n\n\t<\/figure>\n\n<\/div><div class=\"bde-rich-text-1765-156 bde-rich-text breakdance-rich-text-styles\">\n<h4>Alfabetizarea \u00een s\u0103n\u0103tate<\/h4>\n<\/div><div class=\"bde-button-1765-157 bde-button\">\n    \n                                    \n    \n    \n    \n    \n            \n                    \n            \n            \n\n    \n    \n    \n    \n    <a class=\"breakdance-link button-atom button-atom--primary bde-button__button\" href=\"https:\/\/moasele.ro\/wp-content\/uploads\/2024\/07\/Modul-1.pdf\" target=\"_blank\" data-type=\"url\"  >\n\n    \n        <span class=\"button-atom__text\">Acceseaz\u0103<\/span>\n\n        \n        \n                <\/a>\n\n    \n\n\n<\/div>\n<\/div><div class=\"bde-column-1765-158 bde-column\">\n  \n\t\n\n\n\n<div class=\"bde-image-1765-159 bde-image\">\n  \n\n\n\n\n\n<figure class=\"breakdance-image breakdance-image--1816\">\n\t<div class=\"breakdance-image-container\">\n\t\t<div class=\"breakdance-image-clip\">\n\t\t\t\n\t\t\t\t\n\t\t\t\t\t      \n  \n  \n  \n  \n      \n      <img loading=\"lazy\" decoding=\"async\"\n      class=\"breakdance-image-object\"\n      src=\"https:\/\/moasele.ro\/wp-content\/uploads\/2024\/07\/Screenshot-2024-07-03-at-08.39.46.png\"\n      width=\"975\"\n      height=\"569\"\n      \n      \n                                    srcset=\"https:\/\/moasele.ro\/wp-content\/uploads\/2024\/07\/Screenshot-2024-07-03-at-08.39.46.png 975w, https:\/\/moasele.ro\/wp-content\/uploads\/2024\/07\/Screenshot-2024-07-03-at-08.39.46-300x175.png 300w, https:\/\/moasele.ro\/wp-content\/uploads\/2024\/07\/Screenshot-2024-07-03-at-08.39.46-768x448.png 768w, https:\/\/moasele.ro\/wp-content\/uploads\/2024\/07\/Screenshot-2024-07-03-at-08.39.46-18x12.png 18w, https:\/\/moasele.ro\/wp-content\/uploads\/2024\/07\/Screenshot-2024-07-03-at-08.39.46-600x350.png 600w\"\n                                                                      >\n  \n\n\t\t\t\t\t\n\t\t\t\t\t\t<\/div>\n\t<\/div>\n\n\t<\/figure>\n\n<\/div><div class=\"bde-rich-text-1765-160 bde-rich-text breakdance-rich-text-styles\">\n<h4>Accesul la \u00eengrijire decontat\u0103 de FNUASS pentru toate gravidele<\/h4>\n<\/div><div class=\"bde-button-1765-161 bde-button\">\n    \n                                    \n    \n    \n    \n    \n            \n                    \n            \n            \n\n    \n    \n    \n    \n    <a class=\"breakdance-link button-atom button-atom--primary bde-button__button\" href=\"https:\/\/moasele.ro\/wp-content\/uploads\/2024\/07\/Modul-2.pdf\" target=\"_blank\" data-type=\"url\"  >\n\n    \n        <span class=\"button-atom__text\">Acceseaz\u0103<\/span>\n\n        \n        \n                <\/a>\n\n    \n\n\n<\/div>\n<\/div><\/div><div class=\"bde-columns-1765-162 bde-columns\"><div class=\"bde-column-1765-163 bde-column\">\n  \n\t\n\n\n\n<div class=\"bde-image-1765-164 bde-image\">\n  \n\n\n\n\n\n<figure class=\"breakdance-image breakdance-image--1817\">\n\t<div class=\"breakdance-image-container\">\n\t\t<div class=\"breakdance-image-clip\">\n\t\t\t\n\t\t\t\t\n\t\t\t\t\t      \n  \n  \n  \n  \n      \n      <img loading=\"lazy\" decoding=\"async\"\n      class=\"breakdance-image-object\"\n      src=\"https:\/\/moasele.ro\/wp-content\/uploads\/2024\/07\/Screenshot-2024-07-03-at-08.40.09.png\"\n      width=\"857\"\n      height=\"606\"\n      \n      \n                                    srcset=\"https:\/\/moasele.ro\/wp-content\/uploads\/2024\/07\/Screenshot-2024-07-03-at-08.40.09.png 857w, https:\/\/moasele.ro\/wp-content\/uploads\/2024\/07\/Screenshot-2024-07-03-at-08.40.09-300x212.png 300w, https:\/\/moasele.ro\/wp-content\/uploads\/2024\/07\/Screenshot-2024-07-03-at-08.40.09-768x543.png 768w, https:\/\/moasele.ro\/wp-content\/uploads\/2024\/07\/Screenshot-2024-07-03-at-08.40.09-18x12.png 18w, https:\/\/moasele.ro\/wp-content\/uploads\/2024\/07\/Screenshot-2024-07-03-at-08.40.09-600x424.png 600w\"\n                                                                      >\n  \n\n\t\t\t\t\t\n\t\t\t\t\t\t<\/div>\n\t<\/div>\n\n\t<\/figure>\n\n<\/div><div class=\"bde-rich-text-1765-165 bde-rich-text breakdance-rich-text-styles\">\n<h4>Educa\u0163ia prenatal\u0103<\/h4>\n<\/div><div class=\"bde-button-1765-166 bde-button\">\n    \n                                    \n    \n    \n    \n    \n            \n                    \n            \n            \n\n    \n    \n    \n    \n    <a class=\"breakdance-link button-atom button-atom--primary bde-button__button\" href=\"https:\/\/moasele.ro\/wp-content\/uploads\/2024\/07\/Modul-3.pdf\" target=\"_blank\" data-type=\"url\"  >\n\n    \n        <span class=\"button-atom__text\">Acceseaz\u0103<\/span>\n\n        \n        \n                <\/a>\n\n    \n\n\n<\/div>\n<\/div><div class=\"bde-column-1765-167 bde-column\">\n  \n\t\n\n\n\n<div class=\"bde-image-1765-168 bde-image\">\n  \n\n\n\n\n\n<figure class=\"breakdance-image breakdance-image--1796\">\n\t<div class=\"breakdance-image-container\">\n\t\t<div class=\"breakdance-image-clip\">\n\t\t\t\n\t\t\t\t\n\t\t\t\t\t      \n  \n  \n  \n  \n      \n      <img loading=\"lazy\" decoding=\"async\"\n      class=\"breakdance-image-object\"\n      src=\"https:\/\/moasele.ro\/wp-content\/uploads\/2024\/07\/Screenshot-2024-07-03-at-07.43.01.png\"\n      width=\"856\"\n      height=\"609\"\n      \n      \n                                    srcset=\"https:\/\/moasele.ro\/wp-content\/uploads\/2024\/07\/Screenshot-2024-07-03-at-07.43.01.png 856w, https:\/\/moasele.ro\/wp-content\/uploads\/2024\/07\/Screenshot-2024-07-03-at-07.43.01-300x213.png 300w, https:\/\/moasele.ro\/wp-content\/uploads\/2024\/07\/Screenshot-2024-07-03-at-07.43.01-768x546.png 768w, https:\/\/moasele.ro\/wp-content\/uploads\/2024\/07\/Screenshot-2024-07-03-at-07.43.01-18x12.png 18w, https:\/\/moasele.ro\/wp-content\/uploads\/2024\/07\/Screenshot-2024-07-03-at-07.43.01-600x427.png 600w\"\n                                                                      >\n  \n\n\t\t\t\t\t\n\t\t\t\t\t\t<\/div>\n\t<\/div>\n\n\t<\/figure>\n\n<\/div><div class=\"bde-rich-text-1765-169 bde-rich-text breakdance-rich-text-styles\">\n<h4>Adaptarea psihoemo\u021bional\u0103 dup\u0103 na\u0219tere \u0219i complica\u021bii ale al\u0103pt\u0103rii<\/h4>\n<\/div><div class=\"bde-button-1765-170 bde-button\">\n    \n                                    \n    \n    \n    \n    \n            \n                    \n            \n            \n\n    \n    \n    \n    \n    <a class=\"breakdance-link button-atom button-atom--primary bde-button__button\" href=\"https:\/\/moasele.ro\/wp-content\/uploads\/2024\/07\/Modul-6.pdf\" target=\"_blank\" data-type=\"url\"  >\n\n    \n        <span class=\"button-atom__text\">Acceseaz\u0103<\/span>\n\n        \n        \n                <\/a>\n\n    \n\n\n<\/div>\n<\/div><div class=\"bde-column-1765-171 bde-column\">\n  \n\t\n\n\n\n<div class=\"bde-image-1765-172 bde-image\">\n  \n\n\n\n\n\n<figure class=\"breakdance-image breakdance-image--1797\">\n\t<div class=\"breakdance-image-container\">\n\t\t<div class=\"breakdance-image-clip\">\n\t\t\t\n\t\t\t\t\n\t\t\t\t\t      \n  \n  \n  \n  \n      \n      <img loading=\"lazy\" decoding=\"async\"\n      class=\"breakdance-image-object\"\n      src=\"https:\/\/moasele.ro\/wp-content\/uploads\/2024\/07\/Screenshot-2024-07-03-at-07.43.16.png\"\n      width=\"857\"\n      height=\"606\"\n      \n      \n                                    srcset=\"https:\/\/moasele.ro\/wp-content\/uploads\/2024\/07\/Screenshot-2024-07-03-at-07.43.16.png 857w, https:\/\/moasele.ro\/wp-content\/uploads\/2024\/07\/Screenshot-2024-07-03-at-07.43.16-300x212.png 300w, https:\/\/moasele.ro\/wp-content\/uploads\/2024\/07\/Screenshot-2024-07-03-at-07.43.16-768x543.png 768w, https:\/\/moasele.ro\/wp-content\/uploads\/2024\/07\/Screenshot-2024-07-03-at-07.43.16-18x12.png 18w, https:\/\/moasele.ro\/wp-content\/uploads\/2024\/07\/Screenshot-2024-07-03-at-07.43.16-600x424.png 600w\"\n                                                                      >\n  \n\n\t\t\t\t\t\n\t\t\t\t\t\t<\/div>\n\t<\/div>\n\n\t<\/figure>\n\n<\/div><div class=\"bde-rich-text-1765-173 bde-rich-text breakdance-rich-text-styles\">\n<h4>\u00cengrijirea l\u0103uzei<\/h4>\n<\/div><div class=\"bde-button-1765-174 bde-button\">\n    \n                                    \n    \n    \n    \n    \n            \n                    \n            \n            \n\n    \n    \n    \n    \n    <a class=\"breakdance-link button-atom button-atom--primary bde-button__button\" href=\"https:\/\/moasele.ro\/wp-content\/uploads\/2024\/07\/Modul-7.pdf\" target=\"_blank\" data-type=\"url\"  >\n\n    \n        <span class=\"button-atom__text\">Acceseaz\u0103<\/span>\n\n        \n        \n                <\/a>\n\n    \n\n\n<\/div>\n<\/div><\/div><div class=\"bde-columns-1765-175 bde-columns\"><div class=\"bde-column-1765-176 bde-column\">\n  \n\t\n\n\n\n<div class=\"bde-image-1765-177 bde-image\">\n  \n\n\n\n\n\n<figure class=\"breakdance-image breakdance-image--1798\">\n\t<div class=\"breakdance-image-container\">\n\t\t<div class=\"breakdance-image-clip\">\n\t\t\t\n\t\t\t\t\n\t\t\t\t\t      \n  \n  \n  \n  \n      \n      <img loading=\"lazy\" decoding=\"async\"\n      class=\"breakdance-image-object\"\n      src=\"https:\/\/moasele.ro\/wp-content\/uploads\/2024\/07\/Screenshot-2024-07-03-at-07.43.31.png\"\n      width=\"856\"\n      height=\"605\"\n      \n      \n                                    srcset=\"https:\/\/moasele.ro\/wp-content\/uploads\/2024\/07\/Screenshot-2024-07-03-at-07.43.31.png 856w, https:\/\/moasele.ro\/wp-content\/uploads\/2024\/07\/Screenshot-2024-07-03-at-07.43.31-300x212.png 300w, https:\/\/moasele.ro\/wp-content\/uploads\/2024\/07\/Screenshot-2024-07-03-at-07.43.31-768x543.png 768w, https:\/\/moasele.ro\/wp-content\/uploads\/2024\/07\/Screenshot-2024-07-03-at-07.43.31-18x12.png 18w, https:\/\/moasele.ro\/wp-content\/uploads\/2024\/07\/Screenshot-2024-07-03-at-07.43.31-600x424.png 600w\"\n                                                                      >\n  \n\n\t\t\t\t\t\n\t\t\t\t\t\t<\/div>\n\t<\/div>\n\n\t<\/figure>\n\n<\/div><div class=\"bde-rich-text-1765-178 bde-rich-text breakdance-rich-text-styles\">\n<h4>Prevenirea abuzului \u0219i exploat\u0103rii sexuale<\/h4>\n<\/div><div class=\"bde-button-1765-179 bde-button\">\n    \n                                    \n    \n    \n    \n    \n            \n                    \n            \n            \n\n    \n    \n    \n    \n    <a class=\"breakdance-link button-atom button-atom--primary bde-button__button\" href=\"https:\/\/moasele.ro\/wp-content\/uploads\/2024\/07\/Modul-9.pdf\" target=\"_blank\" data-type=\"url\"  >\n\n    \n        <span class=\"button-atom__text\">Acceseaz\u0103<\/span>\n\n        \n        \n                <\/a>\n\n    \n\n\n<\/div>\n<\/div><div class=\"bde-column-1765-180 bde-column\">\n  \n\t\n\n\n\n<div class=\"bde-image-1765-181 bde-image\">\n  \n\n\n\n\n\n<figure class=\"breakdance-image breakdance-image--1799\">\n\t<div class=\"breakdance-image-container\">\n\t\t<div class=\"breakdance-image-clip\">\n\t\t\t\n\t\t\t\t\n\t\t\t\t\t      \n  \n  \n  \n  \n      \n      <img loading=\"lazy\" decoding=\"async\"\n      class=\"breakdance-image-object\"\n      src=\"https:\/\/moasele.ro\/wp-content\/uploads\/2024\/07\/Screenshot-2024-07-03-at-07.43.49.png\"\n      width=\"855\"\n      height=\"610\"\n      \n      \n                                    srcset=\"https:\/\/moasele.ro\/wp-content\/uploads\/2024\/07\/Screenshot-2024-07-03-at-07.43.49.png 855w, https:\/\/moasele.ro\/wp-content\/uploads\/2024\/07\/Screenshot-2024-07-03-at-07.43.49-300x214.png 300w, https:\/\/moasele.ro\/wp-content\/uploads\/2024\/07\/Screenshot-2024-07-03-at-07.43.49-768x548.png 768w, https:\/\/moasele.ro\/wp-content\/uploads\/2024\/07\/Screenshot-2024-07-03-at-07.43.49-18x12.png 18w, https:\/\/moasele.ro\/wp-content\/uploads\/2024\/07\/Screenshot-2024-07-03-at-07.43.49-600x428.png 600w\"\n                                                                      >\n  \n\n\t\t\t\t\t\n\t\t\t\t\t\t<\/div>\n\t<\/div>\n\n\t<\/figure>\n\n<\/div><div class=\"bde-rich-text-1765-182 bde-rich-text breakdance-rich-text-styles\">\n<h4>Feedback I - Aplicarea cuno\u0219tin\u021belor \u0219i a tehnicilor dob\u00e2ndite<\/h4>\n<\/div><div class=\"bde-button-1765-183 bde-button\">\n    \n                                    \n    \n    \n    \n    \n            \n                    \n            \n            \n\n    \n    \n    \n    \n    <a class=\"breakdance-link button-atom button-atom--primary bde-button__button\" href=\"https:\/\/moasele.ro\/wp-content\/uploads\/2024\/07\/Feedback-1.pdf\" target=\"_blank\" data-type=\"url\"  >\n\n    \n        <span class=\"button-atom__text\">Acceseaz\u0103<\/span>\n\n        \n        \n                <\/a>\n\n    \n\n\n<\/div>\n<\/div><div class=\"bde-column-1765-184 bde-column\">\n  \n\t\n\n\n\n<div class=\"bde-image-1765-185 bde-image\">\n  \n\n\n\n\n\n<figure class=\"breakdance-image breakdance-image--1800\">\n\t<div class=\"breakdance-image-container\">\n\t\t<div class=\"breakdance-image-clip\">\n\t\t\t\n\t\t\t\t\n\t\t\t\t\t      \n  \n  \n  \n  \n      \n      <img loading=\"lazy\" decoding=\"async\"\n      class=\"breakdance-image-object\"\n      src=\"https:\/\/moasele.ro\/wp-content\/uploads\/2024\/07\/Screenshot-2024-07-03-at-07.44.05.png\"\n      width=\"854\"\n      height=\"608\"\n      \n      \n                                    srcset=\"https:\/\/moasele.ro\/wp-content\/uploads\/2024\/07\/Screenshot-2024-07-03-at-07.44.05.png 854w, https:\/\/moasele.ro\/wp-content\/uploads\/2024\/07\/Screenshot-2024-07-03-at-07.44.05-300x214.png 300w, https:\/\/moasele.ro\/wp-content\/uploads\/2024\/07\/Screenshot-2024-07-03-at-07.44.05-768x547.png 768w, https:\/\/moasele.ro\/wp-content\/uploads\/2024\/07\/Screenshot-2024-07-03-at-07.44.05-18x12.png 18w, https:\/\/moasele.ro\/wp-content\/uploads\/2024\/07\/Screenshot-2024-07-03-at-07.44.05-600x427.png 600w\"\n                                                                      >\n  \n\n\t\t\t\t\t\n\t\t\t\t\t\t<\/div>\n\t<\/div>\n\n\t<\/figure>\n\n<\/div><div class=\"bde-rich-text-1765-186 bde-rich-text breakdance-rich-text-styles\">\n<h4>Feedback II - Implica\u021bii practice ale cuno\u0219tin\u021belor teoretice predate<\/h4>\n<\/div><div class=\"bde-button-1765-187 bde-button\">\n    \n                                    \n    \n    \n    \n    \n            \n                    \n            \n            \n\n    \n    \n    \n    \n    <a class=\"breakdance-link button-atom button-atom--primary bde-button__button\" href=\"https:\/\/moasele.ro\/wp-content\/uploads\/2024\/07\/Feedback-II.pdf\" target=\"_blank\" data-type=\"url\"  >\n\n    \n        <span class=\"button-atom__text\">Acceseaz\u0103<\/span>\n\n        \n        \n                <\/a>\n\n    \n\n\n<\/div>\n<\/div><\/div><\/div>\n<\/section>","protected":false},"excerpt":{"rendered":"<p>Materiale Re\u021beaua \u201eGrij\u0103 de Mam\u0103\u201d&nbsp; Servicii sigure \u0219i accesibile pentru mame \u0219i copiiSuporturi de curs pentru moa\u0219e, asistente medicale din maternit\u0103\u021bi, medici de familie, asistente medicale din cabinete de medicin\u0103 de familie, medici ginecologi, neonatologi, asisten\u021bi medicali comunitari Prevenirea violen\u021bei de gen Acceseaz\u0103 Na\u0219terea ca o experien\u021b\u0103 memorabil\u0103 Acceseaz\u0103 \u00cengrijirea nou-n\u0103scutului Promovarea vaccin\u0103rii pediatrice Acceseaz\u0103 [&hellip;]<\/p>","protected":false},"author":148,"featured_media":0,"parent":0,"menu_order":0,"comment_status":"closed","ping_status":"closed","template":"","meta":{"_breakdance_hide_in_design_set":false,"_breakdance_tags":"","footnotes":""},"class_list":["post-1765","page","type-page","status-publish","hentry"],"acf":[],"_links":{"self":[{"href":"https:\/\/moasele.ro\/en\/wp-json\/wp\/v2\/pages\/1765","targetHints":{"allow":["GET"]}}],"collection":[{"href":"https:\/\/moasele.ro\/en\/wp-json\/wp\/v2\/pages"}],"about":[{"href":"https:\/\/moasele.ro\/en\/wp-json\/wp\/v2\/types\/page"}],"author":[{"embeddable":true,"href":"https:\/\/moasele.ro\/en\/wp-json\/wp\/v2\/users\/148"}],"replies":[{"embeddable":true,"href":"https:\/\/moasele.ro\/en\/wp-json\/wp\/v2\/comments?post=1765"}],"version-history":[{"count":19,"href":"https:\/\/moasele.ro\/en\/wp-json\/wp\/v2\/pages\/1765\/revisions"}],"predecessor-version":[{"id":1901,"href":"https:\/\/moasele.ro\/en\/wp-json\/wp\/v2\/pages\/1765\/revisions\/1901"}],"wp:attachment":[{"href":"https:\/\/moasele.ro\/en\/wp-json\/wp\/v2\/media?parent=1765"}],"curies":[{"name":"wp","href":"https:\/\/api.w.org\/{rel}","templated":true}]}}