{"id":2046,"date":"2024-10-18T10:54:31","date_gmt":"2024-10-18T10:54:31","guid":{"rendered":"https:\/\/moasele.ro\/?page_id=2046"},"modified":"2026-01-26T12:29:36","modified_gmt":"2026-01-26T10:29:36","slug":"consultanta-in-alaptare","status":"publish","type":"page","link":"https:\/\/moasele.ro\/en\/consultanta-in-alaptare\/","title":{"rendered":"Consultan\u021b\u0103 \u00een al\u0103ptare gratuit\u0103"},"content":{"rendered":"<section class=\"bde-section-2046-100 bde-section\">\n  \n\t\n\n\n\n<div class=\"section-container\"><h1 class=\"bde-heading-2046-105 bde-heading\">\nConsultan\u021b\u0103 \u00een Al\u0103ptare\n<\/h1><div class=\"bde-image-2046-145 bde-image\">\n  \n\n\n\n\n\n<figure class=\"breakdance-image breakdance-image--3967\">\n\t<div class=\"breakdance-image-container\">\n\t\t<div class=\"breakdance-image-clip\">\n\t\t\t\n\t\t\t\t\n\t\t\t\t\t      \n  \n  \n  \n  \n      \n      <img loading=\"lazy\" decoding=\"async\"\n      class=\"breakdance-image-object\"\n      src=\"https:\/\/moasele.ro\/wp-content\/uploads\/2026\/01\/Ami-Proiect-Cover-Nou-819x1024.jpg\"\n      width=\"819\"\n      height=\"1024\"\n      \n      \n                                    srcset=\"https:\/\/moasele.ro\/wp-content\/uploads\/2026\/01\/Ami-Proiect-Cover-Nou.jpg 1080w, https:\/\/moasele.ro\/wp-content\/uploads\/2026\/01\/Ami-Proiect-Cover-Nou-240x300.jpg 240w, https:\/\/moasele.ro\/wp-content\/uploads\/2026\/01\/Ami-Proiect-Cover-Nou-819x1024.jpg 819w, https:\/\/moasele.ro\/wp-content\/uploads\/2026\/01\/Ami-Proiect-Cover-Nou-768x960.jpg 768w, https:\/\/moasele.ro\/wp-content\/uploads\/2026\/01\/Ami-Proiect-Cover-Nou-10x12.jpg 10w, https:\/\/moasele.ro\/wp-content\/uploads\/2026\/01\/Ami-Proiect-Cover-Nou-600x750.jpg 600w\"\n                                                                      >\n  \n\n\t\t\t\t\t\n\t\t\t\t\t\t<\/div>\n\t<\/div>\n\n\t<\/figure>\n\n<\/div><div class=\"bde-text-2046-106 bde-text\">\n\n<\/div><div class=\"bde-rich-text-2046-168 bde-rich-text breakdance-rich-text-styles\">\n<p>Te preg\u0103te\u0219ti pentru venirea pe lume a bebelu\u0219ului, ai \u00eent\u00e2mpinat provoc\u0103ri dup\u0103 na\u0219tere sau pur \u0219i simplu ai \u00eentreb\u0103ri despre al\u0103ptare? <\/p><p>Suntem aici s\u0103 te sprijinim.<\/p><p>Al\u0103ptarea este o c\u0103l\u0103torie frumoas\u0103, dar nu \u00eentotdeauna u\u0219oar\u0103.<\/p><p><strong>Moa\u0219ele noastre licen\u021biate, consultante \u00een al\u0103ptare IBCLC (International Board Certified Lactation Consultant)<\/strong> sunt gata s\u0103 \u00ee\u021bi ofere <strong>GRATUIT<\/strong> suportul de care ai nevoie, pentru ca tu s\u0103 te bucuri din plin de aceast\u0103 experien\u021b\u0103 provocatoare.<\/p><p><\/p>\n<\/div><h1 class=\"bde-heading-2046-146 bde-heading\">\nDe ce s\u0103 alegi Consultan\u021ba \u00een Al\u0103ptare?\n<\/h1><div class=\"bde-text-2046-147 bde-text\">\nAl\u0103ptarea are multiple beneficii pentru mam\u0103 \u0219i nou-n\u0103scut. Laptele matern este considerat ca fiind cea mai bun\u0103 surs\u0103 de nutri\u021bie, Standardul de Aur, pentru nou-n\u0103scu\u021bi \u0219i sugari. Cu toate acestea, poate veni \u0219i cu provoc\u0103ri.<br><br>Fie c\u0103 te preg\u0103te\u0219ti pentru al\u0103ptare, tocmai ai n\u0103scut sau \u00eent\u00e2mpini probleme pe parcursul al\u0103pt\u0103rii, <strong>po\u021bi apela gratuit<\/strong> la noi.<br><br>O moa\u0219a consultant\u0103 \u00een al\u0103ptare IBCLC este \u00een m\u0103sur\u0103 s\u0103 \u00ee\u021bi ofere o solu\u021bie personalizat\u0103, \u00een orice etap\u0103 a al\u0103pt\u0103rii. \u0218i te va ghida corect \u0219i \u00een etapa de diversificare \u0219i \u00een cea de \u00een\u021b\u0103rcare.\n<\/div><div class=\"bde-columns-2046-148 bde-columns\"><div class=\"bde-column-2046-149 bde-column\">\n  \n\t\n\n\n\n<div class=\"bde-icon-box-2046-152 bde-icon-box\">\n\n    \n            <div class=\"ee-iconbox-icon breakdance-icon-atom\" >\n    \n                    <svg xmlns=\"http:\/\/www.w3.org\/2000\/svg\" viewbox=\"0 0 352 512\"><!-- Font Awesome Free 5.15.1 by @fontawesome - https:\/\/fontawesome.com License - https:\/\/fontawesome.com\/license\/free (Icons: CC BY 4.0, Fonts: SIL OFL 1.1, Code: MIT License) --><path d=\"M176 80c-52.94 0-96 43.06-96 96 0 8.84 7.16 16 16 16s16-7.16 16-16c0-35.3 28.72-64 64-64 8.84 0 16-7.16 16-16s-7.16-16-16-16zM96.06 459.17c0 3.15.93 6.22 2.68 8.84l24.51 36.84c2.97 4.46 7.97 7.14 13.32 7.14h78.85c5.36 0 10.36-2.68 13.32-7.14l24.51-36.84c1.74-2.62 2.67-5.7 2.68-8.84l.05-43.18H96.02l.04 43.18zM176 0C73.72 0 0 82.97 0 176c0 44.37 16.45 84.85 43.56 115.78 16.64 18.99 42.74 58.8 52.42 92.16v.06h48v-.12c-.01-4.77-.72-9.51-2.15-14.07-5.59-17.81-22.82-64.77-62.17-109.67-20.54-23.43-31.52-53.15-31.61-84.14-.2-73.64 59.67-128 127.95-128 70.58 0 128 57.42 128 128 0 30.97-11.24 60.85-31.65 84.14-39.11 44.61-56.42 91.47-62.1 109.46a47.507 47.507 0 0 0-2.22 14.3v.1h48v-.05c9.68-33.37 35.78-73.18 52.42-92.16C335.55 260.85 352 220.37 352 176 352 78.8 273.2 0 176 0z\"\/><\/svg>\n        \n        \n        \n            <\/div>\n    \n\n<div class=\"ee-iconbox-content\">\n      <h3 class=\"ee-iconbox-title\" >Te preg\u0103te\u0219ti emo\u021bional \u0219i fizic<\/h3>\n      <\/div>\n\n<\/div>\n<\/div><div class=\"bde-column-2046-150 bde-column\">\n  \n\t\n\n\n\n<div class=\"bde-icon-box-2046-153 bde-icon-box\">\n\n    \n            <div class=\"ee-iconbox-icon breakdance-icon-atom\" >\n    \n                    <svg xmlns=\"http:\/\/www.w3.org\/2000\/svg\" viewbox=\"0 0 352 512\"><!-- Font Awesome Free 5.15.1 by @fontawesome - https:\/\/fontawesome.com License - https:\/\/fontawesome.com\/license\/free (Icons: CC BY 4.0, Fonts: SIL OFL 1.1, Code: MIT License) --><path d=\"M176 80c-52.94 0-96 43.06-96 96 0 8.84 7.16 16 16 16s16-7.16 16-16c0-35.3 28.72-64 64-64 8.84 0 16-7.16 16-16s-7.16-16-16-16zM96.06 459.17c0 3.15.93 6.22 2.68 8.84l24.51 36.84c2.97 4.46 7.97 7.14 13.32 7.14h78.85c5.36 0 10.36-2.68 13.32-7.14l24.51-36.84c1.74-2.62 2.67-5.7 2.68-8.84l.05-43.18H96.02l.04 43.18zM176 0C73.72 0 0 82.97 0 176c0 44.37 16.45 84.85 43.56 115.78 16.64 18.99 42.74 58.8 52.42 92.16v.06h48v-.12c-.01-4.77-.72-9.51-2.15-14.07-5.59-17.81-22.82-64.77-62.17-109.67-20.54-23.43-31.52-53.15-31.61-84.14-.2-73.64 59.67-128 127.95-128 70.58 0 128 57.42 128 128 0 30.97-11.24 60.85-31.65 84.14-39.11 44.61-56.42 91.47-62.1 109.46a47.507 47.507 0 0 0-2.22 14.3v.1h48v-.05c9.68-33.37 35.78-73.18 52.42-92.16C335.55 260.85 352 220.37 352 176 352 78.8 273.2 0 176 0z\"\/><\/svg>\n        \n        \n        \n            <\/div>\n    \n\n<div class=\"ee-iconbox-content\">\n      <h3 class=\"ee-iconbox-title\" >Exersezi pozi\u021bii de al\u0103ptare corecte<\/h3>\n      <\/div>\n\n<\/div>\n<\/div><div class=\"bde-column-2046-151 bde-column\">\n  \n\t\n\n\n\n<div class=\"bde-icon-box-2046-154 bde-icon-box\">\n\n    \n            <div class=\"ee-iconbox-icon breakdance-icon-atom\" >\n    \n                    <svg xmlns=\"http:\/\/www.w3.org\/2000\/svg\" viewbox=\"0 0 352 512\"><!-- Font Awesome Free 5.15.1 by @fontawesome - https:\/\/fontawesome.com License - https:\/\/fontawesome.com\/license\/free (Icons: CC BY 4.0, Fonts: SIL OFL 1.1, Code: MIT License) --><path d=\"M176 80c-52.94 0-96 43.06-96 96 0 8.84 7.16 16 16 16s16-7.16 16-16c0-35.3 28.72-64 64-64 8.84 0 16-7.16 16-16s-7.16-16-16-16zM96.06 459.17c0 3.15.93 6.22 2.68 8.84l24.51 36.84c2.97 4.46 7.97 7.14 13.32 7.14h78.85c5.36 0 10.36-2.68 13.32-7.14l24.51-36.84c1.74-2.62 2.67-5.7 2.68-8.84l.05-43.18H96.02l.04 43.18zM176 0C73.72 0 0 82.97 0 176c0 44.37 16.45 84.85 43.56 115.78 16.64 18.99 42.74 58.8 52.42 92.16v.06h48v-.12c-.01-4.77-.72-9.51-2.15-14.07-5.59-17.81-22.82-64.77-62.17-109.67-20.54-23.43-31.52-53.15-31.61-84.14-.2-73.64 59.67-128 127.95-128 70.58 0 128 57.42 128 128 0 30.97-11.24 60.85-31.65 84.14-39.11 44.61-56.42 91.47-62.1 109.46a47.507 47.507 0 0 0-2.22 14.3v.1h48v-.05c9.68-33.37 35.78-73.18 52.42-92.16C335.55 260.85 352 220.37 352 176 352 78.8 273.2 0 176 0z\"\/><\/svg>\n        \n        \n        \n            <\/div>\n    \n\n<div class=\"ee-iconbox-content\">\n      <h3 class=\"ee-iconbox-title\" >Prime\u0219ti recomand\u0103ri \u0219i informa\u021bii esen\u021biale<\/h3>\n      <\/div>\n\n<\/div>\n<\/div><\/div><div class=\"bde-accordion-2046-180 bde-accordion bde-accordion--bordered\">\r\n\r\n<\/div><div class=\"bde-frequently-asked-questions-2046-156 bde-frequently-asked-questions\">\n      <div class=\"bde-faq__item\">\n      <h3 class=\"bde-faq__title-tag\">\n       <button id=\"bde-faq-156-button-1\" aria-expanded=\"false\" aria-controls=\"bde-faq-156-1\" class=\"bde-faq__question js-faq-item\">\n          <span class=\"bde-faq__title\"><strong> Cere ajutorul unei moa\u0219e licen\u021biate, consultante \u00een al\u0103ptare IBCLC pentru...<\/strong><\/span>\n                           <div aria-hidden=\"true\" class=\"bde-faq__icon bde-faq__icon--inactive\">\n                                <svg xmlns=\"http:\/\/www.w3.org\/2000\/svg\" viewbox=\"0 0 32 32\">\r\n<path d=\"M31 12h-11v-11c0-0.552-0.448-1-1-1h-6c-0.552 0-1 0.448-1 1v11h-11c-0.552 0-1 0.448-1 1v6c0 0.552 0.448 1 1 1h11v11c0 0.552 0.448 1 1 1h6c0.552 0 1-0.448 1-1v-11h11c0.552 0 1-0.448 1-1v-6c0-0.552-0.448-1-1-1z\"\/>\r\n<\/svg>\n                            <\/div>\n         \t  <div aria-hidden=\"true\" class=\"bde-faq__icon bde-faq__icon--active\">\n                                <svg xmlns=\"http:\/\/www.w3.org\/2000\/svg\" viewbox=\"0 0 448 512\"><!-- Font Awesome Free 5.15.1 by @fontawesome - https:\/\/fontawesome.com License - https:\/\/fontawesome.com\/license\/free (Icons: CC BY 4.0, Fonts: SIL OFL 1.1, Code: MIT License) --><path d=\"M416 208H32c-17.67 0-32 14.33-32 32v32c0 17.67 14.33 32 32 32h384c17.67 0 32-14.33 32-32v-32c0-17.67-14.33-32-32-32z\"\/><\/svg>\n                            <\/div>\n                  <\/button>\n      <\/h3>\n      <div hidden=\"true\" aria-labelledby=\"bde-faq-156-button-1\" id=\"bde-faq-156-1\" class=\"bde-faq__answer\">\n        <div class=\"bde-faq__answer-content breakdance-rich-text-styles\">\n        <p>\u25cf Informare corect\u0103 privind hr\u0103nirea copiilor cu lapte matern \u00een vederea lu\u0103rii unor decizii informate<br>\u25cf Preg\u0103tirea pentru al\u0103ptat din timpul sarcinii<br>\u25cf Verificarea \u0219i ajutor \u00een ob\u021binerea unei ata\u0219\u0103ri la s\u00e2n corecte \u00een perioada imediat\u0103 na\u0219terii sau dup\u0103<br>\u25cf Sfaturi pentru un start bun \u00een al\u0103ptare, verificarea ob\u021binerii rezultatelor dorite<br>\u25cf Dureri, tumefieri \u0219i\/sau leziuni la nivelul s\u00e2nilor, leziuni la nivelul areolelor<br>\u25cf Sfaturi privind pozi\u021bii optime de al\u0103ptat specifice situa\u021biei tale<br>\u25cf Secre\u021bie lactat\u0103 insuficient\u0103<br>\u25cf Probleme \u00een cre\u0219terea \u00een greutate a nou-n\u0103scutului\/sugarului<br>\u25cf Ajutor \u00een caz de muls cu pompa sau manual, alimenta\u021bie mixt\u0103<br>\u25cf Potrivirea pompei manuale\/electrice anatomiei tale \u0219i plan specific pentru nevoile sugarului t\u0103u<br>\u25cf Ajutor \u0219i sfaturi specifice \u00een caz de mastite sau canale \u00eenfundate<br>\u25cf Ajutor specializat \u00een caz de fren labial sau lingual la nou-n\u0103scu\u021bi<br>\u25cf Plan specific situa\u021biei voastre \u00een caz de hr\u0103nire exclusiv\u0103 cu lapte matern la s\u00e2n\/pompat exclusiv, sau suplimentare cu lapte matern pompat, sau alimenta\u021bie mixt\u0103 cu lapte matern \u0219i lapte praf<br>\u25cf Ajutor specializat \u00een caz de hiperlacta\u021bie sau flux de ejec\u021bie puternic al laptelui matern, regurgitare\/reflux al bebelu\u0219ului<br>\u25cf Plan individual \u00een caz de diversificare, re\u00eentoarcere la lucru, \u00eenceperea cre\u0219ei\/gr\u0103dini\u021bei<br>\u25cf Ajutor \u0219i plan individual \u00een cazul \u00eencet\u0103rii al\u0103pt\u0103rii<br>\u25cf Al\u0103ptare prelungit\u0103, al\u0103ptare \u00een sarcin\u0103, al\u0103ptare \u00een tandem, al\u0103ptarea gemenilor, al\u0103ptarea copiilor cu nevoi speciale, al\u0103ptarea prematurilor<br>\u25cf Orice \u00eentreb\u0103ri sau provoc\u0103ri privind hr\u0103nirea cu lapte matern<\/p>\n        <\/div>\n              <\/div>\n    <\/div>\n  \n<\/div><h1 class=\"bde-heading-2046-191 bde-heading\">\nCum func\u021bioneaz\u0103?\n<\/h1><div class=\"bde-rich-text-2046-193 bde-rich-text breakdance-rich-text-styles\">\n<p><strong>Completeaz\u0103 formularul de mai jos <\/strong>pentru a putea s\u0103-\u021bi oferim sprijinul de care ai nevoie c\u00e2t mai rapid \u0219i personalizat<\/p><p>Cazul t\u0103u va fi preluat de c\u0103tre o moa\u0219\u0103 licen\u021biat\u0103, consultant\u0103 \u00een al\u0103ptare IBCLC, care te va contacta s\u0103 stabili\u021bi o consulta\u021bie\/consiliere <strong>gratuit\u0103<\/strong> de al\u0103ptare, <strong>online, pe Zoom.<\/strong><\/p><p>\u00a0<\/p>\n<\/div><div class=\"bde-button-2046-199 bde-button\">\n    \n                                    \n    \n    \n    \n    \n            \n                    \n            \n            \n\n    \n    \n    \n    \n    <a class=\"breakdance-link button-atom button-atom--primary bde-button__button\" href=\"https:\/\/forms.office.com\/pages\/responsepage.aspx?id=a1taFNLy5k2t_zlvp4ERRVp-kDtPUpRAqGwNklblgPFUMFNYV1BEVlo5TVBHNEU4QkhHVDlBVklNSC4u&route=shorturl\" target=\"_blank\" data-type=\"url\"  >\n\n    \n        <span class=\"button-atom__text\">M\u0103 programez<\/span>\n\n        \n        \n                <\/a>\n\n    \n\n\n<\/div><div class=\"bde-rich-text-2046-195 bde-rich-text breakdance-rich-text-styles\">\n\n<\/div><div class=\"bde-rich-text-2046-196 bde-rich-text breakdance-rich-text-styles\">\n<p>\u00a0<\/p><p>Pentru urgen\u021be, ne po\u021bi transmite un mesaj pe WhatsApp, de luni p\u00e2n\u0103 vineri, \u00een intervalul orar 9:00 - 17:00. Mesajul transmis trebuie s\u0103 con\u021bin\u0103 numele \u00eentreg al solicitantului, date de contact (mobil \u0219i adresa de e-mail), localitatea\/ora\u0219ul, descrierea pe scurt a problemei. Cazul va fi preluat \u0219i o moa\u0219\u0103 v\u0103 va contacta \u00een cel mai scurt timp.<\/p><p>\u00a0<\/p>\n<\/div><div class=\"bde-button-2046-200 bde-button\">\n    \n                                    \n    \n    \n    \n    \n            \n                    \n            \n            \n\n    \n    \n    \n    \n    <a class=\"breakdance-link button-atom button-atom--secondary bde-button__button\" href=\"tel: 40 722 265 269\" target=\"_blank\" data-type=\"contact\"  >\n\n    \n        <span class=\"button-atom__text\">Trimite un mesaj pe Whatsapp la +40722265269<\/span>\n\n        \n        \n                <\/a>\n\n    \n\n\n<\/div><div class=\"bde-accordion-2046-216 bde-accordion bde-accordion--bordered\"><div class=\"bde-accordion__content-wrapper-2046-217 bde-accordion__content-wrapper\">\n<h3 class=\"bde-accordion__title-tag\">\n  <button type=\"button\" class=\"bde-accordion__button\" id=\"accordion-button-217\" aria-controls=\"accordion-panel-217\" aria-expanded=\"false\">\n     <span class=\"bde-accordion__title\" >Afl\u0103 mai multe despre moa\u0219ele AMI<\/span>\n     <span class=\"bde-accordion__icon bde-accordion__icon--default\"><\/span>\n     <span class=\"bde-accordion__icon bde-accordion__icon--active\"><\/span>\n  <\/button>\n<\/h3>\n\n<div role=\"region\" class=\"bde-accordion__panel\" id=\"accordion-panel-217\" aria-labelledby=\"accordion-button-217\" hidden>\n   <h3 class=\"bde-heading-2046-238 bde-heading\">\nNarcisa C\u00e2mpean\n<\/h3><div class=\"bde-text-2046-239 bde-text\">\nNarcisa este moa\u0219\u0103 licen\u021biat\u0103, cu peste 12 ani de experien\u021b\u0103 \u0219i consultant\u0103 \u00een al\u0103ptare IBCLC, cu aproape 10 ani de practic\u0103 \u00een acest domeniu<br><br>De-a lungul carierei, a oferit permanent asisten\u021b\u0103 gravidelor \u0219i mamelor \u00een cadrul maternit\u0103\u021bilor publice \u0219i private, av\u00e2nd un rol activ \u00een educarea \u0219i sprijinirea acestora. <br><br>Cu o abordare empatic\u0103 \u0219i bazat\u0103 pe cele mai recente dovezi \u0219tiin\u021bifice, Narcisa se dedic\u0103 promov\u0103rii al\u0103pt\u0103rii \u0219i \u00eemputernicirii mamelor s\u0103 fac\u0103 alegeri informate pentru s\u0103n\u0103tatea lor \u0219i a copiilor. <br><br>Ca moa\u0219\u0103 \u0219i consultant \u00een al\u0103ptare, va aduce expertiza sa \u00een consilierea al\u0103pt\u0103rii, oferind suport personalizat pentru a r\u0103spunde nevoilor unice ale fiec\u0103rei mame \u0219i nou-n\u0103scut.  <br><br>\n<\/div><div class=\"bde-image-2046-240 bde-image\">\n  \n\n\n\n\n\n<figure class=\"breakdance-image breakdance-image--2120\">\n\t<div class=\"breakdance-image-container\">\n\t\t<div class=\"breakdance-image-clip\">\n\t\t\t\n\t\t\t\t\n\t\t\t\t\t      \n  \n  \n  \n  \n      \n      <img loading=\"lazy\" decoding=\"async\"\n      class=\"breakdance-image-object\"\n      src=\"https:\/\/moasele.ro\/wp-content\/uploads\/2024\/10\/Untitled-design2-300x300.png\"\n      width=\"300\"\n      height=\"300\"\n      \n      \n                                    srcset=\"https:\/\/moasele.ro\/wp-content\/uploads\/2024\/10\/Untitled-design2.png 600w, https:\/\/moasele.ro\/wp-content\/uploads\/2024\/10\/Untitled-design2-300x300.png 300w, https:\/\/moasele.ro\/wp-content\/uploads\/2024\/10\/Untitled-design2-150x150.png 150w, https:\/\/moasele.ro\/wp-content\/uploads\/2024\/10\/Untitled-design2-12x12.png 12w, https:\/\/moasele.ro\/wp-content\/uploads\/2024\/10\/Untitled-design2-100x100.png 100w\"\n                                                                      >\n  \n\n\t\t\t\t\t\n\t\t\t\t\t\t<\/div>\n\t<\/div>\n\n\t\t\t<figcaption class=\"breakdance-image__caption\">\n\t\t\tNarcisa C\u00e2mpean\n\t\t<\/figcaption>\n\t<\/figure>\n\n<\/div><h3 class=\"bde-heading-2046-241 bde-heading\">\nRadu Mihaela Corina\n<\/h3><div class=\"bde-text-2046-242 bde-text\">\nMoa\u0219\u0103 licen\u021biat\u0103, absolvent\u0103 a Universit\u0103\u021bii de Medicin\u0103 \u0219i Farmacie \u201eCarol Davila\u201d din Bucure\u0219ti, cu o carier\u0103 dedicat\u0103 de peste 35 de ani \u00een sala de na\u0219teri, unde a asistat mii de femei \u00een cel mai vulnerabil \u0219i intens moment al vie\u021bii lor \u2013 na\u0219terea. Cu o profund\u0103 \u00een\u021belegere a fiziologiei na\u0219terii, a \u00eengrijirii centrate pe femeie \u0219i a importan\u021bei sprijinului empatic, \u0219i-a transformat practica \u00een voca\u021bie.<br><br>Este asistent universitar la Facultatea de Moa\u0219e \u0219i Asisten\u021b\u0103 Medical\u0103, unde contribuie activ la formarea noii genera\u021bii de moa\u0219e, combin\u00e2nd rigoarea academic\u0103 cu experien\u021ba clinic\u0103 acumulat\u0103 \u00een decenii de activitate. Prin metode moderne de predare \u0219i mentorat constant, inspir\u0103 studentele s\u0103 practice o \u00eengrijire responsabil\u0103, informat\u0103 \u0219i uman\u0103.<br><br>\u00cen prezent, este doctorand \u00een cadrul aceleia\u0219i universit\u0103\u021bi, cu o tez\u0103 axat\u0103 pe \u201eStudiu asupra comportamentului gravidelor privind managementul na\u0219terii \u0219i s\u0103n\u0103tatea reproducerii\u201d. Tema reflect\u0103 preocuparea sa pentru \u00een\u021belegerea deciziilor femeilor \u00een timpul sarcinii \u0219i pentru promovarea unui model de \u00eengrijire bazat pe alegeri informate, respect reciproc \u0219i implicarea activ\u0103 a gravidei \u00een procesul na\u0219terii.<br><br>Prin activitatea sa, \u00eembin\u0103 cercetarea, educa\u021bia \u0219i practica clinic\u0103 \u00eentr-un demers coerent de a promova s\u0103n\u0103tatea matern\u0103 \u0219i reproductiv\u0103, autonomia profesional\u0103 a moa\u0219elor \u0219i calitatea actului medical \u00een obstetric\u0103.\n<\/div><div class=\"bde-image-2046-243 bde-image\">\n  \n\n\n\n\n\n<figure class=\"breakdance-image breakdance-image--3082\">\n\t<div class=\"breakdance-image-container\">\n\t\t<div class=\"breakdance-image-clip\">\n\t\t\t\n\t\t\t\t\n\t\t\t\t\t      \n  \n  \n  \n  \n      \n      <img loading=\"lazy\" decoding=\"async\"\n      class=\"breakdance-image-object\"\n      src=\"https:\/\/moasele.ro\/wp-content\/uploads\/2025\/05\/WhatsApp-Image-2025-05-17-at-18.32.03-296x300.jpeg\"\n      width=\"296\"\n      height=\"300\"\n      \n      \n                                    srcset=\"https:\/\/moasele.ro\/wp-content\/uploads\/2025\/05\/WhatsApp-Image-2025-05-17-at-18.32.03.jpeg 656w, https:\/\/moasele.ro\/wp-content\/uploads\/2025\/05\/WhatsApp-Image-2025-05-17-at-18.32.03-296x300.jpeg 296w, https:\/\/moasele.ro\/wp-content\/uploads\/2025\/05\/WhatsApp-Image-2025-05-17-at-18.32.03-12x12.jpeg 12w, https:\/\/moasele.ro\/wp-content\/uploads\/2025\/05\/WhatsApp-Image-2025-05-17-at-18.32.03-600x607.jpeg 600w, https:\/\/moasele.ro\/wp-content\/uploads\/2025\/05\/WhatsApp-Image-2025-05-17-at-18.32.03-100x100.jpeg 100w\"\n                                                                      >\n  \n\n\t\t\t\t\t\n\t\t\t\t\t\t<\/div>\n\t<\/div>\n\n\t\t\t<figcaption class=\"breakdance-image__caption\">\n\t\t\tRadu Mihaela Corina\n\t\t<\/figcaption>\n\t<\/figure>\n\n<\/div>\n<\/div>\n\n\n\n<\/div>\r\n\r\n<\/div><div class=\"bde-rich-text-2046-201 bde-rich-text breakdance-rich-text-styles\">\n<p><\/p><p><em>Activit\u0103\u021bi organizate de Asocia\u021bia Moa\u0219elor Independente cu sprijinul <\/em><a target=\"_blank\" href=\"https:\/\/www.facebook.com\/carrefour\/?brand_redir=170252536439294\"><em>Carrefour<\/em><\/a><em>.<\/em><\/p>\n<\/div><div class=\"bde-rich-text-2046-198 bde-rich-text breakdance-rich-text-styles\">\n<p><\/p><p><\/p><p><strong>Disclaimer<\/strong><\/p><p>Acest serviciu nu constituie un consult medical \u0219i nu \u00eenlocuie\u0219te sfatul unui medic sau controalele periodice pentru tine \u0219i cel mic. Dac\u0103 e\u0219ti \u00eengrijorat\u0103 pentru starea ta de s\u0103n\u0103tate sau cea a copilului t\u0103u, contacteaz\u0103 f\u0103r\u0103 \u00eent\u00e2rziere medicul de familie, pediatrul sau serviciul de urgen\u021b\u0103, dup\u0103 caz. Num\u0103rul unic na\u021bional pentru servicii de urgen\u021b\u0103: 112.<\/p><p>Acest serviciu gratuit de consultan\u021b\u0103 \u00een al\u0103ptare se limiteaz\u0103 la consilierea privind hr\u0103nirea nou-n\u0103scu\u021bilor \u0219i sugarilor. <\/p><p>Ne rezerv\u0103m dreptul de a nu r\u0103spunde solicit\u0103rilor privind alte probleme de s\u0103n\u0103tate, solicit\u0103rilor incomplete sau celor unde nu se respect\u0103 o bun\u0103 comunicare \u00eentre interlocutori. Completarea formularului sau apelul telefonic reprezint\u0103 acordul t\u0103u privind prelucrarea datelor cu caracter personal.<\/p><p><\/p><p><\/p>\n<\/div><div class=\"bde-accordion-2046-249 bde-accordion bde-accordion--bordered\"><div class=\"bde-accordion__content-wrapper-2046-256 bde-accordion__content-wrapper\">\n<h3 class=\"bde-accordion__title-tag\">\n  <button type=\"button\" class=\"bde-accordion__button\" id=\"accordion-button-256\" aria-controls=\"accordion-panel-256\" aria-expanded=\"false\">\n     <span class=\"bde-accordion__title\" >Vezi \u0219i alte cursuri disponibile<\/span>\n     <span class=\"bde-accordion__icon bde-accordion__icon--default\"><\/span>\n     <span class=\"bde-accordion__icon bde-accordion__icon--active\"><\/span>\n  <\/button>\n<\/h3>\n\n<div role=\"region\" class=\"bde-accordion__panel\" id=\"accordion-panel-256\" aria-labelledby=\"accordion-button-256\" hidden>\n   <div class=\"bde-rich-text-2046-257 bde-rich-text breakdance-rich-text-styles\">\n<p><a href=\"https:\/\/moasele.ro\/en\/cursuri-gratuite-ami\/\" target=\"_blank\" rel=\"noopener\">Cursuri Prenatale \u0219i Postnatale GRATUITE pentru p\u0103rin\u021bi \u0219i viitori p\u0103rin\u021bi<\/a><\/p><p><a href=\"https:\/\/moasele.ro\/en\/eveniment\/curs-de-educare-si-reeducare-perineala-cu-livia-tobosaru\/\" target=\"_blank\" rel=\"noopener\">Curs de Educare \u0219i Reeducare Perineal\u0103<\/a><\/p><p>\u00a0<\/p>\n<\/div>\n<\/div>\n\n\n\n<\/div>\r\n\r\n<\/div><\/div>\n<\/section>","protected":false},"excerpt":{"rendered":"<p>Consultan\u021b\u0103 \u00een Al\u0103ptare Te preg\u0103te\u0219ti pentru venirea pe lume a bebelu\u0219ului, ai \u00eent\u00e2mpinat provoc\u0103ri dup\u0103 na\u0219tere sau pur \u0219i simplu ai \u00eentreb\u0103ri despre al\u0103ptare? Suntem aici s\u0103 te sprijinim.Al\u0103ptarea este o c\u0103l\u0103torie frumoas\u0103, dar nu \u00eentotdeauna u\u0219oar\u0103.Moa\u0219ele noastre licen\u021biate, consultante \u00een al\u0103ptare IBCLC (International Board Certified Lactation Consultant) sunt gata s\u0103 \u00ee\u021bi ofere GRATUIT suportul [&hellip;]<\/p>","protected":false},"author":148,"featured_media":0,"parent":0,"menu_order":0,"comment_status":"closed","ping_status":"closed","template":"","meta":{"_breakdance_hide_in_design_set":false,"_breakdance_tags":"","footnotes":""},"class_list":["post-2046","page","type-page","status-publish","hentry"],"acf":[],"_links":{"self":[{"href":"https:\/\/moasele.ro\/en\/wp-json\/wp\/v2\/pages\/2046","targetHints":{"allow":["GET"]}}],"collection":[{"href":"https:\/\/moasele.ro\/en\/wp-json\/wp\/v2\/pages"}],"about":[{"href":"https:\/\/moasele.ro\/en\/wp-json\/wp\/v2\/types\/page"}],"author":[{"embeddable":true,"href":"https:\/\/moasele.ro\/en\/wp-json\/wp\/v2\/users\/148"}],"replies":[{"embeddable":true,"href":"https:\/\/moasele.ro\/en\/wp-json\/wp\/v2\/comments?post=2046"}],"version-history":[{"count":79,"href":"https:\/\/moasele.ro\/en\/wp-json\/wp\/v2\/pages\/2046\/revisions"}],"predecessor-version":[{"id":3968,"href":"https:\/\/moasele.ro\/en\/wp-json\/wp\/v2\/pages\/2046\/revisions\/3968"}],"wp:attachment":[{"href":"https:\/\/moasele.ro\/en\/wp-json\/wp\/v2\/media?parent=2046"}],"curies":[{"name":"wp","href":"https:\/\/api.w.org\/{rel}","templated":true}]}}