{"id":2457,"date":"2024-11-18T10:38:55","date_gmt":"2024-11-18T08:38:55","guid":{"rendered":"https:\/\/moasele.ro\/?page_id=2457"},"modified":"2024-11-18T10:43:09","modified_gmt":"2024-11-18T08:43:09","slug":"formular-atestat-puericultura","status":"publish","type":"page","link":"https:\/\/moasele.ro\/en\/formular-atestat-puericultura\/","title":{"rendered":"Formular Atestat Puericultura"},"content":{"rendered":"<div class=\"bde-rich-text-2168-242 bde-rich-text breakdance-rich-text-styles\">\n<p>Pentru ta\u021bii prezen\u021bi la minimum jum\u0103tate dintre \u0219edin\u021bele cursurilor noastre oferim Atestatul de Puericultur\u0103 pentru a ob\u021bine concediul paternal.<br \/>\n<strong>Important<\/strong>: Te rug\u0103m s\u0103 introduci adresa de e-mail utilizat\u0103 la \u00eenscrierea la cursuri pentru a o putea asocia cu \u0219edin\u021bele la care ai participat.<\/p>\n<\/div>\n<div class=\"wpforms-container wpforms-container-full\" id=\"wpforms-2446\"><form id=\"wpforms-form-2446\" class=\"wpforms-validate wpforms-form wpforms-ajax-form\" data-formid=\"2446\" method=\"post\" enctype=\"multipart\/form-data\" action=\"\/en\/wp-json\/wp\/v2\/pages\/2457\" data-token=\"ccb3ff8b0d91f382fb8b9c3b8e804dc9\" data-trp-original-action=\"\/en\/wp-json\/wp\/v2\/pages\/2457\"><noscript class=\"wpforms-error-noscript\">Please enable JavaScript in your browser to complete this form.<\/noscript><div class=\"wpforms-field-container\"><div id=\"wpforms-2446-field_1-container\" class=\"wpforms-field wpforms-field-text\" data-field-id=\"1\"><label class=\"wpforms-field-label\" for=\"wpforms-2446-field_1\">First Name <span class=\"wpforms-required-label\">*<\/span><\/label><input type=\"text\" id=\"wpforms-2446-field_1\" class=\"wpforms-field-medium wpforms-field-required\" name=\"wpforms[fields][1]\" required><\/div><div id=\"wpforms-2446-field_3-container\" class=\"wpforms-field wpforms-field-text\" data-field-id=\"3\"><label class=\"wpforms-field-label\" for=\"wpforms-2446-field_3\">Last Name <span class=\"wpforms-required-label\">*<\/span><\/label><input type=\"text\" id=\"wpforms-2446-field_3\" class=\"wpforms-field-medium wpforms-field-required\" name=\"wpforms[fields][3]\" required><\/div><div id=\"wpforms-2446-field_4-container\" class=\"wpforms-field wpforms-field-email\" data-field-id=\"4\"><label class=\"wpforms-field-label\" for=\"wpforms-2446-field_4\">Email <span class=\"wpforms-required-label\">*<\/span><\/label><input type=\"email\" id=\"wpforms-2446-field_4\" class=\"wpforms-field-medium wpforms-field-required\" name=\"wpforms[fields][4]\" placeholder=\"Introdu e-mail-ul cu care te-ai \u00eenscris la cursuri\" required><\/div><div id=\"wpforms-2446-field_6-container\" class=\"wpforms-field wpforms-field-text\" data-field-id=\"6\"><label class=\"wpforms-field-label\" for=\"wpforms-2446-field_6\">Phone <span class=\"wpforms-required-label\">*<\/span><\/label><input type=\"text\" id=\"wpforms-2446-field_6\" class=\"wpforms-field-medium wpforms-field-required\" name=\"wpforms[fields][6]\" required><\/div><div id=\"wpforms-2446-field_10-container\" class=\"wpforms-field wpforms-field-text\" data-field-id=\"10\"><label class=\"wpforms-field-label\" for=\"wpforms-2446-field_10\">Ora\u0219ul \u00een care ai participat <span class=\"wpforms-required-label\">*<\/span><\/label><input type=\"text\" id=\"wpforms-2446-field_10\" class=\"wpforms-field-medium wpforms-field-required\" name=\"wpforms[fields][10]\" required><div class=\"wpforms-field-description\">Pentru Cluj-Napoca, specific\u0103 \u0219i limba (rom\u00e2n\u0103 sau maghiar\u0103)<\/div><\/div><div id=\"wpforms-2446-field_7-container\" class=\"wpforms-field wpforms-field-textarea\" data-field-id=\"7\"><label class=\"wpforms-field-label\" for=\"wpforms-2446-field_7\">\u0218edin\u021bele la care ai participat <span class=\"wpforms-required-label\">*<\/span><\/label><textarea id=\"wpforms-2446-field_7\" class=\"wpforms-field-medium wpforms-field-required\" name=\"wpforms[fields][7]\" placeholder=\"Introdu num\u0103rul \u0219edin\u021belor\" required><\/textarea><\/div><div id=\"wpforms-2446-field_8-container\" class=\"wpforms-field wpforms-field-checkbox wpforms-list-inline\" data-field-id=\"8\"><label class=\"wpforms-field-label\" for=\"wpforms-2446-field_8\">Prin transmiterea informa\u021biilor de mai sus, accept Termenele \u0219i Condi\u021biile \u0219i sunt de acord cu prelucrarea datelor personale furnizate, conform Politicii de confiden\u021bialitate \u0219i protec\u021bie a datelor cu caracter personal. Sunt de acord cu Termenele \u0219i Condi\u021biile cursurilor  <span class=\"wpforms-required-label\">*<\/span><\/label><ul id=\"wpforms-2446-field_8\" class=\"wpforms-field-required\"><li class=\"choice-1 depth-1\"><input type=\"checkbox\" id=\"wpforms-2446-field_8_1\" name=\"wpforms[fields][8][]\" value=\"Da\" required><label class=\"wpforms-field-label-inline\" for=\"wpforms-2446-field_8_1\">Da<\/label><\/li><\/ul><\/div><\/div><div class=\"wpforms-submit-container\"><input type=\"hidden\" name=\"wpforms[id]\" value=\"2446\"><input type=\"hidden\" name=\"wpforms[author]\" value=\"148\"><button type=\"submit\" name=\"wpforms[submit]\" id=\"wpforms-submit-2446\" class=\"wpforms-submit\" data-alt-text=\"Sending...\" data-submit-text=\"Submit\" aria-live=\"assertive\" value=\"wpforms-submit\">Submit<\/button><img loading=\"lazy\" decoding=\"async\" src=\"https:\/\/moasele.ro\/wp-content\/plugins\/wpforms\/assets\/images\/submit-spin.svg\" class=\"wpforms-submit-spinner\" style=\"display: none;\" width=\"26\" height=\"26\" alt=\"Loading\"><\/div><input type=\"hidden\" name=\"trp-form-language\" value=\"en\"\/><\/form><\/div>  <!-- .wpforms-container -->","protected":false},"excerpt":{"rendered":"<p>Pentru ta\u021bii prezen\u021bi la minimum jum\u0103tate dintre \u0219edin\u021bele cursurilor noastre oferim Atestatul de Puericultur\u0103 pentru a ob\u021bine concediul paternal. Important: Te rug\u0103m s\u0103 introduci adresa de e-mail utilizat\u0103 la \u00eenscrierea la cursuri pentru a o putea asocia cu \u0219edin\u021bele la care ai participat.<\/p>","protected":false},"author":148,"featured_media":0,"parent":0,"menu_order":0,"comment_status":"closed","ping_status":"closed","template":"","meta":{"_breakdance_hide_in_design_set":false,"_breakdance_tags":"","footnotes":""},"class_list":["post-2457","page","type-page","status-publish","hentry"],"acf":[],"_links":{"self":[{"href":"https:\/\/moasele.ro\/en\/wp-json\/wp\/v2\/pages\/2457","targetHints":{"allow":["GET"]}}],"collection":[{"href":"https:\/\/moasele.ro\/en\/wp-json\/wp\/v2\/pages"}],"about":[{"href":"https:\/\/moasele.ro\/en\/wp-json\/wp\/v2\/types\/page"}],"author":[{"embeddable":true,"href":"https:\/\/moasele.ro\/en\/wp-json\/wp\/v2\/users\/148"}],"replies":[{"embeddable":true,"href":"https:\/\/moasele.ro\/en\/wp-json\/wp\/v2\/comments?post=2457"}],"version-history":[{"count":4,"href":"https:\/\/moasele.ro\/en\/wp-json\/wp\/v2\/pages\/2457\/revisions"}],"predecessor-version":[{"id":2462,"href":"https:\/\/moasele.ro\/en\/wp-json\/wp\/v2\/pages\/2457\/revisions\/2462"}],"wp:attachment":[{"href":"https:\/\/moasele.ro\/en\/wp-json\/wp\/v2\/media?parent=2457"}],"curies":[{"name":"wp","href":"https:\/\/api.w.org\/{rel}","templated":true}]}}