{"id":279,"date":"2023-04-26T12:39:53","date_gmt":"2023-04-26T12:39:53","guid":{"rendered":"https:\/\/moasele.ro\/?page_id=279"},"modified":"2025-06-23T15:06:25","modified_gmt":"2025-06-23T13:06:25","slug":"interviuri","status":"publish","type":"page","link":"https:\/\/moasele.ro\/en\/interviuri\/","title":{"rendered":"Interviews"},"content":{"rendered":"<section class=\"bde-section-279-100 bde-section\">\n  \n\t\n\n\n\n<div class=\"section-container\"><div class=\"bde-columns-279-101 bde-columns\"><div class=\"bde-column-279-102 bde-column\">\n  \n\t\n\n\n\n<h1 class=\"bde-heading-279-104 bde-heading\">\nMelania Tudose - Gala \u201eBuz\u0103ul Genial - Femei la puterea 10\u201d\n<\/h1><div class=\"bde-rich-text-279-120 bde-rich-text breakdance-rich-text-styles\">\n<p>Melania Tudose, pre\u0219edinta Asocia\u021biei Moa\u0219elor Independente \u0219i vicepre\u0219edinta Asocia\u021biei Europene a Moa\u0219elor (EMA), a fost premiat\u0103 \u00een cadrul Galei \u201eBuz\u0103ul Genial - Femei la puterea 10\u201d pentru activitatea \u0219i performan\u021bele profesionale (30 martie 2024)<\/p><p>Afl\u0103 ce \u00eenseamn\u0103 s\u0103 fii moa\u0219\u0103, ce fac moa\u0219ele \u0219i <a target=\"_blank\" href=\"https:\/\/moasele.ro\/en\/devino-moasa\/\">cum po\u021bi deveni \u0219i tu moa\u0219\u0103<\/a>.<\/p>\n<\/div>\n<\/div><div class=\"bde-column-279-103 bde-column\">\n  \n\t\n\n\n\n<div class=\"bde-video-279-105 bde-video\">\n<div class=\"ee-video-container\">\n                                                                        \n                <lite-youtube\n                        videoid=\"AeAabVTVXjg\"\n                                                style=\"background-image: url(https:\/\/i.ytimg.com\/vi\/AeAabVTVXjg\/maxresdefault.jpg); \"\n                        class=\"ee-video\"\n                        title=\"\"\n                        params=\"&playsinline=0&rel=0&enablejsapi=1\"\n                >\n                <\/lite-youtube>\n                    \n        \n            \n    <\/div>\n\n<\/div>\n<\/div><\/div><\/div>\n<\/section>","protected":false},"excerpt":{"rendered":"<p>Melania Tudose &#8211; Gala \u201eBuz\u0103ul Genial &#8211; Femei la puterea 10\u201d Melania Tudose, pre\u0219edinta Asocia\u021biei Moa\u0219elor Independente \u0219i vicepre\u0219edinta Asocia\u021biei Europene a Moa\u0219elor (EMA), a fost premiat\u0103 \u00een cadrul Galei \u201eBuz\u0103ul Genial &#8211; Femei la puterea 10\u201d pentru activitatea \u0219i performan\u021bele profesionale (30 martie 2024)Afl\u0103 ce \u00eenseamn\u0103 s\u0103 fii moa\u0219\u0103, ce fac moa\u0219ele \u0219i cum [&hellip;]<\/p>","protected":false},"author":148,"featured_media":0,"parent":0,"menu_order":0,"comment_status":"closed","ping_status":"closed","template":"","meta":{"_breakdance_hide_in_design_set":false,"_breakdance_tags":"","footnotes":""},"class_list":["post-279","page","type-page","status-publish","hentry"],"acf":[],"_links":{"self":[{"href":"https:\/\/moasele.ro\/en\/wp-json\/wp\/v2\/pages\/279","targetHints":{"allow":["GET"]}}],"collection":[{"href":"https:\/\/moasele.ro\/en\/wp-json\/wp\/v2\/pages"}],"about":[{"href":"https:\/\/moasele.ro\/en\/wp-json\/wp\/v2\/types\/page"}],"author":[{"embeddable":true,"href":"https:\/\/moasele.ro\/en\/wp-json\/wp\/v2\/users\/148"}],"replies":[{"embeddable":true,"href":"https:\/\/moasele.ro\/en\/wp-json\/wp\/v2\/comments?post=279"}],"version-history":[{"count":4,"href":"https:\/\/moasele.ro\/en\/wp-json\/wp\/v2\/pages\/279\/revisions"}],"predecessor-version":[{"id":3178,"href":"https:\/\/moasele.ro\/en\/wp-json\/wp\/v2\/pages\/279\/revisions\/3178"}],"wp:attachment":[{"href":"https:\/\/moasele.ro\/en\/wp-json\/wp\/v2\/media?parent=279"}],"curies":[{"name":"wp","href":"https:\/\/api.w.org\/{rel}","templated":true}]}}