{"id":334,"date":"2023-04-26T15:38:47","date_gmt":"2023-04-26T15:38:47","guid":{"rendered":"https:\/\/moasele.ro\/?page_id=334"},"modified":"2024-11-21T09:21:12","modified_gmt":"2024-11-21T07:21:12","slug":"devino-moasa","status":"publish","type":"page","link":"https:\/\/moasele.ro\/en\/devino-moasa\/","title":{"rendered":"Devino Moasa"},"content":{"rendered":"<section class=\"bde-section-334-100 bde-section\">\n  \n\t\n\n\n\n<div class=\"section-container\"><h1 class=\"bde-heading-334-102 bde-heading\">\nDevino moa\u0219\u0103<br>\n<\/h1><div class=\"bde-div-334-108 bde-div\">\n  \n\t\n\n\n\n<div class=\"bde-rich-text-334-106 bde-rich-text breakdance-rich-text-styles\">\n<h4>Credem c\u0103 moa\u0219ele au cea mai frumoas\u0103 profesie din lume.<\/h4><p>Noi, moa\u0219ele, facem lumea mai bun\u0103 \u0219i mai sigur\u0103:<\/p><ul><li><p>Prin ajutorul pe care \u00eel oferim \u00een sarcin\u0103, la na\u0219tere \u0219i \u00een perioada de dup\u0103<\/p><\/li><\/ul><ul><li><p>Prin serviciile pe care le furniz\u0103m femeilor, cuplurilor \u0219i adolescen\u021bilor pentru preven\u021bia sarcinilor nedorite, \u00eentr-un mod incluziv \u0219i etic<\/p><\/li><li><p>Prin grija pentru tot ce \u021bine de s\u0103n\u0103tatea reproducerii \u0219i dreptul femeilor de a avea copiii pe care \u0219i-i doresc, c\u00e2nd \u0219i-i doresc, dac\u0103 \u0219i-i doresc.<\/p><\/li><\/ul><ul><li><p>Prin grija \u0219i pre\u021buirea cu care ajut\u0103m femeile, nou-n\u0103scu\u021bii \u0219i familiile acestora<\/p><\/li><\/ul><ul><li><p>Prin rolul important pe care \u00eel avem \u00een societate \u0219i \u00een orice sistem medical<\/p><\/li><\/ul><p><strong>Asocia\u021bia Moa\u0219elor Independente (AMI) \u00ee\u021bi ofer\u0103 sprijin dac\u0103 vrei s\u0103 devii moa\u0219\u0103.<\/strong><\/p><ul><li><p><strong>Afl\u0103 mai jos ce sunt moa\u0219ele, ce fac, care sunt studiile necesare \u0219i cum te poate ajuta AMI s\u0103 devii moa\u0219\u0103.<\/strong><\/p><\/li><\/ul><p><br><\/p>\n<\/div><div class=\"bde-div-334-166 bde-div\">\n  \n\t\n\n\n\n<div class=\"bde-button-334-167 bde-button\">\n    \n                                    \n    \n    \n    \n    \n            \n                    \n            \n            \n\n    \n    \n    \n    \n    <a class=\"breakdance-link button-atom button-atom--primary bde-button__button\" href=\"#inscriere\" target=\"_self\" data-type=\"url\"  >\n\n    \n        <span class=\"button-atom__text\">\u00censcrie-te<\/span>\n\n        \n        \n                <\/a>\n\n    \n\n\n<\/div>\n<\/div>\n<\/div><div class=\"bde-div-334-109 bde-div\">\n  \n\t\n\n\n\n<div class=\"bde-rich-text-334-107 bde-rich-text breakdance-rich-text-styles\">\n<h4><strong>Ce sunt moa\u0219ele<\/strong><\/h4><p>Care este primul cuv\u00e2nt care \u00ee\u021bi vine \u00een minte c\u00e2nd spui \u201emoa\u0219\u0103\u201d?<\/p><p>Probabil c\u0103 primul lucru la care te g\u00e2nde\u0219ti este na\u0219terea unui copil.<\/p><p><strong>Moa\u0219ele reprezint\u0103 personalul medical specializat \u00een asistarea na\u0219terii fiziologice \u0219i \u00een recunoa\u0219terea complica\u021biilor, dac\u0103 acestea apar. Dar rolul moa\u0219ei nu se opre\u0219te aici.<\/strong><\/p><p>Moa\u0219ele \u00eenso\u021besc viitorii p\u0103rin\u021bi \u00een timpul sarcinii, sunt al\u0103turi de ace\u0219tia \u00een timpul na\u0219terii, dar \u0219i \u00een perioada de dup\u0103, cu asisten\u021b\u0103 medical\u0103 pentru monitorizarea sarcinii, asistarea na\u0219terii, monitorizarea proaspetei mame \u0219i a nou-n\u0103scutului, c\u00e2t \u0219i cu educa\u021bie pre \u0219i postnatal\u0103 pentru p\u0103rin\u021bi sau mam\u0103.<\/p><p>Moa\u0219ele au un rol important \u00een societate \u0219i sunt respectate \u0219i apreciate peste tot \u00een lume.<\/p><p>\u00cen Europa, <a href=\"https:\/\/www.statista.com\/statistics\/554970\/midwives-in-europe\/\">peste 165.000 de persoane<\/a> practic\u0103 una dintre cele mai frumoase \u0219i complexe profesii - cea de moa\u0219\u0103.<\/p>\n<\/div>\n<\/div><div class=\"bde-div-334-111 bde-div\">\n  \n\t\n\n\n\n<div class=\"bde-rich-text-334-110 bde-rich-text breakdance-rich-text-styles\">\n<h3><strong>Ce fac moa\u0219ele<\/strong><\/h3><ul><li><p><strong>\u00cen timpul sarcinii<\/strong><\/p><ul><li><p>Examineaz\u0103 medical gravida, monitorizeaz\u0103 starea ei \u0219i a f\u0103tului<\/p><\/li><li><p>Ofer\u0103 recomand\u0103ri pentru o sarcin\u0103 s\u0103n\u0103toas\u0103<\/p><\/li><li><p>Identific\u0103 \u0219i gestioneaz\u0103 problemele medicale cu care se pot confrunta gravidele<\/p><\/li><li><p>\u00cendrum\u0103 gravidele c\u0103tre diferi\u021bi speciali\u0219ti pentru morfologiile fetale sau riscuri suplimentare identificate<\/p><\/li><li><p>Ofer\u0103 sprijin emo\u021bional gravidelor \u0219i partenerilor acestora<\/p><\/li><li><p>Ajut\u0103 femeile s\u0103 se preg\u0103teasc\u0103 pentru na\u0219tere \u0219i pentru perioada de dup\u0103<\/p><\/li><li><p>Furnizeaz\u0103 cursuri de educa\u021bie prenatal\u0103<\/p><\/li><\/ul><\/li><li><p><strong>\u00cen timpul na\u0219terii<\/strong><\/p><ul><li><p>Asist\u0103 na\u0219terile<\/p><\/li><li><p>Ajut\u0103 femeile s\u0103 nasc\u0103 natural \u00een siguran\u021b\u0103, oferind op\u021biuni de ameliorare a durerii<\/p><\/li><li><p>Efectueaz\u0103 epiziotomia c\u00e2nd aceasta este necesar\u0103<\/p><\/li><li><p>Sunt preg\u0103tite s\u0103 identifice complica\u021biile \u0219i s\u0103 le gestioneze \u00eempreun\u0103 cu echipa medical\u0103<\/p><\/li><\/ul><\/li><li><p><strong>Dup\u0103 na\u0219tere<\/strong><\/p><ul><li><p>\u00cengrijesc \u0219i furnizeaz\u0103 servicii medicale (consulta\u021bii) mamelor \u0219i bebelu\u0219ilor \u00een primele s\u0103pt\u0103m\u00e2ni de la na\u0219tere<\/p><\/li><li><p>Sprijin\u0103 p\u0103rin\u021bii cu recomand\u0103ri despre hr\u0103nirea \u0219i \u00eengrijirea bebelu\u0219ilor<\/p><\/li><li><p>Ofer\u0103 consiliere pentru al\u0103ptare<\/p><\/li><li><p>Sus\u021bin emo\u021bional p\u0103rin\u021bii \u0219i \u00eei ajut\u0103 s\u0103 se adapteze mai bine la noul rol<\/p><\/li><li><p>Ofer\u0103 module de educa\u021bie post-natal\u0103, recuperare perineal\u0103 \u0219i screening privind depresia post-partum<\/p><\/li><\/ul><\/li><li><p><strong>\u00cen societate \u0219i \u00een sistemul educa\u021bional<\/strong><\/p><ul><li><p>Promoveaz\u0103 \u0219i ap\u0103r\u0103 drepturile \u0219i s\u0103n\u0103tatea fetelor \u0219i femeilor<\/p><\/li><li><p>Promoveaz\u0103 dreptul la servicii de s\u0103n\u0103tate a reproducerii sigure \u0219i accesibile tuturor<\/p><\/li><li><p>Furnizeaz\u0103 module de educa\u021bie pentru s\u0103n\u0103tate, inclusiv educa\u021bie sexual\u0103 \u0219i pentru prevenirea abuzurilor<\/p><\/li><li><p>Ofer\u0103 servicii de planificare familial\u0103<\/p><\/li><li><p>Lucreaz\u0103 \u00een cercetare<\/p><\/li><li><p>Preg\u0103tesc profesional \u0219i ofer\u0103 mentorat viitoarelor moa\u0219e<\/p><\/li><li><p>Activeaz\u0103 ca lideri \u00een sistemul de s\u0103n\u0103tate<\/p><\/li><\/ul><\/li><\/ul>\n<\/div><div class=\"bde-image-334-113 bde-image\">\n  \n\n\n\n\n\n<figure class=\"breakdance-image breakdance-image--1420\">\n\t<div class=\"breakdance-image-container\">\n\t\t<div class=\"breakdance-image-clip\">\n\t\t\t\n\t\t\t\t\n\t\t\t\t\t      \n  \n  \n  \n  \n      \n      <img loading=\"lazy\" decoding=\"async\"\n      class=\"breakdance-image-object\"\n      src=\"https:\/\/moasele.ro\/wp-content\/uploads\/2024\/03\/Vizual-Devino-Moasa.-Ce-fac-moasele.png\"\n      width=\"1920\"\n      height=\"1080\"\n      \n      \n                                    srcset=\"https:\/\/moasele.ro\/wp-content\/uploads\/2024\/03\/Vizual-Devino-Moasa.-Ce-fac-moasele.png 1920w, https:\/\/moasele.ro\/wp-content\/uploads\/2024\/03\/Vizual-Devino-Moasa.-Ce-fac-moasele-300x169.png 300w, https:\/\/moasele.ro\/wp-content\/uploads\/2024\/03\/Vizual-Devino-Moasa.-Ce-fac-moasele-1024x576.png 1024w, https:\/\/moasele.ro\/wp-content\/uploads\/2024\/03\/Vizual-Devino-Moasa.-Ce-fac-moasele-768x432.png 768w, https:\/\/moasele.ro\/wp-content\/uploads\/2024\/03\/Vizual-Devino-Moasa.-Ce-fac-moasele-1536x864.png 1536w, https:\/\/moasele.ro\/wp-content\/uploads\/2024\/03\/Vizual-Devino-Moasa.-Ce-fac-moasele-18x10.png 18w, https:\/\/moasele.ro\/wp-content\/uploads\/2024\/03\/Vizual-Devino-Moasa.-Ce-fac-moasele-600x338.png 600w\"\n                                                                      >\n  \n\n\t\t\t\t\t\n\t\t\t\t\t\t<\/div>\n\t<\/div>\n\n\t<\/figure>\n\n<\/div>\n<\/div><div class=\"bde-div-334-114 bde-div\">\n  \n\t\n\n\n\n<div class=\"bde-rich-text-334-115 bde-rich-text breakdance-rich-text-styles\">\n<h4><strong>Cum devii moa\u0219\u0103<\/strong><\/h4><p>To be able to work as a midwife, you need to have a university degree in medical specialisation.<\/p><p>You can attend the Faculty of Midwifery and Medical Assistance (FMAM) at the \"Carol Davila\" University of Medicine and Pharmacy in Bucharest or the Faculty of Medicine and Pharmacy at the \"Dun\u0103rea de Jos\" University of Galati.<\/p><p>The duration of the programme is 4 years.<\/p>\n<\/div>\n<\/div><div class=\"bde-div-334-116 bde-div\">\n  \n\t\n\n\n\n<div class=\"bde-rich-text-334-117 bde-rich-text breakdance-rich-text-styles\">\n<h4><strong>Cum are loc admiterea la Facultatea de Moa\u0219e?<\/strong><\/h4><p>\u00cen anul universitar 2025, vor fi locuri disponibile \u00een cadrul Facult\u0103\u021bii de Moa\u0219e \u0219i Asisten\u021b\u0103 Medical\u0103 UMF \u201eCarol Davila\u201d din Bucure\u0219ti \u0219i \u00een cadrul Facult\u0103\u021bii de Medicin\u0103 \u0219i Farmacie Universitatea \u201eDun\u0103rea de Jos\u201d din Gala\u021bi.<\/p><p>Admiterea se face \u00een urma unui examen scris (test gril\u0103 cu 60 - 80 de \u00eentreb\u0103ri) din materia de Biologie studiat\u0103 \u00een liceu.<\/p><p>Vom actualiza aici informa\u021biile despre num\u0103rul de locuri disponibile \u0219i perioada de admitere pe m\u0103sur\u0103 ce acestea sunt comunicate din partea facult\u0103\u021bilor.<\/p>\n<\/div>\n<\/div><div class=\"bde-div-334-118 bde-div\">\n  \n\t\n\n\n\n<div id=\"inscriere\" class=\"bde-rich-text-334-119 bde-rich-text breakdance-rich-text-styles\">\n<h4><strong>Cum te ajut\u0103 AMI?<\/strong><\/h4><p><strong>La Asocia\u021bia Moa\u0219elor Independente<\/strong> \u00ee\u021bi oferim <strong>sprijin gratuit<\/strong> pentru admiterea la Facultatea de Moa\u0219e:<\/p><ul><li><p><strong>Preg\u0103tire de grup cu facilitatori cu experien\u021b\u0103 \u00een preg\u0103tirea candida\u021bilor pentru admitere la Medicin\u0103 \u0219i la Facultatea de moa\u0219e<\/strong><br><\/p><\/li><\/ul><ul><li><p><strong>Acces la materialele aprobate de studiu (ex.: manualul agreat de UMF \u201eCarol Davila\u201d pentru examen)<\/strong><br><\/p><\/li><\/ul><ul><li><p><strong>Sesiuni de mentorat al\u0103turi de moa\u0219e cu experien\u021b\u0103<\/strong><\/p><\/li><\/ul>\n<\/div>\n<\/div><div class=\"bde-div-334-120 bde-div\">\n  \n\t\n\n\n\n<div class=\"bde-button-334-122 bde-button\">\n    \n                                    \n    \n    \n    \n    \n            \n                    \n            \n            \n\n    \n    \n    \n    \n    <a class=\"breakdance-link button-atom button-atom--primary bde-button__button\" href=\"https:\/\/forms.office.com\/e\/JeUJi2jwbP\" target=\"_blank\" data-type=\"url\"  >\n\n    \n        <span class=\"button-atom__text\">SIGN UP NOW<\/span>\n\n        \n        \n                <\/a>\n\n    \n\n\n<\/div>\n<\/div><\/div>\n<\/section><section class=\"bde-section-334-124 bde-section\">\n  \n\t\n\n\n\n<div class=\"section-container\"><div class=\"bde-accordion-334-145 bde-accordion bde-accordion--bordered\"><div class=\"bde-accordion__content-wrapper-334-146 bde-accordion__content-wrapper\">\n<h3 class=\"bde-accordion__title-tag\">\n  <button type=\"button\" class=\"bde-accordion__button\" id=\"accordion-button-146\" aria-controls=\"accordion-panel-146\" aria-expanded=\"false\">\n     <span class=\"bde-accordion__title\" >Vezi Planul de preg\u0103tire<\/span>\n     <span class=\"bde-accordion__icon bde-accordion__icon--default\"><\/span>\n     <span class=\"bde-accordion__icon bde-accordion__icon--active\"><\/span>\n  <\/button>\n<\/h3>\n\n<div role=\"region\" class=\"bde-accordion__panel\" id=\"accordion-panel-146\" aria-labelledby=\"accordion-button-146\" hidden>\n   <div class=\"bde-rich-text-334-162 bde-rich-text breakdance-rich-text-styles\">\n<ul><li><p>13 Ianuarie: Introducere - Alc\u0103tuirea Corpului Uman<\/p><\/li><li><p>20 Ianuarie: Poten\u021bial de Ac\u021biune, \u021aesuturi<\/p><\/li><li><p>27 Ianuarie: Sistem Nervos - Introducere<\/p><\/li><li><p>3 Februarie: M\u0103duva Spin\u0103rii + Encefalul<\/p><\/li><li><p>10 Februarie: Sistem Nervos Vegetativ<\/p><\/li><li><p>17 Februarie: Recapitulare Sistem Nervos<\/p><\/li><li><p>24 Februarie: Analizator Cutanat<\/p><\/li><li><p>3 Martie: Analizator Kinestezic<\/p><\/li><li><p>10 Martie: Analizator Olfactiv + Gustativ<\/p><\/li><li><p>17 Martie: Analizator Vizual<\/p><\/li><li><p>24 Martie: Analizator Acustico-Vestibular<\/p><\/li><li><p>31 Martie: Glande Endocrine<\/p><\/li><li><p>7 Aprilie: Mi\u0219care<\/p><\/li><li><p>14 Aprilie: Sistem Digestiv - Introducere<\/p><\/li><li><p>21 Aprilie: Absorb\u021bie \u0219i Secre\u021bie<\/p><\/li><li><p>28 Aprilie: S\u00e2ngele<\/p><\/li><li><p>5 Mai: Circula\u021bia<\/p><\/li><li><p>12 Mai: Respira\u021bia<\/p><\/li><li><p>19 Mai: Renal - Introducere<\/p><\/li><li><p>26 Mai: Excre\u021bia<\/p><\/li><li><p>2 Iunie: Metabolism<\/p><\/li><li><p>9 Iunie: Recapitulare<\/p><\/li><li><p>16 Iunie: Reproduc\u0103tor Anatomie<\/p><\/li><li><p>23 Iunie: Reproducator<\/p><\/li><li><p>30 Iunie: Recapitulare - No\u021biuni Importante<\/p><\/li><li><p>7 Iulie: Teste gril\u0103 <\/p><\/li><li><p>14 Iulie: Teste gril\u0103<\/p><\/li><li><p>21 Iulie: Teste gril\u0103 <\/p><\/li><\/ul><p>Acest plan este orientativ \u0219i poate suferi schimb\u0103ri \u00een func\u021bie de parcursul grupei.<br>Pe parcursul anului, se vor face simul\u0103ri sau ore de recapitulare\/ore special dedicate pentru grile, separate de orele de predare.<\/p>\n<\/div>\n<\/div>\n\n\n\n<\/div><div class=\"bde-accordion__content-wrapper-334-157 bde-accordion__content-wrapper\">\n<h3 class=\"bde-accordion__title-tag\">\n  <button type=\"button\" class=\"bde-accordion__button\" id=\"accordion-button-157\" aria-controls=\"accordion-panel-157\" aria-expanded=\"false\">\n     <span class=\"bde-accordion__title\" >Despre Ana Niculescu, facilitator pentru preg\u0103tirea candidan\u021bilor la Facultatea de Moa\u0219e<\/span>\n     <span class=\"bde-accordion__icon bde-accordion__icon--default\"><\/span>\n     <span class=\"bde-accordion__icon bde-accordion__icon--active\"><\/span>\n  <\/button>\n<\/h3>\n\n<div role=\"region\" class=\"bde-accordion__panel\" id=\"accordion-panel-157\" aria-labelledby=\"accordion-button-157\" hidden>\n   <h4 class=\"bde-heading-334-158 bde-heading\">\nAna Niculescu\n<\/h4><div class=\"bde-text-334-159 bde-text\">\nEste student\u0103 \u00een anul V la Facultatea de Medicin\u0103 din cadrul Universit\u0103\u021bii de Medicin\u0103 \u0219i Farmacie \u201eCarol Davila\u201d din Bucure\u0219ti \u0219i are o experien\u021ba de 4 ani \u00een preg\u0103tirea studen\u021bilor. <br><br>Ana a fost premiat\u0103 doi ani la r\u00e2nd de c\u0103tre Societatea Studen\u021bilor \u00een Medicin\u0103 Bucure\u0219ti cu premiile \u201eCel mai bun educator\u201d \u0219i pentru advocacy. <br><br><strong>Al\u0103turi de Asocia\u021bia Moa\u0219elor Independente, are o experien\u021b\u0103 de peste 1 an \u0219i rezultate foarte bune privind rata de admitere a candida\u021bilor preg\u0103ti\u021bi de ea \u00een 2024 (peste 80%).<\/strong><br><br>\n<\/div><div class=\"bde-image-334-160 bde-image\">\n  \n\n\n\n\n\n<figure class=\"breakdance-image breakdance-image--2566\">\n\t<div class=\"breakdance-image-container\">\n\t\t<div class=\"breakdance-image-clip\">\n\t\t\t\n\t\t\t\t\n\t\t\t\t\t      \n  \n  \n  \n  \n      \n      <img loading=\"lazy\" decoding=\"async\"\n      class=\"breakdance-image-object\"\n      src=\"https:\/\/moasele.ro\/wp-content\/uploads\/2024\/11\/WhatsApp-Image-2024-11-19-at-14.21.56-225x300.jpeg\"\n      width=\"225\"\n      height=\"300\"\n      \n      \n                                    srcset=\"https:\/\/moasele.ro\/wp-content\/uploads\/2024\/11\/WhatsApp-Image-2024-11-19-at-14.21.56-225x300.jpeg 225w, https:\/\/moasele.ro\/wp-content\/uploads\/2024\/11\/WhatsApp-Image-2024-11-19-at-14.21.56-768x1024.jpeg 768w, https:\/\/moasele.ro\/wp-content\/uploads\/2024\/11\/WhatsApp-Image-2024-11-19-at-14.21.56-1152x1536.jpeg 1152w, https:\/\/moasele.ro\/wp-content\/uploads\/2024\/11\/WhatsApp-Image-2024-11-19-at-14.21.56-9x12.jpeg 9w, https:\/\/moasele.ro\/wp-content\/uploads\/2024\/11\/WhatsApp-Image-2024-11-19-at-14.21.56-600x800.jpeg 600w, https:\/\/moasele.ro\/wp-content\/uploads\/2024\/11\/WhatsApp-Image-2024-11-19-at-14.21.56.jpeg 1200w\"\n                                                                      >\n  \n\n\t\t\t\t\t\n\t\t\t\t\t\t<\/div>\n\t<\/div>\n\n\t<\/figure>\n\n<\/div><div class=\"bde-text-334-161 bde-text\">\nAna a fost directoarea departamentului SCORA pentru s\u0103n\u0103tatea reproducerii, a de\u021binut func\u021bii de coordonare \u0219i leadership la nivel local \u0219i na\u021bional \u0219i a fost coordonatoarea interna\u021bional\u0103 a programului pentru drepturile \u0219i s\u0103n\u0103tatea reproductiv\u0103 din cadrul Federa\u021biei Interna\u021bionale a Asocia\u021biilor Studen\u021bilor \u00een Medicin\u0103 (International Federation of Medical Students' Associations - IFMSA). <br><br>Are stagii de preg\u0103tire interna\u021bionale \u00een s\u0103n\u0103tate reproductiv\u0103, de\u021bine certificare \u00een preven\u021bia cancerului de s\u00e2n KYL \u0219i certificare Menstrual & Sexual and Reproductive Health oferit\u0103 de Global Changemakers.\n<\/div>\n<\/div>\n\n\n\n<\/div>\r\n\r\n<\/div><div class=\"bde-div-334-163 bde-div\">\n  \n\t\n\n\n\n<div class=\"bde-rich-text-334-164 bde-rich-text breakdance-rich-text-styles\">\n<p>\u00cen prezent, evalu\u0103m \u0219i nevoia de formare \u0219i poten\u021bialul de candida\u021bi pentru posibile facult\u0103\u021bi de moa\u0219e din cadrul universit\u0103\u021bilor de medicin\u0103 din toate jude\u021bele unde acestea sunt prezente. Po\u021bi completa chestionarul <a target=\"_blank\" href=\"https:\/\/forms.office.com\/e\/Eajvx9ZRJi\">HERE<\/a>.<\/p>\n<\/div><div class=\"bde-rich-text-334-168 bde-rich-text breakdance-rich-text-styles\">\n<p><strong>La Asocia\u021bia Moa\u0219elor Independente desf\u0103\u0219ur\u0103m \u0219i campanii de informare \u0219i orientare profesional\u0103 \u00een \u0219coli \u0219i licee.<\/strong><br>Dac\u0103 e\u0219ti profesor, p\u0103rinte sau elev \u0219i dore\u0219ti o prezentare \u00een \u0219coala sau liceul t\u0103u, scrie-ne la <a target=\"_self\" href=\"mailto:secretariat@moasele.ro\"><u>secretariat@moasele.ro<\/u><\/a>.<\/p>\n<\/div>\n<\/div><\/div>\n<\/section>","protected":false},"excerpt":{"rendered":"<p>Devino moa\u0219\u0103 Credem c\u0103 moa\u0219ele au cea mai frumoas\u0103 profesie din lume.Noi, moa\u0219ele, facem lumea mai bun\u0103 \u0219i mai sigur\u0103:Prin ajutorul pe care \u00eel oferim \u00een sarcin\u0103, la na\u0219tere \u0219i \u00een perioada de dup\u0103Prin serviciile pe care le furniz\u0103m femeilor, cuplurilor \u0219i adolescen\u021bilor pentru preven\u021bia sarcinilor nedorite, \u00eentr-un mod incluziv \u0219i eticPrin grija pentru tot [&hellip;]<\/p>","protected":false},"author":148,"featured_media":1418,"parent":0,"menu_order":0,"comment_status":"closed","ping_status":"closed","template":"","meta":{"_breakdance_hide_in_design_set":false,"_breakdance_tags":"","footnotes":""},"class_list":["post-334","page","type-page","status-publish","has-post-thumbnail","hentry"],"acf":[],"_links":{"self":[{"href":"https:\/\/moasele.ro\/en\/wp-json\/wp\/v2\/pages\/334","targetHints":{"allow":["GET"]}}],"collection":[{"href":"https:\/\/moasele.ro\/en\/wp-json\/wp\/v2\/pages"}],"about":[{"href":"https:\/\/moasele.ro\/en\/wp-json\/wp\/v2\/types\/page"}],"author":[{"embeddable":true,"href":"https:\/\/moasele.ro\/en\/wp-json\/wp\/v2\/users\/148"}],"replies":[{"embeddable":true,"href":"https:\/\/moasele.ro\/en\/wp-json\/wp\/v2\/comments?post=334"}],"version-history":[{"count":44,"href":"https:\/\/moasele.ro\/en\/wp-json\/wp\/v2\/pages\/334\/revisions"}],"predecessor-version":[{"id":2583,"href":"https:\/\/moasele.ro\/en\/wp-json\/wp\/v2\/pages\/334\/revisions\/2583"}],"wp:featuredmedia":[{"embeddable":true,"href":"https:\/\/moasele.ro\/en\/wp-json\/wp\/v2\/media\/1418"}],"wp:attachment":[{"href":"https:\/\/moasele.ro\/en\/wp-json\/wp\/v2\/media?parent=334"}],"curies":[{"name":"wp","href":"https:\/\/api.w.org\/{rel}","templated":true}]}}