{"id":3431,"date":"2025-07-31T13:03:04","date_gmt":"2025-07-31T11:03:04","guid":{"rendered":"https:\/\/moasele.ro\/?page_id=3431"},"modified":"2025-07-31T13:03:04","modified_gmt":"2025-07-31T11:03:04","slug":"momline","status":"publish","type":"page","link":"https:\/\/moasele.ro\/en\/momline\/","title":{"rendered":"MOMLine"},"content":{"rendered":"<section class=\"bde-section-3431-100 bde-section\">\n  \n\t\n\n\n\n<div class=\"section-container\"><div class=\"bde-columns-3431-101 bde-columns\"><div class=\"bde-column-3431-102 bde-column\">\n  \n\t\n\n\n\n<h1 class=\"bde-heading-3431-103 bde-heading\">\nMOMLine<br>\n<\/h1><div class=\"bde-fancy-divider-3431-104 bde-fancy-divider\">\n\n\n<div class=\"bde-fancy-divider__wrapper\">\n  <div class=\"bde-fancy-divider__separator\">\n  \t  <\/div>\n<\/div>\n\n<\/div><div class=\"bde-text-3431-112 bde-text\">\nLINIA TA DE SPRIJIN MATERN<br>Sprijin, ghidaj empatic \u0219i r\u0103spunsuri clare<br>pentru mamele din Rom\u00e2nia\n<\/div><div class=\"bde-icon-list-3431-147 bde-icon-list\">\n<ul>\n  \n              \n    <li>\n              <div class='bde-icon-list__item-wrapper'>\n      \n      <span class='bde-icon-list__icon'>\n        <svg xmlns=\"http:\/\/www.w3.org\/2000\/svg\" id=\"icon-info\" viewbox=\"0 0 32 32\">\n<path d=\"M14 9.5c0-0.825 0.675-1.5 1.5-1.5h1c0.825 0 1.5 0.675 1.5 1.5v1c0 0.825-0.675 1.5-1.5 1.5h-1c-0.825 0-1.5-0.675-1.5-1.5v-1z\"\/>\n<path d=\"M20 24h-8v-2h2v-6h-2v-2h6v8h2z\"\/>\n<path d=\"M16 0c-8.837 0-16 7.163-16 16s7.163 16 16 16 16-7.163 16-16-7.163-16-16-16zM16 29c-7.18 0-13-5.82-13-13s5.82-13 13-13 13 5.82 13 13-5.82 13-13 13z\"\/>\n<\/svg>\n      <\/span>\n      <span class='bde-icon-list__text' >\n      Educa\u021bie pentru s\u0103n\u0103tate reproductiv\u0103\n      <\/span>\n              <\/div>\n      \n    <\/li>\n\n  \n              \n    <li>\n              <div class='bde-icon-list__item-wrapper'>\n      \n      <span class='bde-icon-list__icon'>\n        <svg xmlns=\"http:\/\/www.w3.org\/2000\/svg\" viewbox=\"0 0 512 512\"><!-- Font Awesome Free 5.15.1 by @fontawesome - https:\/\/fontawesome.com License - https:\/\/fontawesome.com\/license\/free (Icons: CC BY 4.0, Fonts: SIL OFL 1.1, Code: MIT License) --><path d=\"M466.5 83.7l-192-80a48.15 48.15 0 0 0-36.9 0l-192 80C27.7 91.1 16 108.6 16 128c0 198.5 114.5 335.7 221.5 380.3 11.8 4.9 25.1 4.9 36.9 0C360.1 472.6 496 349.3 496 128c0-19.4-11.7-36.9-29.5-44.3zM256.1 446.3l-.1-381 175.9 73.3c-3.3 151.4-82.1 261.1-175.8 307.7z\"\/><\/svg>\n      <\/span>\n      <span class='bde-icon-list__text' >\n      Preven\u021bie pentru bolile cu transmitere sexual\u0103\n      <\/span>\n              <\/div>\n      \n    <\/li>\n\n  \n              \n    <li>\n              <div class='bde-icon-list__item-wrapper'>\n      \n      <span class='bde-icon-list__icon'>\n        <svg xmlns=\"http:\/\/www.w3.org\/2000\/svg\" viewbox=\"0 0 576 512\"><!-- Font Awesome Free 5.15.1 by @fontawesome - https:\/\/fontawesome.com License - https:\/\/fontawesome.com\/license\/free (Icons: CC BY 4.0, Fonts: SIL OFL 1.1, Code: MIT License) --><path d=\"M159.88,175.82h64v64a16,16,0,0,0,16,16h64a16,16,0,0,0,16-16v-64h64a16,16,0,0,0,16-16v-64a16,16,0,0,0-16-16h-64v-64a16,16,0,0,0-16-16h-64a16,16,0,0,0-16,16v64h-64a16,16,0,0,0-16,16v64A16,16,0,0,0,159.88,175.82ZM568.07,336.13a39.91,39.91,0,0,0-55.93-8.47L392.47,415.84H271.86a16,16,0,0,1,0-32H350.1c16,0,30.75-10.87,33.37-26.61a32.06,32.06,0,0,0-31.62-37.38h-160a117.7,117.7,0,0,0-74.12,26.25l-46.5,37.74H15.87a16.11,16.11,0,0,0-16,16v96a16.11,16.11,0,0,0,16,16h347a104.8,104.8,0,0,0,61.7-20.27L559.6,392A40,40,0,0,0,568.07,336.13Z\"\/><\/svg>\n      <\/span>\n      <span class='bde-icon-list__text' >\n      Preven\u021bie pentru sarcinile nedorite\n      <\/span>\n              <\/div>\n      \n    <\/li>\n\n  \n              \n    <li>\n              <div class='bde-icon-list__item-wrapper'>\n      \n      <span class='bde-icon-list__icon'>\n        <svg xmlns=\"http:\/\/www.w3.org\/2000\/svg\" viewbox=\"0 0 448 512\"><!-- Font Awesome Free 5.15.1 by @fontawesome - https:\/\/fontawesome.com License - https:\/\/fontawesome.com\/license\/free (Icons: CC BY 4.0, Fonts: SIL OFL 1.1, Code: MIT License) --><path d=\"M436 160H12c-6.6 0-12-5.4-12-12v-36c0-26.5 21.5-48 48-48h48V12c0-6.6 5.4-12 12-12h40c6.6 0 12 5.4 12 12v52h128V12c0-6.6 5.4-12 12-12h40c6.6 0 12 5.4 12 12v52h48c26.5 0 48 21.5 48 48v36c0 6.6-5.4 12-12 12zM12 192h424c6.6 0 12 5.4 12 12v260c0 26.5-21.5 48-48 48H48c-26.5 0-48-21.5-48-48V204c0-6.6 5.4-12 12-12zm316 140c0-6.6-5.4-12-12-12h-60v-60c0-6.6-5.4-12-12-12h-40c-6.6 0-12 5.4-12 12v60h-60c-6.6 0-12 5.4-12 12v40c0 6.6 5.4 12 12 12h60v60c0 6.6 5.4 12 12 12h40c6.6 0 12-5.4 12-12v-60h60c6.6 0 12-5.4 12-12v-40z\"\/><\/svg>\n      <\/span>\n      <span class='bde-icon-list__text' >\n      Depresie postpartum\n      <\/span>\n              <\/div>\n      \n    <\/li>\n\n  \n              \n    <li>\n              <div class='bde-icon-list__item-wrapper'>\n      \n      <span class='bde-icon-list__icon'>\n        <svg xmlns=\"http:\/\/www.w3.org\/2000\/svg\" viewbox=\"0 0 384 512\"><!-- Font Awesome Free 5.15.1 by @fontawesome - https:\/\/fontawesome.com License - https:\/\/fontawesome.com\/license\/free (Icons: CC BY 4.0, Fonts: SIL OFL 1.1, Code: MIT License) --><path d=\"M120 72c0-39.765 32.235-72 72-72s72 32.235 72 72c0 39.764-32.235 72-72 72s-72-32.236-72-72zm254.627 1.373c-12.496-12.497-32.758-12.497-45.254 0L242.745 160H141.254L54.627 73.373c-12.496-12.497-32.758-12.497-45.254 0-12.497 12.497-12.497 32.758 0 45.255L104 213.254V480c0 17.673 14.327 32 32 32h16c17.673 0 32-14.327 32-32V368h16v112c0 17.673 14.327 32 32 32h16c17.673 0 32-14.327 32-32V213.254l94.627-94.627c12.497-12.497 12.497-32.757 0-45.254z\"\/><\/svg>\n      <\/span>\n      <span class='bde-icon-list__text' >\n      Dificult\u0103\u021bi legate de al\u0103ptare\n      <\/span>\n              <\/div>\n      \n    <\/li>\n\n  \n              \n    <li>\n              <div class='bde-icon-list__item-wrapper'>\n      \n      <span class='bde-icon-list__icon'>\n        <svg xmlns=\"http:\/\/www.w3.org\/2000\/svg\" id=\"icon-phone\" viewbox=\"0 0 32 32\">\n<path d=\"M22 20c-2 2-2 4-4 4s-4-2-6-4-4-4-4-6 2-2 4-4-4-8-6-8-6 6-6 6c0 4 4.109 12.109 8 16s12 8 16 8c0 0 6-4 6-6s-6-8-8-6z\"\/>\n<\/svg>\n      <\/span>\n      <span class='bde-icon-list__text' >\n      Case Management &amp; Appointments\n      <\/span>\n              <\/div>\n      \n    <\/li>\n\n  <\/ul>\n\n<\/div>\n<\/div><div class=\"bde-column-3431-105 bde-column\">\n  \n\t\n\n\n\n<div class=\"bde-image-3431-106 bde-image\">\n \n\n\n\n\n\n<figure class=\"breakdance-image breakdance-image--3433\">\n\t<div class=\"breakdance-image-container\">\n\t\t<div class=\"breakdance-image-clip\">\n\t\t\t\n\t\t\t\t\n\t\t\t\t\t      \n  \n  \n  \n  \n      \n      <img loading=\"lazy\" decoding=\"async\"\n      class=\"breakdance-image-object\"\n      src=\"https:\/\/moasele.ro\/wp-content\/uploads\/2025\/07\/happy-mother-newborn-with-nurse-scaled.jpg\"\n      width=\"2560\"\n      height=\"1752\"\n      alt=\"Afi\u0219 care prezint\u0103 serviciile \u0219i num\u0103rul de telefon pentru call center. Sun\u0103 la +40722265269.\"\n      \n                                    srcset=\"https:\/\/moasele.ro\/wp-content\/uploads\/2025\/07\/happy-mother-newborn-with-nurse-scaled.jpg 2560w, https:\/\/moasele.ro\/wp-content\/uploads\/2025\/07\/happy-mother-newborn-with-nurse-300x205.jpg 300w, https:\/\/moasele.ro\/wp-content\/uploads\/2025\/07\/happy-mother-newborn-with-nurse-1024x701.jpg 1024w, https:\/\/moasele.ro\/wp-content\/uploads\/2025\/07\/happy-mother-newborn-with-nurse-768x525.jpg 768w, https:\/\/moasele.ro\/wp-content\/uploads\/2025\/07\/happy-mother-newborn-with-nurse-1536x1051.jpg 1536w, https:\/\/moasele.ro\/wp-content\/uploads\/2025\/07\/happy-mother-newborn-with-nurse-2048x1401.jpg 2048w, https:\/\/moasele.ro\/wp-content\/uploads\/2025\/07\/happy-mother-newborn-with-nurse-18x12.jpg 18w, https:\/\/moasele.ro\/wp-content\/uploads\/2025\/07\/happy-mother-newborn-with-nurse-600x411.jpg 600w\"\n                                                                      >\n  \n\n\t\t\t\t\t\n\t\t\t\t\t\t<\/div>\n\t<\/div>\n\n\t<\/figure>\n\n<\/div>\n<\/div><\/div><\/div>\n<\/section><section class=\"bde-section-3431-113 bde-section\">\n  \n\t\n\n\n\n<div class=\"section-container\"><div class=\"bde-button-3431-144 bde-button\">\n    \n                                    \n    \n    \n    \n    \n            \n            <button type=\"button\" class=\"button-atom button-atom--primary bde-button__button\"  >\n    \n        <span class=\"button-atom__text\">Ia leg\u0103tura cu noi printr-un mesaj pe Whatsapp, la acest num\u0103r: +40722265269<\/br><\/span>\n\n        \n        \n            <\/button>\n    \n\n\n<\/div><div class=\"bde-rich-text-3431-123 bde-rich-text breakdance-rich-text-styles\">\n<p><strong>La MOMLine <\/strong>you find a place where we <strong>are trained and equipped to act as advocates for your rights and needs.<\/strong>.<\/p><p data-start=\"211\" data-end=\"390\">Uneori, cea mai mare nevoie a unei mame este s\u0103 fie auzit\u0103. Alteori, e nevoie de r\u0103spunsuri clare, ghidaj empatic sau pur \u0219i simplu de cineva care s\u0103-i spun\u0103: <em data-start=\"370\" data-end=\"390\">\u201eNu e\u0219ti singur\u0103.\u201d<\/em><\/p><p data-start=\"392\" data-end=\"673\"><strong data-start=\"392\" data-end=\"403\">MOMLine<\/strong>\u00a0este linia telefonic\u0103 gratuit\u0103 creat\u0103 de Asocia\u021bia Moa\u0219elor Independente pentru a sprijini femeile \u0219i mamele \u00een toate etapele vie\u021bii lor reproductive. Suntem aici s\u0103 te ascult\u0103m, s\u0103-\u021bi oferim informa\u021bii corecte \u0219i sprijin real, indiferent de provocarea prin care treci.<\/p>\n<\/div><\/div>\n<\/section><section class=\"bde-section-3431-165 bde-section\">\n  \n\t\n\n\n\n<div class=\"section-container\"><h1 class=\"bde-heading-3431-179 bde-heading\">\nNe po\u021bi suna dac\u0103:\n<\/h1><div class=\"bde-icon-list-3431-168 bde-icon-list\">\n<ul>\n  \n              \n    <li>\n              <div class='bde-icon-list__item-wrapper'>\n      \n      <span class='bde-icon-list__icon'>\n        <svg xmlns=\"http:\/\/www.w3.org\/2000\/svg\" viewbox=\"0 0 640 512\"><!-- Font Awesome Free 5.15.1 by @fontawesome - https:\/\/fontawesome.com License - https:\/\/fontawesome.com\/license\/free (Icons: CC BY 4.0, Fonts: SIL OFL 1.1, Code: MIT License) --><path d=\"M488 192H336v56c0 39.7-32.3 72-72 72s-72-32.3-72-72V126.4l-64.9 39C107.8 176.9 96 197.8 96 220.2v47.3l-80 46.2C.7 322.5-4.6 342.1 4.3 357.4l80 138.6c8.8 15.3 28.4 20.5 43.7 11.7L231.4 448H368c35.3 0 64-28.7 64-64h16c17.7 0 32-14.3 32-32v-64h8c13.3 0 24-10.7 24-24v-48c0-13.3-10.7-24-24-24zm147.7-37.4L555.7 16C546.9.7 527.3-4.5 512 4.3L408.6 64H306.4c-12 0-23.7 3.4-33.9 9.7L239 94.6c-9.4 5.8-15 16.1-15 27.1V248c0 22.1 17.9 40 40 40s40-17.9 40-40v-88h184c30.9 0 56 25.1 56 56v28.5l80-46.2c15.3-8.9 20.5-28.4 11.7-43.7z\"\/><\/svg>\n      <\/span>\n      <span class='bde-icon-list__text' >\n      Ai \u00eentreb\u0103ri legate de s\u0103n\u0103tatea ta sexual\u0103 \u0219i reproductiv\u0103\n      <\/span>\n              <\/div>\n      \n    <\/li>\n\n  \n              \n    <li>\n              <div class='bde-icon-list__item-wrapper'>\n      \n      <span class='bde-icon-list__icon'>\n        <svg xmlns=\"http:\/\/www.w3.org\/2000\/svg\" viewbox=\"0 0 640 512\"><!-- Font Awesome Free 5.15.1 by @fontawesome - https:\/\/fontawesome.com License - https:\/\/fontawesome.com\/license\/free (Icons: CC BY 4.0, Fonts: SIL OFL 1.1, Code: MIT License) --><path d=\"M488 192H336v56c0 39.7-32.3 72-72 72s-72-32.3-72-72V126.4l-64.9 39C107.8 176.9 96 197.8 96 220.2v47.3l-80 46.2C.7 322.5-4.6 342.1 4.3 357.4l80 138.6c8.8 15.3 28.4 20.5 43.7 11.7L231.4 448H368c35.3 0 64-28.7 64-64h16c17.7 0 32-14.3 32-32v-64h8c13.3 0 24-10.7 24-24v-48c0-13.3-10.7-24-24-24zm147.7-37.4L555.7 16C546.9.7 527.3-4.5 512 4.3L408.6 64H306.4c-12 0-23.7 3.4-33.9 9.7L239 94.6c-9.4 5.8-15 16.1-15 27.1V248c0 22.1 17.9 40 40 40s40-17.9 40-40v-88h184c30.9 0 56 25.1 56 56v28.5l80-46.2c15.3-8.9 20.5-28.4 11.7-43.7z\"\/><\/svg>\n      <\/span>\n      <span class='bde-icon-list__text' >\n      Vrei s\u0103 \u00een\u021belegi mai bine cum po\u021bi preveni o sarcin\u0103 nedorit\u0103 sau bolile\u00a0cu transmitere sexual\u0103\n      <\/span>\n              <\/div>\n      \n    <\/li>\n\n  \n              \n    <li>\n              <div class='bde-icon-list__item-wrapper'>\n      \n      <span class='bde-icon-list__icon'>\n        <svg xmlns=\"http:\/\/www.w3.org\/2000\/svg\" viewbox=\"0 0 640 512\"><!-- Font Awesome Free 5.15.1 by @fontawesome - https:\/\/fontawesome.com License - https:\/\/fontawesome.com\/license\/free (Icons: CC BY 4.0, Fonts: SIL OFL 1.1, Code: MIT License) --><path d=\"M488 192H336v56c0 39.7-32.3 72-72 72s-72-32.3-72-72V126.4l-64.9 39C107.8 176.9 96 197.8 96 220.2v47.3l-80 46.2C.7 322.5-4.6 342.1 4.3 357.4l80 138.6c8.8 15.3 28.4 20.5 43.7 11.7L231.4 448H368c35.3 0 64-28.7 64-64h16c17.7 0 32-14.3 32-32v-64h8c13.3 0 24-10.7 24-24v-48c0-13.3-10.7-24-24-24zm147.7-37.4L555.7 16C546.9.7 527.3-4.5 512 4.3L408.6 64H306.4c-12 0-23.7 3.4-33.9 9.7L239 94.6c-9.4 5.8-15 16.1-15 27.1V248c0 22.1 17.9 40 40 40s40-17.9 40-40v-88h184c30.9 0 56 25.1 56 56v28.5l80-46.2c15.3-8.9 20.5-28.4 11.7-43.7z\"\/><\/svg>\n      <\/span>\n      <span class='bde-icon-list__text' >\n      Te confrun\u021bi cu triste\u021be sau anxietate dup\u0103 na\u0219tere \u0219i sim\u021bi c\u0103 ai avea nevoie de sus\u021binere emo\u021bional\u0103\n      <\/span>\n              <\/div>\n      \n    <\/li>\n\n  \n              \n    <li>\n              <div class='bde-icon-list__item-wrapper'>\n      \n      <span class='bde-icon-list__icon'>\n        <svg xmlns=\"http:\/\/www.w3.org\/2000\/svg\" viewbox=\"0 0 640 512\"><!-- Font Awesome Free 5.15.1 by @fontawesome - https:\/\/fontawesome.com License - https:\/\/fontawesome.com\/license\/free (Icons: CC BY 4.0, Fonts: SIL OFL 1.1, Code: MIT License) --><path d=\"M488 192H336v56c0 39.7-32.3 72-72 72s-72-32.3-72-72V126.4l-64.9 39C107.8 176.9 96 197.8 96 220.2v47.3l-80 46.2C.7 322.5-4.6 342.1 4.3 357.4l80 138.6c8.8 15.3 28.4 20.5 43.7 11.7L231.4 448H368c35.3 0 64-28.7 64-64h16c17.7 0 32-14.3 32-32v-64h8c13.3 0 24-10.7 24-24v-48c0-13.3-10.7-24-24-24zm147.7-37.4L555.7 16C546.9.7 527.3-4.5 512 4.3L408.6 64H306.4c-12 0-23.7 3.4-33.9 9.7L239 94.6c-9.4 5.8-15 16.1-15 27.1V248c0 22.1 17.9 40 40 40s40-17.9 40-40v-88h184c30.9 0 56 25.1 56 56v28.5l80-46.2c15.3-8.9 20.5-28.4 11.7-43.7z\"\/><\/svg>\n      <\/span>\n      <span class='bde-icon-list__text' >\n      Ai dificult\u0103\u021bi legate de al\u0103ptare sau nu \u0219tii cum s\u0103 gestionezi un \u00eenceput provocator\n      <\/span>\n              <\/div>\n      \n    <\/li>\n\n  \n              \n    <li>\n              <div class='bde-icon-list__item-wrapper'>\n      \n      <span class='bde-icon-list__icon'>\n        <svg xmlns=\"http:\/\/www.w3.org\/2000\/svg\" viewbox=\"0 0 640 512\"><!-- Font Awesome Free 5.15.1 by @fontawesome - https:\/\/fontawesome.com License - https:\/\/fontawesome.com\/license\/free (Icons: CC BY 4.0, Fonts: SIL OFL 1.1, Code: MIT License) --><path d=\"M488 192H336v56c0 39.7-32.3 72-72 72s-72-32.3-72-72V126.4l-64.9 39C107.8 176.9 96 197.8 96 220.2v47.3l-80 46.2C.7 322.5-4.6 342.1 4.3 357.4l80 138.6c8.8 15.3 28.4 20.5 43.7 11.7L231.4 448H368c35.3 0 64-28.7 64-64h16c17.7 0 32-14.3 32-32v-64h8c13.3 0 24-10.7 24-24v-48c0-13.3-10.7-24-24-24zm147.7-37.4L555.7 16C546.9.7 527.3-4.5 512 4.3L408.6 64H306.4c-12 0-23.7 3.4-33.9 9.7L239 94.6c-9.4 5.8-15 16.1-15 27.1V248c0 22.1 17.9 40 40 40s40-17.9 40-40v-88h184c30.9 0 56 25.1 56 56v28.5l80-46.2c15.3-8.9 20.5-28.4 11.7-43.7z\"\/><\/svg>\n      <\/span>\n      <span class='bde-icon-list__text' >\n      Sau pur \u0219i simplu ai nevoie de o voce calm\u0103 \u0219i informat\u0103 care s\u0103 te ghideze cu bl\u00e2nde\u021be\n      <\/span>\n              <\/div>\n      \n    <\/li>\n\n  <\/ul>\n\n<\/div><\/div>\n<\/section><section class=\"bde-section-3431-172 bde-section\">\n  \n\t\n\n\n\n<div class=\"section-container\"><div class=\"bde-rich-text-3431-176 bde-rich-text breakdance-rich-text-styles\">\n<p data-start=\"1076\" data-end=\"1163\">Moa\u0219ele noastre \u00ee\u021bi ofer\u0103 primul pas spre sprijinul de care ai nevoie. Iar dac\u0103 e necesar, te vom pune \u00een leg\u0103tur\u0103 cu speciali\u0219ti \u2013 inclusiv psihologi cu experien\u021b\u0103 \u00een depresia postpartum.<\/p><p>We understand how important it is to be able to talk about your problems without barriers, <strong>which is why we assure you that all discussions are confidential<\/strong>. Vom r\u0103spunde mesajului t\u0103u \u00een cel mai scurt timp posibil.<\/p>\n<\/div><div class=\"bde-div-3431-177 bde-div\">\n  \n\t\n\n\n\n<div class=\"bde-image-3431-178 bde-image\">\n  \n\n\n\n\n\n<figure class=\"breakdance-image breakdance-image--3338\">\n\t<div class=\"breakdance-image-container\">\n\t\t<div class=\"breakdance-image-clip\">\n\t\t\t\n\t\t\t\t\n\t\t\t\t\t      \n  \n  \n  \n  \n      \n      <img loading=\"lazy\" decoding=\"async\"\n      class=\"breakdance-image-object\"\n      src=\"https:\/\/moasele.ro\/wp-content\/uploads\/2025\/07\/postnatal-period-with-mother-child-scaled.jpg\"\n      width=\"2560\"\n      height=\"1707\"\n      \n      \n                                    srcset=\"https:\/\/moasele.ro\/wp-content\/uploads\/2025\/07\/postnatal-period-with-mother-child-scaled.jpg 2560w, https:\/\/moasele.ro\/wp-content\/uploads\/2025\/07\/postnatal-period-with-mother-child-300x200.jpg 300w, https:\/\/moasele.ro\/wp-content\/uploads\/2025\/07\/postnatal-period-with-mother-child-1024x683.jpg 1024w, https:\/\/moasele.ro\/wp-content\/uploads\/2025\/07\/postnatal-period-with-mother-child-768x512.jpg 768w, https:\/\/moasele.ro\/wp-content\/uploads\/2025\/07\/postnatal-period-with-mother-child-1536x1024.jpg 1536w, https:\/\/moasele.ro\/wp-content\/uploads\/2025\/07\/postnatal-period-with-mother-child-2048x1365.jpg 2048w, https:\/\/moasele.ro\/wp-content\/uploads\/2025\/07\/postnatal-period-with-mother-child-18x12.jpg 18w, https:\/\/moasele.ro\/wp-content\/uploads\/2025\/07\/postnatal-period-with-mother-child-600x400.jpg 600w\"\n                                                                      >\n  \n\n\t\t\t\t\t\n\t\t\t\t\t\t<\/div>\n\t<\/div>\n\n\t<\/figure>\n\n<\/div>\n<\/div><\/div>\n<\/section>","protected":false},"excerpt":{"rendered":"<p>MOMLine LINIA TA DE SPRIJIN MATERNSprijin, ghidaj empatic \u0219i r\u0103spunsuri clarepentru mamele din Rom\u00e2nia Educa\u021bie pentru s\u0103n\u0103tate reproductiv\u0103 Preven\u021bie pentru bolile cu transmitere sexual\u0103 Preven\u021bie pentru sarcinile nedorite Depresie postpartum Dificult\u0103\u021bi legate de al\u0103ptare Management de caz &#038; Program\u0103ri Ia leg\u0103tura cu noi printr-un mesaj pe Whatsapp, la acest num\u0103r: +40722265269 La MOMLine g\u0103se\u0219ti un [&hellip;]<\/p>","protected":false},"author":148,"featured_media":0,"parent":0,"menu_order":0,"comment_status":"closed","ping_status":"closed","template":"","meta":{"_breakdance_hide_in_design_set":false,"_breakdance_tags":"","footnotes":""},"class_list":["post-3431","page","type-page","status-publish","hentry"],"acf":[],"_links":{"self":[{"href":"https:\/\/moasele.ro\/en\/wp-json\/wp\/v2\/pages\/3431","targetHints":{"allow":["GET"]}}],"collection":[{"href":"https:\/\/moasele.ro\/en\/wp-json\/wp\/v2\/pages"}],"about":[{"href":"https:\/\/moasele.ro\/en\/wp-json\/wp\/v2\/types\/page"}],"author":[{"embeddable":true,"href":"https:\/\/moasele.ro\/en\/wp-json\/wp\/v2\/users\/148"}],"replies":[{"embeddable":true,"href":"https:\/\/moasele.ro\/en\/wp-json\/wp\/v2\/comments?post=3431"}],"version-history":[{"count":3,"href":"https:\/\/moasele.ro\/en\/wp-json\/wp\/v2\/pages\/3431\/revisions"}],"predecessor-version":[{"id":3437,"href":"https:\/\/moasele.ro\/en\/wp-json\/wp\/v2\/pages\/3431\/revisions\/3437"}],"wp:attachment":[{"href":"https:\/\/moasele.ro\/en\/wp-json\/wp\/v2\/media?parent=3431"}],"curies":[{"name":"wp","href":"https:\/\/api.w.org\/{rel}","templated":true}]}}