{"id":390,"date":"2023-05-03T15:05:06","date_gmt":"2023-05-03T15:05:06","guid":{"rendered":"https:\/\/moasele.ro\/?page_id=390"},"modified":"2023-05-03T15:06:31","modified_gmt":"2023-05-03T15:06:31","slug":"evenimente","status":"publish","type":"page","link":"https:\/\/moasele.ro\/en\/evenimente\/","title":{"rendered":"Events"},"content":{"rendered":"<section class=\"bde-section-390-102 bde-section\">\n  \n\t\n\n\n\n<div class=\"section-container\"><h2 class=\"bde-heading-390-103 bde-heading\">\nEvents\n<\/h2><div class=\"bde-post-list-390-104 bde-post-list\">\n<div class=\"ee-posts ee-posts-grid\">    <section class=\"ee-post\">\n        \n                                <a class=\"ee-post-image-link ee-posts-image-top\" href=\"https:\/\/moasele.ro\/en\/eveniment\/conferinta-internationala-midwell\/\">\n                <div class=\"ee-post-image\">\n                    <img loading=\"lazy\" decoding=\"async\" width=\"1350\" height=\"1687\" src=\"https:\/\/moasele.ro\/wp-content\/uploads\/2025\/08\/Conferinta-Internationala-MIDWELL.jpg\" class=\"attachment-full size-full wp-post-image\" alt=\"\" srcset=\"https:\/\/moasele.ro\/wp-content\/uploads\/2025\/08\/Conferinta-Internationala-MIDWELL.jpg 1350w, https:\/\/moasele.ro\/wp-content\/uploads\/2025\/08\/Conferinta-Internationala-MIDWELL-240x300.jpg 240w, https:\/\/moasele.ro\/wp-content\/uploads\/2025\/08\/Conferinta-Internationala-MIDWELL-819x1024.jpg 819w, https:\/\/moasele.ro\/wp-content\/uploads\/2025\/08\/Conferinta-Internationala-MIDWELL-768x960.jpg 768w, https:\/\/moasele.ro\/wp-content\/uploads\/2025\/08\/Conferinta-Internationala-MIDWELL-1229x1536.jpg 1229w, https:\/\/moasele.ro\/wp-content\/uploads\/2025\/08\/Conferinta-Internationala-MIDWELL-10x12.jpg 10w, https:\/\/moasele.ro\/wp-content\/uploads\/2025\/08\/Conferinta-Internationala-MIDWELL-600x750.jpg 600w\" sizes=\"auto, (max-width: 1350px) 100vw, 1350px\" \/>                <\/div>\n            <\/a>\n        \n        \n        <div class=\"ee-post-wrap\">\n            \n                            <h3 class=\"ee-post-title\">\n                    <a class=\"ee-post-title-link\" href=\"https:\/\/moasele.ro\/en\/eveniment\/conferinta-internationala-midwell\/\" >\n                        Conferin\u021ba interna\u021bional\u0103 Midwell                    <\/a>\n                <\/h3>\n                            <div class=\"ee-post-meta\">\n                    \n                <\/div>\n                            <div class=\"ee-post-content\">\n                    \u00a0Conferin\u021ba Interna\u021bional\u0103 MidwellForumul Interna\u021bional al Moa\u0219elor pentru S\u0103n\u0103tatea FemeiiInternational Midwifery Forum for Women's Health\u00a0Buz\u0103u11-12 octombrie 2025\u00a0Organizat de Asocia\u021bia Moa\u0219elor Independente, [...]                <\/div>\n            \n    \n                                    \n    \n    \n    \n    \n            \n                    \n            \n            \n\n    \n    \n    \n    \n    <a class=\"breakdance-link button-atom button-atom--custom ee-post-button\" href=\"https:\/\/moasele.ro\/en\/eveniment\/conferinta-internationala-midwell\/\" target=\"_self\" data-type=\"\"  >\n\n    \n        <span class=\"button-atom__text\">Read more<\/span>\n\n        \n        \n                <\/a>\n\n    \n\n\n\n\n            \n        <\/div>\n\n            <\/section>\n\n    <section class=\"ee-post\">\n        \n                                <a class=\"ee-post-image-link ee-posts-image-top\" href=\"https:\/\/moasele.ro\/en\/eveniment\/conferinta-internationala-manifest-pentru-moase-si-drepturile-femeilor\/\">\n                <div class=\"ee-post-image\">\n                    <img loading=\"lazy\" decoding=\"async\" width=\"400\" height=\"300\" src=\"https:\/\/moasele.ro\/wp-content\/uploads\/2024\/04\/Cover_site-Conferinta-CJ_Manifest-pentru-moase-si-drepturile-femeilor.png\" class=\"attachment-full size-full wp-post-image\" alt=\"\" srcset=\"https:\/\/moasele.ro\/wp-content\/uploads\/2024\/04\/Cover_site-Conferinta-CJ_Manifest-pentru-moase-si-drepturile-femeilor.png 400w, https:\/\/moasele.ro\/wp-content\/uploads\/2024\/04\/Cover_site-Conferinta-CJ_Manifest-pentru-moase-si-drepturile-femeilor-300x225.png 300w, https:\/\/moasele.ro\/wp-content\/uploads\/2024\/04\/Cover_site-Conferinta-CJ_Manifest-pentru-moase-si-drepturile-femeilor-16x12.png 16w\" sizes=\"auto, (max-width: 400px) 100vw, 400px\" \/>                <\/div>\n            <\/a>\n        \n        \n        <div class=\"ee-post-wrap\">\n            \n                            <h3 class=\"ee-post-title\">\n                    <a class=\"ee-post-title-link\" href=\"https:\/\/moasele.ro\/en\/eveniment\/conferinta-internationala-manifest-pentru-moase-si-drepturile-femeilor\/\" >\n                        International Conference \"Manifesto for Midwives and Women's Rights\"                    <\/a>\n                <\/h3>\n                            <div class=\"ee-post-meta\">\n                    \n                <\/div>\n                            <div class=\"ee-post-content\">\n                    &nbsp;International Conference \"Manifesto for Midwives and Women's Rights\" Cluj-Napoca 12 - 13 July 2024 [...]                <\/div>\n            \n    \n                                    \n    \n    \n    \n    \n            \n                    \n            \n            \n\n    \n    \n    \n    \n    <a class=\"breakdance-link button-atom button-atom--custom ee-post-button\" href=\"https:\/\/moasele.ro\/en\/eveniment\/conferinta-internationala-manifest-pentru-moase-si-drepturile-femeilor\/\" target=\"_self\" data-type=\"\"  >\n\n    \n        <span class=\"button-atom__text\">Read more<\/span>\n\n        \n        \n                <\/a>\n\n    \n\n\n\n\n            \n        <\/div>\n\n            <\/section>\n\n    <section class=\"ee-post\">\n        \n                                <a class=\"ee-post-image-link ee-posts-image-top\" href=\"https:\/\/moasele.ro\/en\/eveniment\/romania-are-nevoie-de-moase\/\">\n                <div class=\"ee-post-image\">\n                    <img loading=\"lazy\" decoding=\"async\" width=\"1414\" height=\"2000\" src=\"https:\/\/moasele.ro\/wp-content\/uploads\/2024\/05\/Afis-Conferinta-Romania-are-nevoie-de-moase-26-Mai-Bucuresti.png\" class=\"attachment-full size-full wp-post-image\" alt=\"\" srcset=\"https:\/\/moasele.ro\/wp-content\/uploads\/2024\/05\/Afis-Conferinta-Romania-are-nevoie-de-moase-26-Mai-Bucuresti.png 1414w, https:\/\/moasele.ro\/wp-content\/uploads\/2024\/05\/Afis-Conferinta-Romania-are-nevoie-de-moase-26-Mai-Bucuresti-600x849.png 600w, https:\/\/moasele.ro\/wp-content\/uploads\/2024\/05\/Afis-Conferinta-Romania-are-nevoie-de-moase-26-Mai-Bucuresti-212x300.png 212w, https:\/\/moasele.ro\/wp-content\/uploads\/2024\/05\/Afis-Conferinta-Romania-are-nevoie-de-moase-26-Mai-Bucuresti-724x1024.png 724w, https:\/\/moasele.ro\/wp-content\/uploads\/2024\/05\/Afis-Conferinta-Romania-are-nevoie-de-moase-26-Mai-Bucuresti-768x1086.png 768w, https:\/\/moasele.ro\/wp-content\/uploads\/2024\/05\/Afis-Conferinta-Romania-are-nevoie-de-moase-26-Mai-Bucuresti-1086x1536.png 1086w, https:\/\/moasele.ro\/wp-content\/uploads\/2024\/05\/Afis-Conferinta-Romania-are-nevoie-de-moase-26-Mai-Bucuresti-8x12.png 8w\" sizes=\"auto, (max-width: 1414px) 100vw, 1414px\" \/>                <\/div>\n            <\/a>\n        \n        \n        <div class=\"ee-post-wrap\">\n            \n                            <h3 class=\"ee-post-title\">\n                    <a class=\"ee-post-title-link\" href=\"https:\/\/moasele.ro\/en\/eveniment\/romania-are-nevoie-de-moase\/\" >\n                        Conferin\u021ba \u201eRom\u00e2nia are nevoie de moa\u0219e\u201d                    <\/a>\n                <\/h3>\n                            <div class=\"ee-post-meta\">\n                    \n                <\/div>\n                            <div class=\"ee-post-content\">\n                    Conferin\u021ba Rom\u00e2nia are nevoie de moa\u0219e Profesia de moa\u0219\u0103, \u00eentre necunoa\u0219tere \u0219i recunoa\u0219tere Bucure\u0219ti 26 mai 2024V\u0103 invit\u0103m la o [...]                <\/div>\n            \n    \n                                    \n    \n    \n    \n    \n            \n                    \n            \n            \n\n    \n    \n    \n    \n    <a class=\"breakdance-link button-atom button-atom--custom ee-post-button\" href=\"https:\/\/moasele.ro\/en\/eveniment\/romania-are-nevoie-de-moase\/\" target=\"_self\" data-type=\"\"  >\n\n    \n        <span class=\"button-atom__text\">Read more<\/span>\n\n        \n        \n                <\/a>\n\n    \n\n\n\n\n            \n        <\/div>\n\n            <\/section>\n\n    <section class=\"ee-post\">\n        \n                                <a class=\"ee-post-image-link ee-posts-image-top\" href=\"https:\/\/moasele.ro\/en\/eveniment\/seminar-by-cron-phoenix\/\">\n                <div class=\"ee-post-image\">\n                    <img loading=\"lazy\" decoding=\"async\" width=\"400\" height=\"300\" src=\"https:\/\/moasele.ro\/wp-content\/uploads\/2024\/04\/Cover-Cron-Phonix.png\" class=\"attachment-full size-full wp-post-image\" alt=\"\" srcset=\"https:\/\/moasele.ro\/wp-content\/uploads\/2024\/04\/Cover-Cron-Phonix.png 400w, https:\/\/moasele.ro\/wp-content\/uploads\/2024\/04\/Cover-Cron-Phonix-300x225.png 300w, https:\/\/moasele.ro\/wp-content\/uploads\/2024\/04\/Cover-Cron-Phonix-16x12.png 16w\" sizes=\"auto, (max-width: 400px) 100vw, 400px\" \/>                <\/div>\n            <\/a>\n        \n        \n        <div class=\"ee-post-wrap\">\n            \n                            <h3 class=\"ee-post-title\">\n                    <a class=\"ee-post-title-link\" href=\"https:\/\/moasele.ro\/en\/eveniment\/seminar-by-cron-phoenix\/\" >\n                        Seminar by CRON Phoenix &#8211; Academia P\u0103rin\u021bilor Relaxa\u021bi                    <\/a>\n                <\/h3>\n                            <div class=\"ee-post-meta\">\n                    \n                <\/div>\n                            <div class=\"ee-post-content\">\n                    \ud83c\udff5\ufe0f Te invit\u0103m la o nou\u0103 \u00eent\u00e2lnire marca \ud835\udc02\ud835\udc1e\ud835\udc27\ud835\udc2d\ud835\udc2b\ud835\udc2e\ud835\udc25\ud835\udc2e\ud835\udc22 \ud835\udc1d\ud835\udc1e \ud835\udc0d\ud835\udc1e\ud835\udc2e\ud835\udc2b\ud835\udc28\ud835\udc25\ud835\udc28\ud835\udc20\ud835\udc22\ud835\udc1e \ud835\udc2c\u0326\ud835\udc22 \ud835\udc0e\ud835\udc2b\ud835\udc2d\ud835\udc28\ud835\udc29\ud835\udc1e\ud835\udc1d\ud835\udc22\ud835\udc1e \ud835\udc0f\ud835\udc1e\ud835\udc1d\ud835\udc22\ud835\udc1a\ud835\udc2d\ud835\udc2b\ud835\udc22\ud835\udc1c\ud835\udc1a\u0306 \ud835\udc02\ud835\udc11\ud835\udc0e\ud835\udc0d-\ud835\udc0f\ud835\udc21\ud835\udc28\ud835\udc1e\ud835\udc27\ud835\udc22\ud835\udc31, din cadrul proiectului \u201e\ud835\udc00\ud835\udc1c\ud835\udc1a\ud835\udc1d\ud835\udc1e\ud835\udc26\ud835\udc22\ud835\udc1a \ud835\udc0f\ud835\udc1a\u0306\ud835\udc2b\ud835\udc22\ud835\udc27\ud835\udc2d\u0326\ud835\udc22\ud835\udc25\ud835\udc28\ud835\udc2b [...]                <\/div>\n            \n    \n                                    \n    \n    \n    \n    \n            \n                    \n            \n            \n\n    \n    \n    \n    \n    <a class=\"breakdance-link button-atom button-atom--custom ee-post-button\" href=\"https:\/\/moasele.ro\/en\/eveniment\/seminar-by-cron-phoenix\/\" target=\"_self\" data-type=\"\"  >\n\n    \n        <span class=\"button-atom__text\">Read more<\/span>\n\n        \n        \n                <\/a>\n\n    \n\n\n\n\n            \n        <\/div>\n\n            <\/section>\n\n    <section class=\"ee-post\">\n        \n                                <a class=\"ee-post-image-link ee-posts-image-top\" href=\"https:\/\/moasele.ro\/en\/eveniment\/ajuta-ti-copilul-sa-creasca-sanatos\/\">\n                <div class=\"ee-post-image\">\n                    <img loading=\"lazy\" decoding=\"async\" width=\"400\" height=\"300\" src=\"https:\/\/moasele.ro\/wp-content\/uploads\/2023\/11\/2.png\" class=\"attachment-full size-full wp-post-image\" alt=\"\" srcset=\"https:\/\/moasele.ro\/wp-content\/uploads\/2023\/11\/2.png 400w, https:\/\/moasele.ro\/wp-content\/uploads\/2023\/11\/2-300x225.png 300w, https:\/\/moasele.ro\/wp-content\/uploads\/2023\/11\/2-16x12.png 16w\" sizes=\"auto, (max-width: 400px) 100vw, 400px\" \/>                <\/div>\n            <\/a>\n        \n        \n        <div class=\"ee-post-wrap\">\n            \n                            <h3 class=\"ee-post-title\">\n                    <a class=\"ee-post-title-link\" href=\"https:\/\/moasele.ro\/en\/eveniment\/ajuta-ti-copilul-sa-creasca-sanatos\/\" >\n                        Ajut\u0103-\u021bi copilul s\u0103 creasc\u0103 s\u0103n\u0103tos &#8211; Seminar by CRON Phoenix                    <\/a>\n                <\/h3>\n                            <div class=\"ee-post-meta\">\n                    \n                <\/div>\n                            <div class=\"ee-post-content\">\n                    Ajut\u0103-\u021bi copilul s\u0103 creasc\u0103 s\u0103n\u0103tos E\u0219ti p\u0103rinte sau viitor p\u0103rinte \u0219i vrei s\u0103 \u0219tii cum \u00ee\u021bi po\u021bi ajuta copilul s\u0103 [...]                <\/div>\n            \n    \n                                    \n    \n    \n    \n    \n            \n                    \n            \n            \n\n    \n    \n    \n    \n    <a class=\"breakdance-link button-atom button-atom--custom ee-post-button\" href=\"https:\/\/moasele.ro\/en\/eveniment\/ajuta-ti-copilul-sa-creasca-sanatos\/\" target=\"_self\" data-type=\"\"  >\n\n    \n        <span class=\"button-atom__text\">Read more<\/span>\n\n        \n        \n                <\/a>\n\n    \n\n\n\n\n            \n        <\/div>\n\n            <\/section>\n\n    <section class=\"ee-post\">\n        \n                                <a class=\"ee-post-image-link ee-posts-image-top\" href=\"https:\/\/moasele.ro\/en\/eveniment\/conferinta-ami-timisoara\/\">\n                <div class=\"ee-post-image\">\n                    <img loading=\"lazy\" decoding=\"async\" width=\"1080\" height=\"1080\" src=\"https:\/\/moasele.ro\/wp-content\/uploads\/2023\/08\/Post-Facebook_Instagram.png\" class=\"attachment-full size-full wp-post-image\" alt=\"\" srcset=\"https:\/\/moasele.ro\/wp-content\/uploads\/2023\/08\/Post-Facebook_Instagram.png 1080w, https:\/\/moasele.ro\/wp-content\/uploads\/2023\/08\/Post-Facebook_Instagram-300x300.png 300w, https:\/\/moasele.ro\/wp-content\/uploads\/2023\/08\/Post-Facebook_Instagram-100x100.png 100w, https:\/\/moasele.ro\/wp-content\/uploads\/2023\/08\/Post-Facebook_Instagram-600x600.png 600w, https:\/\/moasele.ro\/wp-content\/uploads\/2023\/08\/Post-Facebook_Instagram-1024x1024.png 1024w, https:\/\/moasele.ro\/wp-content\/uploads\/2023\/08\/Post-Facebook_Instagram-150x150.png 150w, https:\/\/moasele.ro\/wp-content\/uploads\/2023\/08\/Post-Facebook_Instagram-768x768.png 768w, https:\/\/moasele.ro\/wp-content\/uploads\/2023\/08\/Post-Facebook_Instagram-12x12.png 12w\" sizes=\"auto, (max-width: 1080px) 100vw, 1080px\" \/>                <\/div>\n            <\/a>\n        \n        \n        <div class=\"ee-post-wrap\">\n            \n                            <h3 class=\"ee-post-title\">\n                    <a class=\"ee-post-title-link\" href=\"https:\/\/moasele.ro\/en\/eveniment\/conferinta-ami-timisoara\/\" >\n                        Conferin\u021b\u0103 interna\u021bional\u0103 \u201eManifest pentru moa\u0219e \u0219i drepturile femeilor la na\u0219tere\u201d                    <\/a>\n                <\/h3>\n                            <div class=\"ee-post-meta\">\n                    \n                <\/div>\n                            <div class=\"ee-post-content\">\n                    Conferin\u021b\u0103 interna\u021bional\u0103 \u201eManifest pentru moa\u0219e \u0219i drepturile femeilor la na\u0219tere\u201d Timi\u0219oara 9 - 11 noiembrie 2023 Scopul conferin\u021bei este s\u0103 [...]                <\/div>\n            \n    \n                                    \n    \n    \n    \n    \n            \n                    \n            \n            \n\n    \n    \n    \n    \n    <a class=\"breakdance-link button-atom button-atom--custom ee-post-button\" href=\"https:\/\/moasele.ro\/en\/eveniment\/conferinta-ami-timisoara\/\" target=\"_self\" data-type=\"\"  >\n\n    \n        <span class=\"button-atom__text\">Read more<\/span>\n\n        \n        \n                <\/a>\n\n    \n\n\n\n\n            \n        <\/div>\n\n            <\/section>\n\n<\/div><div class=\"bde-posts-pagination bde-posts-navigation-numbers\"><ul><li class=\"bde-posts-navigation-numbers--active\"><a class=\"is-active\" href='https:\/\/moasele.ro\/en\/wp-json\/wp\/v2\/pages\/390\/'>1<\/a><\/li><li ><a  href='https:\/\/moasele.ro\/en\/wp-json\/wp\/v2\/pages\/390\/page\/2\/'>2<\/a><\/li><\/ul><\/div>\n<\/div><\/div>\n<\/section>","protected":false},"excerpt":{"rendered":"<p>Conferin\u021b\u0103 interna\u021bional\u0103 \u201eManifest pentru moa\u0219e \u0219i drepturile femeilor la na\u0219tere\u201d Timi\u0219oara 9 &#8211; 11 noiembrie 2023 Scopul conferin\u021bei este s\u0103 promoveze profesia de moa\u0219\u0103, educa\u021bia continu\u0103, rolul \u0219i integrarea moa\u0219elor \u00een echipa de \u00eengrijiri materno-infantile \u0219i, mai ales, drepturile femeilor la na\u0219tere.Totodat\u0103, organiz\u0103m \u00een cadrul conferin\u021bei ateliere de educa\u021bie \u0219i de practic\u0103 pentru personalul medical [&hellip;]<\/p>","protected":false},"author":148,"featured_media":0,"parent":0,"menu_order":0,"comment_status":"closed","ping_status":"closed","template":"","meta":{"_breakdance_hide_in_design_set":false,"_breakdance_tags":"","footnotes":""},"class_list":["post-390","page","type-page","status-publish","hentry"],"acf":[],"_links":{"self":[{"href":"https:\/\/moasele.ro\/en\/wp-json\/wp\/v2\/pages\/390","targetHints":{"allow":["GET"]}}],"collection":[{"href":"https:\/\/moasele.ro\/en\/wp-json\/wp\/v2\/pages"}],"about":[{"href":"https:\/\/moasele.ro\/en\/wp-json\/wp\/v2\/types\/page"}],"author":[{"embeddable":true,"href":"https:\/\/moasele.ro\/en\/wp-json\/wp\/v2\/users\/148"}],"replies":[{"embeddable":true,"href":"https:\/\/moasele.ro\/en\/wp-json\/wp\/v2\/comments?post=390"}],"version-history":[{"count":3,"href":"https:\/\/moasele.ro\/en\/wp-json\/wp\/v2\/pages\/390\/revisions"}],"predecessor-version":[{"id":394,"href":"https:\/\/moasele.ro\/en\/wp-json\/wp\/v2\/pages\/390\/revisions\/394"}],"wp:attachment":[{"href":"https:\/\/moasele.ro\/en\/wp-json\/wp\/v2\/media?parent=390"}],"curies":[{"name":"wp","href":"https:\/\/api.w.org\/{rel}","templated":true}]}}