{"id":581,"date":"2023-05-05T19:56:59","date_gmt":"2023-05-05T19:56:59","guid":{"rendered":"https:\/\/moasele.ro\/?page_id=581"},"modified":"2025-07-27T10:51:20","modified_gmt":"2025-07-27T08:51:20","slug":"regulament-tombola-conferinta-6-mai","status":"publish","type":"page","link":"https:\/\/moasele.ro\/en\/regulament-tombola-conferinta-6-mai\/","title":{"rendered":"regulament-tombola-conferinta-6-mai\/"},"content":{"rendered":"<section id=\"sp-ks8a8s\" class=\"sp-el-section\">\n<div id=\"sp-vw3kvy\" class=\"sp-el-row sm:sp-flex sp-w-full sp-m-auto sp-justify-between\">\n<div id=\"sp-d7wwwi\" class=\"sp-el-col sp-w-full\"><center><strong>Regulament<\/strong><br \/>\n<strong>Tombol\u0103 concurs Conferin\u021ba interna\u021bional\u0103 \u201eRolul moa\u0219ei \u00een s\u0103n\u0103tatea femeii. Realit\u0103\u021bi \u0219i perspective \u00een Rom\u00e2nia\u201d<\/strong><\/center><\/div>\n<\/div>\n<\/section>\n<section id=\"sp-fb6cpi\" class=\"sp-el-section\">\n<pre><\/pre>\n<div id=\"sp-bl999y\" class=\"sp-el-row sm:sp-flex sp-w-full sp-m-auto sp-justify-between\">\n<pre><\/pre>\n<div id=\"sp-tbbne0\" class=\"sp-el-col sp-w-full\">\n<pre><\/pre>\n<div id=\"sp-kx0m8n\" class=\"sp-css-target sp-text-wrapper sp-el-block sp-text-block-style sp-text-wrapper-kx0m8n\">\n<p><strong>Sec\u021biunea 1. Organizatorul tombolei<\/strong><\/p>\n<p>Tombola este organizat\u0103 de:<br \/>\n<strong>Independent Midwives Association<\/strong>, cu sediul \u00een mun. Buz\u0103u, str. Victoriei nr. 16, jud. Buz\u0103u, cu punct de lucru \u00een mun. Bucure\u0219ti, str. Marcel Iancu nr. 11, Sector 2, \u00eenregistrat\u0103 \u00een Registrul Na\u021bional al Funda\u021biilor \u0219i Asocia\u021biilor cu nr. 37\/10.05.2013, CUI 31853156, reprezentat\u0103 legal prin Melania Elena Tudose, \u00een calitate de Pre\u0219edinte.<\/p>\n<p>Tombola se va derula conform prevederilor prezentului Regulament, care este obligatoriu pentru to\u021bi participan\u021bii.<\/p>\n<p>Organizatorul \u00ee\u0219i rezerv\u0103 dreptul de a modifica sau schimba regulamentul, cu obliga\u021bia de a anun\u021ba publicul \u00een mod oficial, \u00een aceea\u0219i manier\u0103 \u00een care a f\u0103cut \u0219i informarea ini\u021bial\u0103.<\/p>\n<p><strong>Sec\u021biunea 2. Locul \u0219i durata desf\u0103\u0219ur\u0103rii tombolei<br \/>\n<\/strong>Tombola se va desf\u0103\u0219ura \u00een data de 6 mai \u0219i presupune includerea automat\u0103 a tuturor persoanelor care s-au \u00eenscris on-line prin link-ul\u00a0<a href=\"https:\/\/moasele.ro\/en\/inregistrare-conferinta-ami\/\">https:\/\/moasele.ro\/inregistrare-conferinta-ami\/<\/a>\u00a0pentru participarea fizic\u0103 \u00een cadrul evenimentului organizat de Asocia\u021bia Moa\u0219elor Independente Conferin\u021ba Interna\u021bional\u0103 ,,Rolul moa\u0219ei \u00een s\u0103n\u0103tatea femeii. Realit\u0103\u021bi \u0219i perspective \u00een Rom\u00e2nia\u201d \u0219i se vor afla \u00een sal\u0103 \u00een data de 6 mai, intervalul orar 10:00-18:00, la adresa din Bucure\u0219ti, Sector 1, Str. Ion Brezoianu nr. 23 &#8211; 25, Palatul Universul, Mezanin.<\/p>\n<p><strong>Sec\u021biunea 3. Drepturi \u0219i condi\u021bii de participare<br \/>\n<\/strong>Tombola este accesibil\u0103 tuturor persoanelor fizice majore de na\u021bionalitate rom\u00e2n\u0103, care respect\u0103 condi\u021biile prezentului Regulament pentru a-\u0219i valida participarea. Nu pot participa persoanele fizice minore, persoanele care particip\u0103 online, persoanele care nu au fost prezente fizic de la \u00eenceperea conferin\u021bei sau care nu s-au \u00eenscris p\u00e2n\u0103 la data limit\u0103, angaja\u021bii sau colaboratorii Organizatorului, speakerii de la eveniment \u0219i nici rudele de gradul I ale acestora.<\/p>\n<p>Participarea la aceast\u0103 tombol\u0103 are valoare de acceptare integral\u0103, liber consim\u021bit\u0103 \u0219i \u00een afara oric\u0103rei constr\u00e2ngeri a prevederilor prezentului Regulament. Dreptul de participare apar\u021bine \u00een exclusivitate participantului care \u00eendepline\u0219te condi\u021biile impuse de Regulament.<\/p>\n<p>Fiecare persoan\u0103 care se \u00eenscrie pentru participarea fizic\u0103 \u00een cadrul Conferin\u021bei interna\u021bionale\u00a0<strong>\u201eRolul moa\u0219ei \u00een s\u0103n\u0103tatea femeii. Realit\u0103\u021bi \u0219i perspective \u00een Rom\u00e2nia\u201d\u00a0<\/strong>\u0219i se afl\u0103 \u00een sal\u0103 este \u00eenscris\u0103 automat la tombola cu premii. Fiecare participant are dreptul la o singur\u0103 \u00eenscriere \u00een tombol\u0103. Participan\u021bii r\u0103spund de corectitudinea datelor introduse \u00een formularul de \u00eenscriere. Datele furnizate vor permite informarea participan\u021bilor asupra premiilor c\u00e2\u0219tigate \u0219i sunt necesare pentru validarea c\u00e2\u0219tig\u0103torilor.<\/p>\n<p>Dreptul de participare la tombol\u0103 este anulat automat \u00een situa\u021bia \u00een care o persoan\u0103 furnizeaz\u0103 date sau informa\u021bii false, eronate sau necorespunz\u0103toare \u00een completarea datelor personale de \u00eenscriere la eveniment.<\/p>\n<p>Premiile acordate nu pot fi \u00eenlocuite cu alte premii \u015fi nici nu se poate acorda contravaloarea acestora \u00een bani.<\/p>\n<p>\u00cen cazul \u00een care un c\u00e2\u015ftig\u0103tor refuz\u0103 premiul, acesta \u00ee\u015fi va pierde dreptul la premiul atribuit. Un Participant nu poate fi extras \u00een acela\u0219i timp c\u00e2\u0219tig\u0103tor pentru un premiu \u0219i rezerv\u0103 pentru oricare alt premiu.<\/p>\n<p>Organizatorul \u00ee\u0219i rezerv\u0103 dreptul de a anula \u00eenscrierile frauduloase, prin frauduloase \u00een\u021beleg\u00e2ndu-se \u00eenscrieri multiple, adrese de email nevalide, adrese de email temporare, folosite doar pentru a participa la concurs etc.<\/p>\n<p>\u00cen cazul \u00een care Organizatorul consider\u0103 c\u0103 o anumita participare este suspect\u0103 de frauda, \u00ee\u0219i rezerv\u0103 dreptul de a o anula, f\u0103r\u0103 a anun\u021ba \u00een prealabil participantul respectiv.<\/p>\n<p>Organizatorul consider\u0103 \u00eenscrierea la tombol\u0103 ca o acceptare implicit\u0103 a acestui Regulament \u0219i consider\u0103 c\u0103 orice date cu privire la participant, furnizate de acesta, sunt adev\u0103rate \u0219i corecte. \u00cen cazul descoperirii oric\u0103ror neconcordan\u021be referitoare la cele de mai sus, Organizatorul nu va considera respectiva participare valid\u0103 \u0219i va anula dreptul de a beneficia de premiu, f\u0103r\u0103 alte desp\u0103gubiri sau pl\u0103\u021bi.<\/p>\n<p><strong>Sec\u021biunea 4. Acordul de prelucrare \u0219i protec\u021bie a datelor personale<br \/>\n<\/strong>Participan\u021bii la tombol\u0103 prin \u00eenscriere sunt de acord cu prelucrarea datelor personale furnizate pentru organizarea conferin\u021bei, c\u00e2t \u0219i a tombolei.<\/p>\n<p>Prin participarea la tombola, participan\u021bii sunt de acord ca, \u00een cazul \u00een care vor c\u00e2\u015ftiga premiile concursului, identitatea c\u00e2\u0219tig\u0103torilor, premiile acordate, c\u00e2t \u0219i secven\u021bele filmate \u0219i\/sau fotografiate, din timpul evenimentului de c\u0103tre reprezentan\u021bii Organizatorului s\u0103 fie f\u0103cute publice \u015fi\/sau folosite \u00een scopuri de promovare\/publicitare \u00een scopul promov\u0103rii \u0219i populariz\u0103rii imaginii Organizatorului \u0219i a activit\u0103\u021bilor sale, f\u0103r\u0103 alte obliga\u0163ii sau pl\u0103\u0163i din partea Organizatorului.<\/p>\n<p>Tuturor participan\u021bilor le sunt garantate drepturile \u00een conformitate cu Legea 677\/2001 pentru protec\u021bia datelor personale cu privire la prelucrarea datelor cu caracter personal \u0219i libera circula\u021bie a acestor date, respectiv dreptul de informare, dreptul de acces la date, dreptul de interven\u021bie, dreptul de opozi\u021bie, dreptul de a nu fi supus unei decizii individuale \u0219i dreptul de a se adresa justi\u021biei.<\/p>\n<p>\u00centruc\u00e2t \u00eencep\u00e2nd cu 25 mai 2018 a intrat \u00een vigoare Regulamentul nr. 679 din 27 aprilie 2016 privind protec\u021bia persoanelor \u00een ceea ce prive\u0219te prelucrarea datelor cu caracter personal \u0219i privind libera circula\u021bie a acestor date \u0219i de abrogare a Directivei 95\/46\/CE, ASOCIA\u021aIA MOA\u0218ELOR INDEPENDENTE\u00a0 garanteaz\u0103 participan\u021bilor la tombol\u0103:<br \/>\na)\u00a0\u00a0Dreptul de acces la datele cu caracter personal prelucrate: ave\u021bi dreptul de a ob\u021bine o confirmare c\u0103 se prelucreaz\u0103 sau nu datele dumneavoastra cu caracter personal, \u0219i, \u00een caz afirmativ, ave\u021bi acces la tipul de date cu caracter personal \u0219i la condi\u021biile prelucr\u0103rii lor, prin formularea unei cereri \u00een acest sens c\u0103tre operator;<br \/>\nb)\u00a0\u00a0Dreptul de a cere rectificarea sau \u0219tergerea datelor cu caracter personal: ave\u021bi posibilitatea s\u0103 solicita\u021bi, prin trimiterea unei cereri \u00een acest sens c\u0103tre operator, rectificarea datelor cu caracter personal care sunt inexacte, suplimentarea datelor cu caracter personal \u00een situa\u021bia \u00een care sunt incomplete sau \u0219tergerea datelor cu caracter personal \u00een situa\u021biile \u00een care:<br \/>\n(i) datele cu caracter personal nu mai sunt necesare scopului lor ini\u021bial (\u0219i nu exist\u0103 un nou scop legal pentru prelucrare);<br \/>\n(ii) baza legal\u0103 a prelucr\u0103rii o reprezint\u0103 consim\u021b\u0103m\u00e2ntul persoanei vizate, iar persoana vizat\u0103 \u00ee\u0219i retrage consim\u021b\u0103m\u00e2ntul, \u0219i nu exist\u0103 niciun alt temei legal pentru prelucrare;<br \/>\n(iii) persoana vizat\u0103 \u00ee\u0219i exercit\u0103 dreptul la opozi\u021bie \u0219i operatorul nu are motive \u00een favoarea continu\u0103rii prelucr\u0103rii care prevaleaz\u0103; (iv) datele cu caracter personal au fost prelucrate ilegal; (v) \u0219tergerea este necesar\u0103 pentru respectarea legislatiei UE sau din Rom\u00e2nia; (vi) datele cu caracter personal au fost colectate \u00een leg\u0103tur\u0103 cu oferirea de servicii ale societ\u0103\u021bii informa\u021bionale c\u0103tre copii (dac\u0103 este cazul) pentru care consim\u021b\u0103m\u00e2ntul este guvernat de reguli speciale;<br \/>\nc)\u00a0\u00a0Dreptul de a solicita restric\u021bionarea prelucr\u0103rii: ave\u021bi dreptul s\u0103 ob\u021bine\u021bi restric\u021bionarea prelucr\u0103rii \u00een situa\u021biile \u00een care:<br \/>\n(i) considera\u021bi c\u0103 se prelucreaz\u0103 date cu caracter personal inexacte, pentru o perioad\u0103 care \u00eei permite operatorului s\u0103 verifice exactitatea datelor dumneavoastra cu caracter personal;<br \/>\n(ii) prelucrarea este ilegal\u0103, dar nu dori\u021bi \u0219tergerea datelor dumneavoastr\u0103 cu caracter personal, solicit\u00e2nd\u00a0 doar restric\u021bionarea utiliz\u0103rii lor;<br \/>\n(iii) \u00een situa\u021bia \u00een care operatorul nu mai are nevoie de datele dumneavoastr\u0103 cu caracter personal pentru prelucrarea lor \u00een scopurile men\u021bionate mai sus, dar dumneavoastr\u0103 solicita\u021bi datele pentru constatarea, exercitarea sau ap\u0103rarea unui drept \u00een instan\u021b\u0103 sau<br \/>\n(iv) dumneavoastr\u0103 v-a\u021bi opus prelucr\u0103rii, pentru intervalul de timp \u00een care se verific\u0103 dac\u0103 temeiurile legitime ale operatorului prevaleaz\u0103 asupra drepturilor persoanei vizate;<br \/>\nd)\u00a0 Dreptul de a v\u0103 retrage consim\u021b\u0103m\u00e2ntul pentru prelucrare, c\u00e2nd prelucrarea este bazat\u0103 pe consim\u021b\u0103m\u00e2ntul dumneavoastr\u0103, f\u0103r\u0103 a afecta legalitatea prelucr\u0103rii efectuate p\u00e2n\u0103 la momentul retragerii consim\u021b\u0103m\u00e2ntului;<br \/>\ne)\u00a0\u00a0Dreptul de a v\u0103 opune cu privire la prelucrarea datelor cu caracter personal din motive legate de situa\u021bia dumneavoastr\u0103 particular\u0103, atunci c\u00e2nd prelucrarea este \u00eentemeiat\u0103 pe un interes legitim \u0219i s\u0103 v\u0103 opune\u021bi \u00een orice moment la prelucrarea datelor cu caracter personal \u00een scopuri de marketing direct, inclusiv cre\u0103rii de profiluri;<br \/>\nf)\u00a0\u00a0Dreptul de a nu fi obiectul unei decizii bazate exclusiv pe prelucrare automatizat\u0103, inclusiv crearea de profiluri, care produce efecte juridice care privesc persoana vizat\u0103 sau o afecteaz\u0103 \u00een mod similar \u00eentr-o m\u0103sur\u0103 semnificativ\u0103;<br \/>\ng)\u00a0\u00a0Dreptul la portabilitatea datelor, \u0219i anume dreptul de a primi datele dumneavoastr\u0103 cu caracter personal, pe care le-a\u021bi furnizat Organizatorului \u00eentr-un format structurat, utilizat \u00een mod curent \u0219i care poate fi citit automat \u0219i dreptul de a transmite aceste date c\u0103tre un alt operator, \u00een situa\u021bia \u00een care prelucrarea se face \u00een baza consim\u021b\u0103m\u00e2ntului dumneavoastr\u0103 sau executarea unui contract \u0219i este efectuat\u0103 prin mijloace automate;<br \/>\nh) Dreptul de a depune o pl\u00e2ngere \u00een fa\u021ba Autorit\u0103\u021bii Na\u021bionale de Supraveghere a Prelucr\u0103rii Datelor cu Caracter Personal (ANSPDCP) \u0219i dreptul de a v\u0103 adresa instan\u021belor de judecat\u0103 competente.<\/p>\n<p>Exercitarea drepturilor men\u021bionate mai sus poate fi f\u0103cut\u0103 \u00een orice moment.<br \/>\n\u00cen vederea exercit\u0103rii acestor drepturi, v\u0103 rug\u0103m s\u0103 ne transmite\u021bi o notificare scris\u0103, datat\u0103 \u0219i semnat\u0103 sau \u00een format electronic la urm\u0103toarea adres\u0103 de e-mail:\u00a0<u>contact@moasele.ro<\/u>.<\/p>\n<p><strong>Sec\u021biunea 5. Mecanismul tombolei<br \/>\n<\/strong>Participan\u021bii vor afla de organizarea Tombolei de pe site-ul Asocia\u021biei Moa\u0219elor Independente\u00a0<a href=\"https:\/\/moasele.ro\/en\/\">moasele.ro.<\/a>, pagina evenimentului, \u0219i\/sau de pe canalele de sociale media ale Asocia\u021biei Moa\u0219elor Independente (<a href=\"https:\/\/www.facebook.com\/moasele.ro\">https:\/\/www.facebook.com\/moasele.ro<\/a>\u00a0\u0219i \u00a0<a href=\"https:\/\/www.instagram.com\/moasele.ro\/\">https:\/\/www.instagram.com\/moasele.ro\/<\/a>).<\/p>\n<p>\u00censcrierea la Tombol\u0103 se face automat, prin \u00eenscrierea prin link-ul\u00a0<a href=\"https:\/\/moasele.ro\/en\/inregistrare-conferinta-ami\/\">https:\/\/moasele.ro\/inregistrare-conferinta-ami\/<\/a>, pentru participarea \u00een sal\u0103 \u00een cadrul Conferin\u021bei interna\u021bionale \u201eRolul moa\u0219ei \u00een s\u0103n\u0103tatea femeii. Realit\u0103\u021bi \u0219i perspective \u00een Rom\u00e2nia\u201d. Data-limit\u0103 de \u00eenscriere este vineri, 5 mai, ora 16:00. \u00censcrierile se realizeaz\u0103 conform principiului \u201eprimul venit &#8211; primul servit\u201d. Organizatorul \u00ee\u0219i rezerv\u0103 dreptul de a nu mai lua \u00een calcul \u00eenscrierile efectuate dup\u0103 ce este atins\u0103 capacitatea maxim\u0103 a s\u0103lii \u00een care se organizeaz\u0103 conferin\u021ba (120 de locuri pe scaune). Acest moment poate ap\u0103rea \u00eenainte de data \u0219i ora limit\u0103 men\u021bionate anterior.<\/p>\n<p>Va fi desemnat un num\u0103r de 3 c\u00e2\u0219tig\u0103tori. Participan\u021bii vor fi tra\u0219i la sor\u021bi \u0219i c\u00e2\u0219tig\u0103torii vor fi anun\u021ba\u021bi \u00een mod direct, \u00een cadrul evenimentului.<\/p>\n<p><strong>Sec\u021biunea 6. Premiile tombolei<br \/>\n<\/strong>Premiile tombolei sunt urm\u0103toarele:<br \/>\n1 x Premiu scoic\u0103 MODUKID:\u00a0<a href=\"https:\/\/axkid.ro\/produs\/modukid-scoica\/\">https:\/\/axkid.ro\/produs\/modukid-scoica\/<\/a>.<br \/>\n1 x Premiu abonament \u0219i curs educa\u021bie prenatal\u0103 Na\u0219te cum sim\u021bi:\u00a0<a href=\"http:\/\/www.nastecumsimti.org\/moase-de-parinti\/\">http:\/\/www.nastecumsimti.org\/moase-de-parinti\/<\/a>.<br \/>\n1 x Premiu marsupiu ergonomic Manduca:\u00a0<a href=\"https:\/\/hiphip.ro\/products\/manduca-first-pepita-black\">https:\/\/hiphip.ro\/products\/manduca-first-pepita-black<\/a>.<\/p>\n<p>Valoarea total\u0103 a premiilor este de 2.699 de lei.<\/p>\n<p><strong>Sec\u021biunea 7. Desemnarea c\u00e2\u0219tig\u0103torilor. Notificarea \u0219i predarea premiului<br \/>\n<\/strong>Vor fi desemna\u021bi 3 c\u00e2\u0219tig\u0103tori prin tragere la sor\u021bi, fiecare pentru c\u00e2te un premiu.<\/p>\n<p>Tragerea la sor\u021bi se realizeaz\u0103 \u00een data de 6 mai, la finalul conferin\u021bei, prin intermediul www.random.org.<\/p>\n<p>C\u00e2\u0219tig\u0103torii vor fi anun\u021ba\u021bi \u00een direct \u00een sal\u0103, iar premiul se \u00eenm\u00e2neaz\u0103 la fa\u021ba locului prin prezentarea unui act de identitate.<\/p>\n<p>Fiecare participant are dreptul la un singur premiu.<\/p>\n<p>Pentru a fi valida\u021bi, c\u00e2\u0219tig\u0103torii trebuie s\u0103 r\u0103spund\u0103 la toate cerin\u021bele tombolei conform prezentului Regulament.<\/p>\n<p>Absen\u021ba de la preluarea premiului atrage pierderea dreptului de a revendica ulterior premiul \u0219i, \u00een acest caz, are loc o nou\u0103 extragere conform aceluia\u0219i mecanism.<\/p>\n<p>\u00cen cazul \u00een care c\u00e2\u0219tig\u0103torii a furnizat date de contact eronate\/incomplete, premiul se va acorda altui participant, ales prin acela\u0219i mecanism.<\/p>\n<p><strong>Sec\u021biunea 8. \u00cencetarea tombolei<br \/>\n<\/strong>Prezenta Tombol\u0103 va \u00eenceta de drept la data de 6 mai 2023.<\/p>\n<p>Organizatorul \u00ee\u0219i rezerv\u0103 dreptul de stopare a Tombolei \u00een orice moment al acesteia \u0219i\/sau schimbarea regulilor de participare, obligandu-se totodat\u0103 s\u0103 fac\u0103 public\u0103 hot\u0103rarea sa pe website-ul www.moasele.ro.<\/p>\n<p><strong>Sec\u021biunea 9. Regulamentul tombolei<br \/>\n<\/strong>Regulamentul este disponibil \u00een mod gratuit pe site-ul Asocia\u021biei Moa\u0219elor Independente \u2013 www. moasele.ro &#8211;\u00a0<a href=\"https:\/\/moasele.ro\/en\/regulament-tombola-conferinta-6-mai\/\">https:\/\/moasele.ro\/regulament-tombola-conferinta-6-mai\/<\/a>\u00a0\u0219i pe pagina destinat\u0103 Conferin\u021bei Interna\u021bionale \u201eRolul moa\u0219ei \u00een s\u0103n\u0103tatea femeii. Realit\u0103\u021bi \u0219i perspective \u00een Rom\u00e2nia\u201d &#8211;\u00a0<a href=\"https:\/\/moasele.ro\/en\/inregistrare-conferinta-ami\/\">https:\/\/moasele.ro\/inregistrare-conferinta-ami\/<\/a>.<\/p>\n<p>Prin participarea la aceast\u0103 tombol\u0103, participan\u021bii sunt de acord s\u0103 se conformeze acestui Regulament. Orice modific\u0103ri ale prezentului Regulament vor fi comunicate pe pagina evenimentului.<\/p>\n<p><strong>Sec\u021biunea 10. Litigii<\/strong><\/p>\n<p>\u00cen cazul unor litigii ap\u0103rute \u00eentre Organizator \u0219i participan\u021bii la tombol\u0103, acestea vor fi solu\u021bionate pe cale amiabil\u0103. Dac\u0103 nu este posibil\u0103 rezolvarea litigiilor pe cale amiabil\u0103, p\u0103r\u021bile implicate \u00een litigiu vor \u00eenainta litigiul spre solu\u021bionare instan\u021belor rom\u00e2ne competente din Bucure\u0219ti.<\/p>\n<p><strong>Sec\u021biunea 11. Dispozi\u021bii finale<\/strong><\/p>\n<p><strong>Organizatorul:<\/strong><\/p>\n<p>Este exonerat de orice r\u0103spundere pentru toate prejudiciile suferite de c\u0103tre participan\u021bi \u00een leg\u0103tur\u0103 cu premiul oferit, ulterior momentului prelu\u0103rii acestuia, indiferent de natura acestor prejudicii, incluz\u00e2nd dar f\u0103r\u0103 a se limita la v\u0103t\u0103m\u0103ri corporale \u0219i\/sau v\u0103t\u0103m\u0103ri ale s\u0103n\u0103t\u0103\u021bii, respectiv v\u0103t\u0103m\u0103ri sau daune aduse patrimoniilor.<\/p>\n<p>Nu este r\u0103spunz\u0103tor de eventualele prejudicii sau daune cauzate de c\u0103tre participan\u021bi unor ter\u021bi \u00een leg\u0103tur\u0103 cu premiul oferit, indiferent de natura acestor prejudicii.<\/p>\n<p>Nu \u00ee\u0219i asuma responsabilitatea \u00een urm\u0103toarele cazuri: &#8211; pentru \u00eenscrierile incomplete, inexacte sau incorecte, precum \u0219i pentru cele efectuate dup\u0103 expirarea perioadei de \u00eenscriere; pentru pierderile sau \u00eent\u00e2rzierile transmiterii \u00eenscrierilor \u00een campanie sau a mesajelor de r\u0103spuns, determinate de factori independen\u021bi de voin\u021b\u0103 sau controlul Organizatorului; &#8211; pentru \u00eentreruperile neanun\u021bate ale serviciului de Internet de c\u0103tre furnizorii proprii sau blocarea accesului intern din cauza aglomer\u0103rii re\u021belelor pe perioadele de trafic intens;<\/p>\n<p>Organizatorul \u00ee\u0219i asuma r\u0103spunderea numai \u00een ceea ce prive\u0219te desf\u0103\u0219urarea mecanismului de campanie \u0219i acordarea premiului.<\/p>\n<p><strong>Publicat \u00een data de 2 mai 2023.<\/strong><\/p>\n<p><strong>Independent Midwives Association\u00a0\u00a0\u00a0\u00a0\u00a0\u00a0\u00a0\u00a0\u00a0\u00a0\u00a0\u00a0\u00a0\u00a0\u00a0\u00a0\u00a0\u00a0\u00a0\u00a0\u00a0\u00a0\u00a0\u00a0\u00a0\u00a0\u00a0\u00a0<\/strong><\/p>\n<p>prin Pre\u0219edinte,<\/p>\n<p>Melania Elena Tudose<\/p>\n<\/div>\n<\/div>\n<\/div>\n<\/section>","protected":false},"excerpt":{"rendered":"<p>Regulament Tombol\u0103 concurs Conferin\u021ba interna\u021bional\u0103 \u201eRolul moa\u0219ei \u00een s\u0103n\u0103tatea femeii. Realit\u0103\u021bi \u0219i perspective \u00een Rom\u00e2nia\u201d Sec\u021biunea 1. Organizatorul tombolei Tombola este organizat\u0103 de: ASOCIA\u021aIA MOA\u0218ELOR INDEPENDENTE, cu sediul \u00een mun. Buz\u0103u, str. Victoriei nr. 16, jud. Buz\u0103u, cu punct de lucru \u00een mun. Bucure\u0219ti, str. Marcel Iancu nr. 11, Sector 2, \u00eenregistrat\u0103 \u00een Registrul Na\u021bional [&hellip;]<\/p>","protected":false},"author":148,"featured_media":0,"parent":0,"menu_order":0,"comment_status":"closed","ping_status":"closed","template":"","meta":{"_breakdance_hide_in_design_set":false,"_breakdance_tags":"","footnotes":""},"class_list":["post-581","page","type-page","status-publish","hentry"],"acf":[],"_links":{"self":[{"href":"https:\/\/moasele.ro\/en\/wp-json\/wp\/v2\/pages\/581","targetHints":{"allow":["GET"]}}],"collection":[{"href":"https:\/\/moasele.ro\/en\/wp-json\/wp\/v2\/pages"}],"about":[{"href":"https:\/\/moasele.ro\/en\/wp-json\/wp\/v2\/types\/page"}],"author":[{"embeddable":true,"href":"https:\/\/moasele.ro\/en\/wp-json\/wp\/v2\/users\/148"}],"replies":[{"embeddable":true,"href":"https:\/\/moasele.ro\/en\/wp-json\/wp\/v2\/comments?post=581"}],"version-history":[{"count":4,"href":"https:\/\/moasele.ro\/en\/wp-json\/wp\/v2\/pages\/581\/revisions"}],"predecessor-version":[{"id":3309,"href":"https:\/\/moasele.ro\/en\/wp-json\/wp\/v2\/pages\/581\/revisions\/3309"}],"wp:attachment":[{"href":"https:\/\/moasele.ro\/en\/wp-json\/wp\/v2\/media?parent=581"}],"curies":[{"name":"wp","href":"https:\/\/api.w.org\/{rel}","templated":true}]}}