{"id":595,"date":"2023-05-05T21:58:38","date_gmt":"2023-05-05T21:58:38","guid":{"rendered":"https:\/\/moasele.ro\/?page_id=595"},"modified":"2024-10-29T05:48:32","modified_gmt":"2024-10-29T05:48:32","slug":"grup-de-sprijin-si-informare","status":"publish","type":"page","link":"https:\/\/moasele.ro\/en\/grup-de-sprijin-si-informare\/","title":{"rendered":"Support and information group"},"content":{"rendered":"<div id=\"sp-bq0hth\" class=\"sp-el-row sm:sp-flex sp-w-full sp-m-auto sp-justify-between\">\n<div id=\"sp-b693l5\" class=\"sp-el-col sp-w-full\">\n<p>&nbsp;<\/p>\n<h1 id=\"sp-zbgclb\" class=\"sp-css-target sp-el-block sp-headline-block-zbgclb sp-type-header\" style=\"text-align: center;\">Support and information group<\/h1>\n<h4><strong>Toate \u00eenscrierile pentru Cursurile Prenatale \u0219i Postnatale Gratuite pentru p\u0103rin\u021bi \u0219i viitori p\u0103rin\u021bi se realizeaz\u0103 exclusiv pe <span style=\"color: #3366ff;\"><a style=\"color: #3366ff;\" href=\"https:\/\/moasele.ro\/en\/cursuri-gratuite-ami\/\" target=\"_blank\" rel=\"noopener\">aceast\u0103 pagin\u0103 \ud83d\udc49 Cursuri prenatale \u0219i postnatale gratuite pentru p\u0103rin\u021bi \u0219i viitori p\u0103rin\u021bi.<\/a><\/span><\/strong><\/h4>\n<p><strong>V\u0103 rug\u0103m s\u0103 folosi\u021bi pagina respectiv\u0103 pentru informa\u021bii actualizate despre cursuri, teme, calendarul din fiecare ora\u0219 \u0219i \u00eenscrieri.<\/strong><\/p>\n<div>\n<div>&#8211;<\/div>\n<div>Pregnancy and the postnatal period are full of emotions, questions and uncertainties for every woman both about her own body and about the best care for her newborn.<\/div>\n<\/div>\n<\/div>\n<\/div>\n<div id=\"sp-eaqp2j\" class=\"sp-el-row sm:sp-flex sp-w-full sp-m-auto sp-justify-between\">\n<div id=\"sp-ncall3\" class=\"sp-el-col sp-w-full\">\n<div id=\"sp-nq0qi8\" class=\"sp-css-target sp-text-wrapper sp-el-block sp-text-block-style sp-text-wrapper-nq0qi8\">\n<p>That is why we have created a safe and friendly place for pregnant women and new mothers to get the support, answers and useful information they need to move forward more confidently through the challenges of pregnancy and the postnatal period.<\/p>\n<p>\u00cen fiecare s\u0103pt\u0103m\u00e2n\u0103, colegele noastre, moa\u0219e licen\u021biate, consultan\u021bi \u00een al\u0103ptare IBCLC, educatori pre \u0219i postnatali, ajut\u0103 gravidele \u0219i proaspetele mame cu sprijin \u0219i informa\u021bii bazate pe dovezi \u0219i pe cele mai bune practici interna\u021bionale legate de al\u0103ptare, men\u021binerea lacta\u021biei \u00een cazul mamelor de prematuri\/copii cu nevoi speciale, \u00eengrijirea \u0219i purtarea bebelu\u0219ului, nevoile \u0219i recuperarea mamei dup\u0103 na\u0219tere, dar nu numai.<\/p>\n<\/div>\n<div id=\"sp-y09nl2\" class=\"sp-css-target sp-text-wrapper sp-el-block sp-text-block-style sp-text-wrapper-y09nl2\">\n<div dir=\"auto\">\n<div dir=\"auto\">The support and information group addresses, by rotation, the most important topics related to life after birth:<\/div>\n<div dir=\"auto\"><\/div>\n<div dir=\"auto\"><span class=\"x3nfvp2 x1j61x8r x1fcty0u xdj266r xhhsvwb xat24cr xgzva0m xxymvpz xlup9mm x1kky2od\"><img loading=\"lazy\" decoding=\"async\" class=\"xz74otr\" src=\"https:\/\/static.xx.fbcdn.net\/images\/emoji.php\/v9\/t7a\/1\/16\/31_20e3.png\" alt=\"1\ufe0f\u20e3\" width=\"16\" height=\"16\" \/><\/span> The best start to breastfeeding - how to prepare for breastfeeding and how to prevent and manage potential breastfeeding challenges.<\/div>\n<div dir=\"auto\"><span class=\"x3nfvp2 x1j61x8r x1fcty0u xdj266r xhhsvwb xat24cr xgzva0m xxymvpz xlup9mm x1kky2od\"><img loading=\"lazy\" decoding=\"async\" class=\"xz74otr\" src=\"https:\/\/static.xx.fbcdn.net\/images\/emoji.php\/v9\/t99\/1\/16\/32_20e3.png\" alt=\"2\ufe0f\u20e3\" width=\"16\" height=\"16\" \/><\/span> Meeting the newborn: what they look like and what to expect (physiological incidents of the newborn), alarm signals, baby's trousseau, mother's trousseau, maternity bag (what is strictly necessary, what is useful and what is contraindicated to use for us and the baby).<\/div>\n<div dir=\"auto\"><span class=\"x3nfvp2 x1j61x8r x1fcty0u xdj266r xhhsvwb xat24cr xgzva0m xxymvpz xlup9mm x1kky2od\"><img loading=\"lazy\" decoding=\"async\" class=\"xz74otr\" src=\"https:\/\/static.xx.fbcdn.net\/images\/emoji.php\/v9\/tb8\/1\/16\/33_20e3.png\" alt=\"3\ufe0f\u20e3\" width=\"16\" height=\"16\" \/><\/span> The first weeks at home with the baby - childcare (practical session with dolls).<\/div>\n<div dir=\"auto\"><span class=\"x3nfvp2 x1j61x8r x1fcty0u xdj266r xhhsvwb xat24cr xgzva0m xxymvpz xlup9mm x1kky2od\"><img loading=\"lazy\" decoding=\"async\" class=\"xz74otr\" src=\"https:\/\/static.xx.fbcdn.net\/images\/emoji.php\/v9\/td7\/1\/16\/34_20e3.png\" alt=\"4\ufe0f\u20e3\" width=\"16\" height=\"16\" \/><\/span> The couple's transition to life with the baby and the psycho-emotional health of new parents (mommy brain, baby blues, postpartum depression, postpartum psychosis), contraception in breastfeeding.<\/div>\n<div dir=\"auto\"><span class=\"x3nfvp2 x1j61x8r x1fcty0u xdj266r xhhsvwb xat24cr xgzva0m xxymvpz xlup9mm x1kky2od\"><img loading=\"lazy\" decoding=\"async\" class=\"xz74otr\" src=\"https:\/\/static.xx.fbcdn.net\/images\/emoji.php\/v9\/tf6\/1\/16\/35_20e3.png\" alt=\"5\ufe0f\u20e3\" width=\"16\" height=\"16\" \/><\/span> Benefits and safety of baby wearing in ergonomic wear systems (practical session with wear systems and dolls).<\/div>\n<div dir=\"auto\"><span class=\"x3nfvp2 x1j61x8r x1fcty0u xdj266r xhhsvwb xat24cr xgzva0m xxymvpz xlup9mm x1kky2od\"><img loading=\"lazy\" decoding=\"async\" class=\"xz74otr\" src=\"https:\/\/static.xx.fbcdn.net\/images\/emoji.php\/v9\/t15\/1\/16\/36_20e3.png\" alt=\"6\ufe0f\u20e3\" width=\"16\" height=\"16\" \/><\/span> Mother's recovery after childbirth (nutrition, food supplements, exercise).<\/div>\n<div dir=\"auto\"><span class=\"x3nfvp2 x1j61x8r x1fcty0u xdj266r xhhsvwb xat24cr xgzva0m xxymvpz xlup9mm x1kky2od\"><img loading=\"lazy\" decoding=\"async\" class=\"xz74otr\" src=\"https:\/\/static.xx.fbcdn.net\/images\/emoji.php\/v9\/t34\/1\/16\/37_20e3.png\" alt=\"7\ufe0f\u20e3\" width=\"16\" height=\"16\" \/><\/span> Baby safety (at home, sleeping, walking, travelling, in the car) and first aid measures.<br \/>\n<span class=\"x3nfvp2 x1j61x8r x1fcty0u xdj266r xhhsvwb xat24cr xgzva0m xxymvpz xlup9mm x1kky2od\"><img loading=\"lazy\" decoding=\"async\" class=\"xz74otr\" src=\"https:\/\/static.xx.fbcdn.net\/images\/emoji.php\/v9\/t53\/1\/16\/38_20e3.png\" alt=\"8\ufe0f\u20e3\" width=\"16\" height=\"16\" \/><\/span> Baby's early challenges (colic, intolerances, allergies, reflux, growth spurts, sucking strike) - how to identify and manage them.<\/div>\n<div dir=\"auto\"><\/div>\n<div dir=\"auto\"><strong>Sessions are FREE and dedicated to pregnant and new parents. <\/strong><\/div>\n<div dir=\"auto\">Au loc<strong> s\u0103pt\u0103m\u00e2nal, \u00een intervalul 18.30 &#8211; 20.30, la sediul Asocia\u021biei Moa\u0219elor Independente (str. Marcel Iancu 11, Sector 2, Bucure\u0219ti)<\/strong>\u00a0Sessions are held by our colleagues Livia Tobo\u0219aru, licensed midwife, birth story listener, lactation consultant (IBCLC), Lamaze prenatal educator, or Adina P\u0103un, licensed midwife, lactation consultant (IBCLC), pre and postnatal educator.<\/div>\n<\/div>\n<div dir=\"auto\">\n<p><strong>For the participation of the partner in at least 4 sessions, the childcare certificate is provided.<\/strong><\/p>\n<\/div>\n<p><a href=\"https:\/\/moasele.ro\/en\/cursuri-gratuite-ami\/\" target=\"_blank\" rel=\"noopener\">Register now!<\/a><\/p>\n<\/div>\n<\/div>\n<p>&nbsp;<\/p>\n<\/div>","protected":false},"excerpt":{"rendered":"<p>&nbsp; Grup de sprijin \u0219i informare Toate \u00eenscrierile pentru Cursurile Prenatale \u0219i Postnatale Gratuite pentru p\u0103rin\u021bi \u0219i viitori p\u0103rin\u021bi se realizeaz\u0103 exclusiv pe aceast\u0103 pagin\u0103 \ud83d\udc49 Cursuri prenatale \u0219i postnatale gratuite pentru p\u0103rin\u021bi \u0219i viitori p\u0103rin\u021bi. V\u0103 rug\u0103m s\u0103 folosi\u021bi pagina respectiv\u0103 pentru informa\u021bii actualizate despre cursuri, teme, calendarul din fiecare ora\u0219 \u0219i \u00eenscrieri. &#8211; [&hellip;]<\/p>","protected":false},"author":148,"featured_media":0,"parent":0,"menu_order":0,"comment_status":"closed","ping_status":"closed","template":"","meta":{"_breakdance_hide_in_design_set":false,"_breakdance_tags":"","footnotes":""},"class_list":["post-595","page","type-page","status-publish","hentry"],"acf":[],"_links":{"self":[{"href":"https:\/\/moasele.ro\/en\/wp-json\/wp\/v2\/pages\/595","targetHints":{"allow":["GET"]}}],"collection":[{"href":"https:\/\/moasele.ro\/en\/wp-json\/wp\/v2\/pages"}],"about":[{"href":"https:\/\/moasele.ro\/en\/wp-json\/wp\/v2\/types\/page"}],"author":[{"embeddable":true,"href":"https:\/\/moasele.ro\/en\/wp-json\/wp\/v2\/users\/148"}],"replies":[{"embeddable":true,"href":"https:\/\/moasele.ro\/en\/wp-json\/wp\/v2\/comments?post=595"}],"version-history":[{"count":43,"href":"https:\/\/moasele.ro\/en\/wp-json\/wp\/v2\/pages\/595\/revisions"}],"predecessor-version":[{"id":2192,"href":"https:\/\/moasele.ro\/en\/wp-json\/wp\/v2\/pages\/595\/revisions\/2192"}],"wp:attachment":[{"href":"https:\/\/moasele.ro\/en\/wp-json\/wp\/v2\/media?parent=595"}],"curies":[{"name":"wp","href":"https:\/\/api.w.org\/{rel}","templated":true}]}}